{"id":23319,"date":"2025-04-30T13:48:22","date_gmt":"2025-04-30T13:48:22","guid":{"rendered":"https:\/\/streetpower-rekond.se\/newsite\/?post_type=product&#038;p=23319"},"modified":"2025-04-30T13:48:22","modified_gmt":"2025-04-30T13:48:22","slug":"chemicalworkz-rotary","status":"publish","type":"product","link":"https:\/\/streetpower-rekond.se\/newsite\/sv\/product\/chemicalworkz-rotary\/","title":{"rendered":"chemicalworkz Rotary"},"content":{"rendered":"<p>V\u00e4lkommen till en v\u00e4rld av kompromissl\u00f6s roterande kraft \u2013 chemicalworkz\u00ae Rotary ut\u00f6kar Pro Polisher-serien och ger ren effektivitet till lacken. Utformad f\u00f6r dig som kr\u00e4ver absolut kontroll, maximal dragkraft och precist arbete.<\/p>\n<p>Rotary skapades f\u00f6r professionella detaljhanteringskrav och h\u00f6gsta prestanda. Med en kraftfull 1200-watts motor och stegl\u00f6st justerbar hastighet fr\u00e5n 450 till 1950 varv\/min erbjuder den dig det perfekta verktyget f\u00f6r exakt, kontrollerat och snabbt arbete. Perfekt f\u00f6r att ta bort djupa repor, korrigera lack eller polera p\u00e5 h\u00f6gsta niv\u00e5.<\/p>\n<p>Oavsett om det g\u00e4ller ny klarlack eller h\u00e5rt anv\u00e4nda ytor, visar denna polermaskin upp sina styrkor d\u00e4r roterande precision kr\u00e4vs. Tack vare den smidiga startkontrollen och den elektroniska hastighetsregleringen har du full kontroll \u00f6ver effekten i alla situationer.<\/p>\n<p>Den 8 meter l\u00e5nga, avtagbara mjuka kabeln garanterar maximal komfort, vilket ger dig maximal r\u00f6relsefrihet och enkel f\u00f6rvaring. Den ergonomiskt utformade designen ligger perfekt i handen, \u00e4ven vid l\u00e4ngre anv\u00e4ndningsperioder.<\/p>\n<p>Leveransomfattningen inkluderar tv\u00e5 st\u00f6ddynor (125 mm och 150 mm), en upps\u00e4ttning reservkolborstar, en nyckel f\u00f6r snabba byten av dynor och en robust b\u00e4rv\u00e4ska. Det betyder att du alltid \u00e4r redo f\u00f6r professionell fordonsf\u00f6rberedelse, oavsett om du \u00e4r i verkstaden eller p\u00e5 resande fot.<\/p>\n<p>chemicalworkz\u00ae Rotary \u2013 tillverkad f\u00f6r proffs. Byggd f\u00f6r resultat.<br \/>\nTekniska data:Effekt: 1200 watt<br \/>\nRotationshastighet: 450 &#8211; 1950 varv\/min<br \/>\nNav: Rotation<br \/>\nVikt: 2,28 kg (maskin utan st\u00f6drondell)<br \/>\nAvtagbar mjuk kabel: 8 m<br \/>\nSt\u00f6drondell: 1x 150mm, 1x 125mm<\/p>\n","protected":false},"excerpt":{"rendered":"<p>chemicalworkz roterande maskin skapades f\u00f6r professionella med h\u00f6gsta prestanda. Med en kraftfull 1200-watts motor och stegl\u00f6st justerbar hastighet fr\u00e5n 450 till 1950 varv\/min erbjuder den dig det perfekta verktyget f\u00f6r exakt, kontrollerat och snabbt arbete. Perfekt f\u00f6r att ta bort djupa repor, korrigera lack eller polera p\u00e5 h\u00f6gsta niv\u00e5.<\/p>\n","protected":false},"featured_media":23320,"comment_status":"open","ping_status":"closed","template":"","meta":[],"etheme_brands":[{"term_id":392,"name":"chemicalworkz","slug":"chemicalworkz","term_group":0,"term_taxonomy_id":392,"taxonomy":"brand","description":"","parent":0,"count":53,"filter":"raw"}],"product_brand":[367],"product_cat":[238],"product_tag":[],"class_list":{"0":"post-23319","1":"product","2":"type-product","3":"status-publish","4":"has-post-thumbnail","6":"brand-chemicalworkz","7":"product_brand-chemicalworkz","8":"product_cat-polermaskiner","10":"first","11":"instock","12":"taxable","13":"shipping-taxable","14":"purchasable","15":"product-type-simple"},"_links":{"self":[{"href":"https:\/\/streetpower-rekond.se\/newsite\/sv\/wp-json\/wp\/v2\/product\/23319","targetHints":{"allow":["GET"]}}],"collection":[{"href":"https:\/\/streetpower-rekond.se\/newsite\/sv\/wp-json\/wp\/v2\/product"}],"about":[{"href":"https:\/\/streetpower-rekond.se\/newsite\/sv\/wp-json\/wp\/v2\/types\/product"}],"replies":[{"embeddable":true,"href":"https:\/\/streetpower-rekond.se\/newsite\/sv\/wp-json\/wp\/v2\/comments?post=23319"}],"version-history":[{"count":2,"href":"https:\/\/streetpower-rekond.se\/newsite\/sv\/wp-json\/wp\/v2\/product\/23319\/revisions"}],"predecessor-version":[{"id":23325,"href":"https:\/\/streetpower-rekond.se\/newsite\/sv\/wp-json\/wp\/v2\/product\/23319\/revisions\/23325"}],"wp:featuredmedia":[{"embeddable":true,"href":"https:\/\/streetpower-rekond.se\/newsite\/sv\/wp-json\/wp\/v2\/media\/23320"}],"wp:attachment":[{"href":"https:\/\/streetpower-rekond.se\/newsite\/sv\/wp-json\/wp\/v2\/media?parent=23319"}],"wp:term":[{"taxonomy":"brand","embeddable":true,"href":"https:\/\/streetpower-rekond.se\/newsite\/sv\/wp-json\/wp\/v2\/etheme_brands?post=23319"},{"taxonomy":"product_brand","embeddable":true,"href":"https:\/\/streetpower-rekond.se\/newsite\/sv\/wp-json\/wp\/v2\/product_brand?post=23319"},{"taxonomy":"product_cat","embeddable":true,"href":"https:\/\/streetpower-rekond.se\/newsite\/sv\/wp-json\/wp\/v2\/product_cat?post=23319"},{"taxonomy":"product_tag","embeddable":true,"href":"https:\/\/streetpower-rekond.se\/newsite\/sv\/wp-json\/wp\/v2\/product_tag?post=23319"}],"curies":[{"name":"wp","href":"https:\/\/api.w.org\/{rel}","templated":true}]}}