{"id":23302,"date":"2025-04-25T10:24:51","date_gmt":"2025-04-25T10:24:51","guid":{"rendered":"https:\/\/streetpower-rekond.se\/newsite\/?post_type=product&#038;p=23302"},"modified":"2025-05-05T17:50:44","modified_gmt":"2025-05-05T17:50:44","slug":"chemicalworkz-da13-pro-750watt","status":"publish","type":"product","link":"https:\/\/streetpower-rekond.se\/newsite\/sv\/product\/chemicalworkz-da13-pro-750watt\/","title":{"rendered":"chemicalworkz\u00ae DA13 Pro 750watt"},"content":{"rendered":"<p>Oavsett om det g\u00e4ller st\u00f6tf\u00e5ngare, backspegelk\u00e5por, d\u00f6rrhandtag eller f\u00e4lgar \u2013 DA13 Pro \u00e4r det perfekta verktyget f\u00f6r exakta lackkorrigeringar p\u00e5 sm\u00e5 ytor. Den progressiva gasreglaget m\u00f6jligg\u00f6r k\u00e4nslig hastighetsreglering, medan den elektroniska hastighetsregleringen s\u00e4kerst\u00e4ller j\u00e4mn prestanda, \u00e4ven p\u00e5 k\u00e4nsliga ytor.<\/p>\n<p>Med en vikt p\u00e5 endast 2 kg ligger maskinen bekv\u00e4mt i handen . F\u00f6r \u00e4nnu mer flexibilitet ing\u00e5r tv\u00e5 st\u00f6drondeller \u2013 75 mm och 50 mm \u2013 s\u00e5 att du perfekt kan anpassa maskinen till ditt detaljerade arbete.<\/p>\n<p>Den h\u00f6gkvalitativa 8 meter l\u00e5nga mjuka kabeln garanterar obegr\u00e4nsad r\u00f6relsefrihet, medan det v\u00e4l genomt\u00e4nkta tillbeh\u00f6rssetet \u2013 inklusive reservkolborstar, verktyg och en b\u00e4rv\u00e4ska \u2013 g\u00f6r DA13 Pro till en p\u00e5litlig f\u00f6ljeslagare f\u00f6r alla professionella eller ambiti\u00f6sa entusiaster.<\/p>\n<p>Detaljkraft som inspirerar. F\u00f6r precisionsarbete d\u00e4r det verkligen g\u00e4ller.<br \/>\n.reng\u00f6ring .v\u00e5rd .kappa<\/p>\n<p>Tekniska data:<\/p>\n<p>Driftsp\u00e4nning: 230V \/ 50Hz<br \/>\nEffekt: 750 watt<br \/>\nHastighet: 2000\u20135500 varv\/min<br \/>\nSlagl\u00e4ngd: 13 mm<br \/>\nSt\u00f6drondell: 75 mm och 50 mm<br \/>\nVikt: 2 kg<br \/>\nKabell\u00e4ngd: 8 m (mjuk, avtagbar)<br \/>\nElektronisk farth\u00e5llare<br \/>\nProgressiv gasreglage<br \/>\nKompakt och ergonomisk design<br \/>\nLeveransomfattning:<\/p>\n<p>chemicalworkz\u00ae DA13 Pro polermaskin<br \/>\n75 mm och 50 mm st\u00f6drondeller<br \/>\n1x upps\u00e4ttning reservkolborstar<br \/>\n1x nyckel f\u00f6r byte av st\u00f6dplatta<br \/>\n1x 8m mjuk str\u00f6mkabel (avtagbar)<br \/>\n1x b\u00e4rv\u00e4ska<br \/>\n1x bruksanvisning<br \/>\nDrag<\/p>\n<p>Produkttyp polermaskin<br \/>\nPoleringsmaskintyp: excentrisk poleringsmaskin<br \/>\nSt\u00f6dplatta 75 mm<br \/>\nKabell\u00e4ngd 8 meter<br \/>\nEffekt 750 W<br \/>\nslagl\u00e4ngd 13 mm<\/p>\n","protected":false},"excerpt":{"rendered":"<p>chemicalworkz\u00ae DA13 Pro har utvecklats f\u00f6r dig som inte vill kompromissa med polering \u2013 s\u00e4rskilt i tr\u00e5nga och sv\u00e5r\u00e5tkomliga utrymmen. Med kraftfulla 750 W, 13 mm slagl\u00e4ngd och en variabel rotationshastighet p\u00e5 2000\u20135500 rpm kombinerar den imponerande prestanda med en kompakt design och maximal kontroll.<\/p>\n","protected":false},"featured_media":23305,"comment_status":"open","ping_status":"closed","template":"","meta":[],"etheme_brands":[{"term_id":392,"name":"chemicalworkz","slug":"chemicalworkz","term_group":0,"term_taxonomy_id":392,"taxonomy":"brand","description":"","parent":0,"count":53,"filter":"raw"}],"product_brand":[367],"product_cat":[238],"product_tag":[],"class_list":{"0":"post-23302","1":"product","2":"type-product","3":"status-publish","4":"has-post-thumbnail","6":"brand-chemicalworkz","7":"product_brand-chemicalworkz","8":"product_cat-polermaskiner","10":"first","11":"instock","12":"taxable","13":"shipping-taxable","14":"purchasable","15":"product-type-simple"},"_links":{"self":[{"href":"https:\/\/streetpower-rekond.se\/newsite\/sv\/wp-json\/wp\/v2\/product\/23302","targetHints":{"allow":["GET"]}}],"collection":[{"href":"https:\/\/streetpower-rekond.se\/newsite\/sv\/wp-json\/wp\/v2\/product"}],"about":[{"href":"https:\/\/streetpower-rekond.se\/newsite\/sv\/wp-json\/wp\/v2\/types\/product"}],"replies":[{"embeddable":true,"href":"https:\/\/streetpower-rekond.se\/newsite\/sv\/wp-json\/wp\/v2\/comments?post=23302"}],"version-history":[{"count":1,"href":"https:\/\/streetpower-rekond.se\/newsite\/sv\/wp-json\/wp\/v2\/product\/23302\/revisions"}],"predecessor-version":[{"id":23306,"href":"https:\/\/streetpower-rekond.se\/newsite\/sv\/wp-json\/wp\/v2\/product\/23302\/revisions\/23306"}],"wp:featuredmedia":[{"embeddable":true,"href":"https:\/\/streetpower-rekond.se\/newsite\/sv\/wp-json\/wp\/v2\/media\/23305"}],"wp:attachment":[{"href":"https:\/\/streetpower-rekond.se\/newsite\/sv\/wp-json\/wp\/v2\/media?parent=23302"}],"wp:term":[{"taxonomy":"brand","embeddable":true,"href":"https:\/\/streetpower-rekond.se\/newsite\/sv\/wp-json\/wp\/v2\/etheme_brands?post=23302"},{"taxonomy":"product_brand","embeddable":true,"href":"https:\/\/streetpower-rekond.se\/newsite\/sv\/wp-json\/wp\/v2\/product_brand?post=23302"},{"taxonomy":"product_cat","embeddable":true,"href":"https:\/\/streetpower-rekond.se\/newsite\/sv\/wp-json\/wp\/v2\/product_cat?post=23302"},{"taxonomy":"product_tag","embeddable":true,"href":"https:\/\/streetpower-rekond.se\/newsite\/sv\/wp-json\/wp\/v2\/product_tag?post=23302"}],"curies":[{"name":"wp","href":"https:\/\/api.w.org\/{rel}","templated":true}]}}