{"id":22867,"date":"2025-03-24T16:47:09","date_gmt":"2025-03-24T16:47:09","guid":{"rendered":"https:\/\/streetpower-rekond.se\/newsite\/?post_type=product&#038;p=22867"},"modified":"2025-03-30T12:35:36","modified_gmt":"2025-03-30T12:35:36","slug":"foen-gentleman-185ml","status":"publish","type":"product","link":"https:\/\/streetpower-rekond.se\/newsite\/sv\/product\/foen-gentleman-185ml\/","title":{"rendered":"FOEN GENTLEMAN 185ML"},"content":{"rendered":"<p>Fira alla m\u00f6jliga aspekter av maskulinitet! Gentleman-parfymen betonar naturligtvis styrka och sj\u00e4lvf\u00f6rtroende, och den sl\u00e5ende retrodoften passar perfekt i b\u00e5de fordon s\u00e5v\u00e4l som bostads- och kommersiella utrymmen. Satsa p\u00e5 en kombination av testosteron, styrka och gott uppf\u00f6rande, allt g\u00f6mt i ett litet paket med en dispenser. Basnot: patchouli<\/p>\n<p>Patchouli \u00e4r en unik, tropisk v\u00e4xt med en mycket karakteristisk, l\u00e4tt s\u00f6t arom. Tack vare detta sticker hela kompositionen ut med en tr\u00e4ig, l\u00e4tt jordig ton. Patchouli, kombinerat med sandeltr\u00e4 och b\u00e4rnsten, gjorde det m\u00f6jligt f\u00f6r oss att uppn\u00e5 ett starkt, avg\u00f6rande och orientaliskt ackord, som p\u00e5minner om aromen av kryddor eller r\u00f6k fr\u00e5n en liten eld.<\/p>\n<p>Hj\u00e4rtnot: cappuccino<br \/>\nDoften av kaffe kombinerar tv\u00e5 till synes motstridiga egenskaper: den skapar en atmosf\u00e4r av lugn och avslappning, samtidigt som den stimulerar till handling. Genom att berika v\u00e5r komposition med en cappuccinoarom fick parfymen underbart att stimulera sinnena och skapa en unik st\u00e4mning.<\/p>\n<p>Toppnot: bergamott<br \/>\n\u00c4ven om det ser ut som en lime, luktar bergamott helt annorlunda. Den tillh\u00f6r de sura, bittra och syrliga tonerna. Denna orientaliska variant av bitter apelsin fick Scent Finisher Gentleman att fr\u00e4scha upp underbart och ger det v\u00e4lbeh\u00f6vliga andrum. Skapa en lyxig, \u00e4del och framst\u00e5ende aura i din interi\u00f6r, som p\u00e5minner om atmosf\u00e4ren i gamla herrklubbar. Satsa p\u00e5 en lugn och charmig blommig och tr\u00e4ig doft som harmoniserar perfekt med den uppfriskande, citrusiga noten av bergamott. Uppt\u00e4ck produkterna fr\u00e5n Scent Finisher-serien och s\u00e4tt pricken \u00f6ver i:et p\u00e5 v\u00e5rden av din bil, hem och kontor. Applicering: F\u00f6r att bibeh\u00e5lla en fr\u00e4sch doft rekommenderar vi 7 sprayer om dagen mot den fr\u00e4scha ytan.<\/p>\n<p><iframe title=\"FOEN - Fragnance, that inspires\" width=\"1170\" height=\"658\" src=\"https:\/\/www.youtube.com\/embed\/qrf3t7UNMKk?feature=oembed\" frameborder=\"0\" allow=\"accelerometer; autoplay; clipboard-write; encrypted-media; gyroscope; picture-in-picture; web-share\" referrerpolicy=\"strict-origin-when-cross-origin\" allowfullscreen><\/iframe><\/p>\n","protected":false},"excerpt":{"rendered":"<p>En sl\u00e5ende doft i retrostil, perfekt f\u00f6r interi\u00f6rer och fordon.<\/p>\n","protected":false},"featured_media":22868,"comment_status":"open","ping_status":"closed","template":"","meta":[],"etheme_brands":[{"term_id":411,"name":"FOEN","slug":"foen","term_group":0,"term_taxonomy_id":411,"taxonomy":"brand","description":"","parent":0,"count":4,"filter":"raw"}],"product_brand":[421],"product_cat":[407],"product_tag":[],"class_list":{"0":"post-22867","1":"product","2":"type-product","3":"status-publish","4":"has-post-thumbnail","6":"brand-foen","7":"product_brand-foen","8":"product_cat-dofter-foen","10":"first","11":"instock","12":"sale","13":"taxable","14":"shipping-taxable","15":"purchasable","16":"product-type-simple"},"_links":{"self":[{"href":"https:\/\/streetpower-rekond.se\/newsite\/sv\/wp-json\/wp\/v2\/product\/22867","targetHints":{"allow":["GET"]}}],"collection":[{"href":"https:\/\/streetpower-rekond.se\/newsite\/sv\/wp-json\/wp\/v2\/product"}],"about":[{"href":"https:\/\/streetpower-rekond.se\/newsite\/sv\/wp-json\/wp\/v2\/types\/product"}],"replies":[{"embeddable":true,"href":"https:\/\/streetpower-rekond.se\/newsite\/sv\/wp-json\/wp\/v2\/comments?post=22867"}],"version-history":[{"count":4,"href":"https:\/\/streetpower-rekond.se\/newsite\/sv\/wp-json\/wp\/v2\/product\/22867\/revisions"}],"predecessor-version":[{"id":23179,"href":"https:\/\/streetpower-rekond.se\/newsite\/sv\/wp-json\/wp\/v2\/product\/22867\/revisions\/23179"}],"wp:featuredmedia":[{"embeddable":true,"href":"https:\/\/streetpower-rekond.se\/newsite\/sv\/wp-json\/wp\/v2\/media\/22868"}],"wp:attachment":[{"href":"https:\/\/streetpower-rekond.se\/newsite\/sv\/wp-json\/wp\/v2\/media?parent=22867"}],"wp:term":[{"taxonomy":"brand","embeddable":true,"href":"https:\/\/streetpower-rekond.se\/newsite\/sv\/wp-json\/wp\/v2\/etheme_brands?post=22867"},{"taxonomy":"product_brand","embeddable":true,"href":"https:\/\/streetpower-rekond.se\/newsite\/sv\/wp-json\/wp\/v2\/product_brand?post=22867"},{"taxonomy":"product_cat","embeddable":true,"href":"https:\/\/streetpower-rekond.se\/newsite\/sv\/wp-json\/wp\/v2\/product_cat?post=22867"},{"taxonomy":"product_tag","embeddable":true,"href":"https:\/\/streetpower-rekond.se\/newsite\/sv\/wp-json\/wp\/v2\/product_tag?post=22867"}],"curies":[{"name":"wp","href":"https:\/\/api.w.org\/{rel}","templated":true}]}}