{"id":22863,"date":"2025-03-24T16:42:02","date_gmt":"2025-03-24T16:42:02","guid":{"rendered":"https:\/\/streetpower-rekond.se\/newsite\/?post_type=product&#038;p=22863"},"modified":"2025-03-30T12:35:39","modified_gmt":"2025-03-30T12:35:39","slug":"foen-soul-185ml","status":"publish","type":"product","link":"https:\/\/streetpower-rekond.se\/newsite\/sv\/product\/foen-soul-185ml\/","title":{"rendered":"FOEN SOUL 185ML"},"content":{"rendered":"<p>Lyssna djupt inom dig sj\u00e4lv och s\u00f6k efter en doft som, som ingen annan, kommer att lugna din sj\u00e4l och ge dig en k\u00e4nsla av exceptionell harmoni. Foen Soul \u00e4r en unik komposition som b\u00f6rjar med klimatet av solig citrus, bara f\u00f6r att leda dig till doften av en ros neds\u00e4nkt i b\u00e4rnsten. Kulmen kommer att vara en otroligt sensuell mysk omgiven av blommor som kommer att f\u00f6rtrolla dina sinnen med en m\u00e4ngd sensationer.<\/p>\n<p>Basnot: Blommor.<br \/>\nBlommor \u00e4r utan tvekan den mest popul\u00e4ra och mest omtyckta parfymingrediensen. R\u00e4tt kombination av arter g\u00f6r det m\u00f6jligt att uppn\u00e5 \u00f6nskad effekt: mildhet, s\u00f6tma eller sensualitet. I v\u00e5r komposition dominerar delikata, blommiga accenter, berikade med en mycket sensuell mysknot.<\/p>\n<p>Hj\u00e4rtnot: Kryddor.<br \/>\n\u00d6rtiga, kryddiga och l\u00e4tt pikanta toner framkallar positiva k\u00e4nslor och tillf\u00f6r energi. De \u00e4r ocks\u00e5 f\u00f6rknippade med exotiska expeditioner, vilket f\u00f6rs\u00e4tter oss i ett tillst\u00e5nd av trevlig avkoppling. L\u00e4gger vi den tidl\u00f6sa, f\u00f6rf\u00f6riska rosen och den lugnande havsbrisen till detta f\u00e5r vi en komposition som djupt ber\u00f6r varje h\u00f6rn av den m\u00e4nskliga sj\u00e4len.<\/p>\n<p>Toppnot: Citrus.<br \/>\nUppfriskande, energisk citrus \u00e4r en fantastisk fl\u00e4kt av friskhet och ett element som ger en perfekt motvikt till blommors s\u00f6tma och kryddornas sk\u00e4rpa. Tack vare dem \u00e4r helheten perfekt balanserad och otroligt st\u00e4mningsfull. Den perfekt balanserade doften av Foen Souls Scent Finisher \u00e4r ett f\u00f6rslag som alla som gillar att vistas i harmoniska och utstr\u00e5lande positiv energi interi\u00f6rer kommer att \u00e4lska. V\u00e5r doft kommer att svepa in dig i behaglig v\u00e4rme, s\u00e5 att du kan rensa dina tankar, slappna av och minska stressniv\u00e5erna.<br \/>\nAnv\u00e4ndning: F\u00f6r att bibeh\u00e5lla en fr\u00e4sch doft rekommenderar vi 7 sprayningar dagligen mot den fr\u00e4scha ytan.<\/p>\n<p><iframe title=\"FOEN - Fragnance, that inspires\" width=\"1170\" height=\"658\" src=\"https:\/\/www.youtube.com\/embed\/qrf3t7UNMKk?feature=oembed\" frameborder=\"0\" allow=\"accelerometer; autoplay; clipboard-write; encrypted-media; gyroscope; picture-in-picture; web-share\" referrerpolicy=\"strict-origin-when-cross-origin\" allowfullscreen><\/iframe><\/p>\n","protected":false},"excerpt":{"rendered":"<p>En doft som kommer att dekorera varje interi\u00f6r med naturens friskhet.<\/p>\n","protected":false},"featured_media":22864,"comment_status":"open","ping_status":"closed","template":"","meta":[],"etheme_brands":[{"term_id":411,"name":"FOEN","slug":"foen","term_group":0,"term_taxonomy_id":411,"taxonomy":"brand","description":"","parent":0,"count":4,"filter":"raw"}],"product_brand":[421],"product_cat":[407],"product_tag":[],"class_list":{"0":"post-22863","1":"product","2":"type-product","3":"status-publish","4":"has-post-thumbnail","6":"brand-foen","7":"product_brand-foen","8":"product_cat-dofter-foen","10":"first","11":"instock","12":"sale","13":"taxable","14":"shipping-taxable","15":"purchasable","16":"product-type-simple"},"_links":{"self":[{"href":"https:\/\/streetpower-rekond.se\/newsite\/sv\/wp-json\/wp\/v2\/product\/22863","targetHints":{"allow":["GET"]}}],"collection":[{"href":"https:\/\/streetpower-rekond.se\/newsite\/sv\/wp-json\/wp\/v2\/product"}],"about":[{"href":"https:\/\/streetpower-rekond.se\/newsite\/sv\/wp-json\/wp\/v2\/types\/product"}],"replies":[{"embeddable":true,"href":"https:\/\/streetpower-rekond.se\/newsite\/sv\/wp-json\/wp\/v2\/comments?post=22863"}],"version-history":[{"count":5,"href":"https:\/\/streetpower-rekond.se\/newsite\/sv\/wp-json\/wp\/v2\/product\/22863\/revisions"}],"predecessor-version":[{"id":23175,"href":"https:\/\/streetpower-rekond.se\/newsite\/sv\/wp-json\/wp\/v2\/product\/22863\/revisions\/23175"}],"wp:featuredmedia":[{"embeddable":true,"href":"https:\/\/streetpower-rekond.se\/newsite\/sv\/wp-json\/wp\/v2\/media\/22864"}],"wp:attachment":[{"href":"https:\/\/streetpower-rekond.se\/newsite\/sv\/wp-json\/wp\/v2\/media?parent=22863"}],"wp:term":[{"taxonomy":"brand","embeddable":true,"href":"https:\/\/streetpower-rekond.se\/newsite\/sv\/wp-json\/wp\/v2\/etheme_brands?post=22863"},{"taxonomy":"product_brand","embeddable":true,"href":"https:\/\/streetpower-rekond.se\/newsite\/sv\/wp-json\/wp\/v2\/product_brand?post=22863"},{"taxonomy":"product_cat","embeddable":true,"href":"https:\/\/streetpower-rekond.se\/newsite\/sv\/wp-json\/wp\/v2\/product_cat?post=22863"},{"taxonomy":"product_tag","embeddable":true,"href":"https:\/\/streetpower-rekond.se\/newsite\/sv\/wp-json\/wp\/v2\/product_tag?post=22863"}],"curies":[{"name":"wp","href":"https:\/\/api.w.org\/{rel}","templated":true}]}}