{"id":22858,"date":"2025-03-24T16:26:50","date_gmt":"2025-03-24T16:26:50","guid":{"rendered":"https:\/\/streetpower-rekond.se\/newsite\/?post_type=product&#038;p=22858"},"modified":"2025-03-30T12:35:42","modified_gmt":"2025-03-30T12:35:42","slug":"foen-glamour-185ml","status":"publish","type":"product","link":"https:\/\/streetpower-rekond.se\/newsite\/sv\/product\/foen-glamour-185ml\/","title":{"rendered":"FOEN GLAMOUR 185ML"},"content":{"rendered":"<p>Charm och stil \u00e4r tv\u00e5 symboler f\u00f6r en modern kvinna, s\u00e5v\u00e4l som huvudtemat f\u00f6r inredningsdoften Foen Glamour. Dansen b\u00f6rjar med citrus med en skarpare ton av peppar och muskot, och sedan \u00f6verg\u00e5r det hela till mer subtila och s\u00f6ta blomtoner med tillsats av vanilj och cedertr\u00e4. Det hela kompletteras av mysk, som tillf\u00f6r en f\u00f6rf\u00f6risk karakt\u00e4r till kompositionen, som utstr\u00e5lar sensualitet och feminin energi.<\/p>\n<p>Basnot: mysk<br \/>\nDen tunga, sensuella doften av mysk stimulerar fantasin och f\u00f6rs\u00e4tter alla i ett saligt, f\u00f6rtjusande hum\u00f6r. Inte utan anledning anses denna ingrediens vara en av de starkaste afrodisiaka! Dessutom f\u00f6rst\u00e4rker mysk doften av andra dofter, vilket g\u00f6r hela kompositionen mer intensiv och uttrycksfull.<\/p>\n<p>Hj\u00e4rtnot: iris<br \/>\nIris \u00e4r en spektakul\u00e4r v\u00e5rblomma, som doften njuter av sin m\u00e5ngfald. \u00c5 ena sidan lockar den med en kr\u00e4mig, pudrig arom, \u00e5 andra sidan inneh\u00e5ller den tr\u00e4iga, jordiga och l\u00e4tt fuktiga toner. I kombination med s\u00f6t vanilj, f\u00f6rf\u00f6risk jasmin och n\u00e5got exotiskt cedertr\u00e4 skapar det en fantastisk fest f\u00f6r sinnena.<\/p>\n<p>Toppnot: mandarin<br \/>\nVarje kvinna har b\u00e5de en s\u00f6t och en mer rovgirig sida, s\u00e5 Glamour-doften m\u00e5ste ocks\u00e5 representera denna dualism. Kombinationen av uppfriskande citrus och distinkta, kryddiga kryddor g\u00f6r att hela kompositionen f\u00e5r karakt\u00e4r och f\u00f6rkroppsligar stark femininitet.<\/p>\n<p>Doftfinishen Foen Glamour med ett sensuellt och f\u00f6rf\u00f6riskt ansikte kommer att fungera perfekt i feminina utrymmen och interi\u00f6rer som \u00e4r t\u00e4nkta att ge ett varmt, mysigt men \u00e4nd\u00e5 lyxigt intryck. Oavsett om du anv\u00e4nder den i en bil, i hemmet eller p\u00e5 kontoret kan du vara s\u00e4ker p\u00e5 att denna doft hj\u00e4lper dig att skapa en helt unik, mycket positiv och energisk atmosf\u00e4r. Applicering: F\u00f6r att bibeh\u00e5lla en fr\u00e4sch doft rekommenderar vi 7 sprayer om dagen mot den fr\u00e4scha ytan.<\/p>\n<p><iframe title=\"FOEN - Fragnance, that inspires\" width=\"1170\" height=\"658\" src=\"https:\/\/www.youtube.com\/embed\/qrf3t7UNMKk?feature=oembed\" frameborder=\"0\" allow=\"accelerometer; autoplay; clipboard-write; encrypted-media; gyroscope; picture-in-picture; web-share\" referrerpolicy=\"strict-origin-when-cross-origin\" allowfullscreen><\/iframe><\/p>\n","protected":false},"excerpt":{"rendered":"<p>En s\u00f6t citrusarom f\u00f6rst\u00e4rkt med mysk.<\/p>\n","protected":false},"featured_media":22859,"comment_status":"open","ping_status":"closed","template":"","meta":[],"etheme_brands":[{"term_id":411,"name":"FOEN","slug":"foen","term_group":0,"term_taxonomy_id":411,"taxonomy":"brand","description":"","parent":0,"count":4,"filter":"raw"}],"product_brand":[421],"product_cat":[407],"product_tag":[],"class_list":{"0":"post-22858","1":"product","2":"type-product","3":"status-publish","4":"has-post-thumbnail","6":"brand-foen","7":"product_brand-foen","8":"product_cat-dofter-foen","10":"first","11":"instock","12":"sale","13":"taxable","14":"shipping-taxable","15":"purchasable","16":"product-type-simple"},"_links":{"self":[{"href":"https:\/\/streetpower-rekond.se\/newsite\/sv\/wp-json\/wp\/v2\/product\/22858","targetHints":{"allow":["GET"]}}],"collection":[{"href":"https:\/\/streetpower-rekond.se\/newsite\/sv\/wp-json\/wp\/v2\/product"}],"about":[{"href":"https:\/\/streetpower-rekond.se\/newsite\/sv\/wp-json\/wp\/v2\/types\/product"}],"replies":[{"embeddable":true,"href":"https:\/\/streetpower-rekond.se\/newsite\/sv\/wp-json\/wp\/v2\/comments?post=22858"}],"version-history":[{"count":4,"href":"https:\/\/streetpower-rekond.se\/newsite\/sv\/wp-json\/wp\/v2\/product\/22858\/revisions"}],"predecessor-version":[{"id":23177,"href":"https:\/\/streetpower-rekond.se\/newsite\/sv\/wp-json\/wp\/v2\/product\/22858\/revisions\/23177"}],"wp:featuredmedia":[{"embeddable":true,"href":"https:\/\/streetpower-rekond.se\/newsite\/sv\/wp-json\/wp\/v2\/media\/22859"}],"wp:attachment":[{"href":"https:\/\/streetpower-rekond.se\/newsite\/sv\/wp-json\/wp\/v2\/media?parent=22858"}],"wp:term":[{"taxonomy":"brand","embeddable":true,"href":"https:\/\/streetpower-rekond.se\/newsite\/sv\/wp-json\/wp\/v2\/etheme_brands?post=22858"},{"taxonomy":"product_brand","embeddable":true,"href":"https:\/\/streetpower-rekond.se\/newsite\/sv\/wp-json\/wp\/v2\/product_brand?post=22858"},{"taxonomy":"product_cat","embeddable":true,"href":"https:\/\/streetpower-rekond.se\/newsite\/sv\/wp-json\/wp\/v2\/product_cat?post=22858"},{"taxonomy":"product_tag","embeddable":true,"href":"https:\/\/streetpower-rekond.se\/newsite\/sv\/wp-json\/wp\/v2\/product_tag?post=22858"}],"curies":[{"name":"wp","href":"https:\/\/api.w.org\/{rel}","templated":true}]}}