{"id":22852,"date":"2025-03-24T14:46:45","date_gmt":"2025-03-24T14:46:45","guid":{"rendered":"https:\/\/streetpower-rekond.se\/newsite\/?post_type=product&#038;p=22852"},"modified":"2025-04-05T11:32:22","modified_gmt":"2025-04-05T11:32:22","slug":"foen-mr-boss-185-ml","status":"publish","type":"product","link":"https:\/\/streetpower-rekond.se\/newsite\/sv\/product\/foen-mr-boss-185-ml\/","title":{"rendered":"FOEN MR. BOSS 185 ML"},"content":{"rendered":"<p>Basnot: cedertr\u00e4.<br \/>\nCedertr\u00e4 har ett s\u00f6tt och balsamiskt ackord, samtidigt l\u00e4tt och varaktigt. Det ger parfymen en extraordin\u00e4r klass och elegans, vilket skapar en varm och mysig atmosf\u00e4r i interi\u00f6rer som bidrar till avkoppling och avkoppling.<\/p>\n<p>Hj\u00e4rtnot: mahogny.<br \/>\nMahognytr\u00e4 \u00e4r fr\u00e4mst k\u00e4nt f\u00f6r sin anm\u00e4rkningsv\u00e4rda sk\u00f6nhet, men hemligheten med detta material \u00e4r inte bara dess vackra utseende utan ocks\u00e5 dess unika doft. Dess starka balsamiska arom har en regenererande effekt, och vi har f\u00f6rst\u00e4rkt denna effekt ytterligare genom att berika sammans\u00e4ttningen med tillsats av kanel och kryddnejlika.<\/p>\n<p>Toppnot: \u00e4pple.<br \/>\nSaftigt, s\u00f6tt \u00e4pple v\u00e4cker nostalgi f\u00f6r barndomen samtidigt som det uppmanar till handling och aktivitet. I kombination med exotisk bergamott, k\u00e4nnetecknad av en bitter, l\u00e4tt syrlig och syrlig arom, bildar den en exceptionellt sammanh\u00e4ngande och energisk komposition. Uppt\u00e4ck produkten fr\u00e5n Scent Finisher-linjen, l\u00e4mplig f\u00f6r daglig v\u00e5rd av bilinteri\u00f6rer och l\u00e4genheter. Den fr\u00e4scha maskulina doften \u00e4r en uppvisning av kraft och energi, som betonar sann karakt\u00e4rsstyrka. Applicering: F\u00f6r att bibeh\u00e5lla en fr\u00e4sch doft rekommenderar vi 7 sprayningar dagligen mot den fr\u00e4scha ytan.<\/p>\n<p><iframe title=\"FOEN - Fragnance, that inspires\" width=\"1170\" height=\"658\" src=\"https:\/\/www.youtube.com\/embed\/qrf3t7UNMKk?feature=oembed\" frameborder=\"0\" allow=\"accelerometer; autoplay; clipboard-write; encrypted-media; gyroscope; picture-in-picture; web-share\" referrerpolicy=\"strict-origin-when-cross-origin\" allowfullscreen><\/iframe><\/p>\n","protected":false},"excerpt":{"rendered":"<p>En fr\u00e4sch doft med en maskulin ton, perfekt f\u00f6r uppfriskande.<br \/>\nN\u00e4r du s\u00f6ker tr\u00f6st f\u00f6r dina nerver, ta ett djupt andetag. Mr. Boss room parfymer erbjuder en fr\u00e4sch maskulin doft, s\u00e5 att du kan andas ut och glida in i en fruktig v\u00e4xtv\u00e4rld. Ge dig ut p\u00e5 en sensuell resa genom en aromatisk lund fylld med blommande tr\u00e4d, frukter och frodig vegetation. K\u00e4nn kraften och naturens f\u00f6rf\u00f6riska kraft!<\/p>\n","protected":false},"featured_media":22853,"comment_status":"open","ping_status":"closed","template":"","meta":[],"etheme_brands":[{"term_id":411,"name":"FOEN","slug":"foen","term_group":0,"term_taxonomy_id":411,"taxonomy":"brand","description":"","parent":0,"count":4,"filter":"raw"}],"product_brand":[421],"product_cat":[407],"product_tag":[],"class_list":{"0":"post-22852","1":"product","2":"type-product","3":"status-publish","4":"has-post-thumbnail","6":"brand-foen","7":"product_brand-foen","8":"product_cat-dofter-foen","10":"first","11":"instock","12":"sale","13":"taxable","14":"shipping-taxable","15":"purchasable","16":"product-type-simple"},"_links":{"self":[{"href":"https:\/\/streetpower-rekond.se\/newsite\/sv\/wp-json\/wp\/v2\/product\/22852","targetHints":{"allow":["GET"]}}],"collection":[{"href":"https:\/\/streetpower-rekond.se\/newsite\/sv\/wp-json\/wp\/v2\/product"}],"about":[{"href":"https:\/\/streetpower-rekond.se\/newsite\/sv\/wp-json\/wp\/v2\/types\/product"}],"replies":[{"embeddable":true,"href":"https:\/\/streetpower-rekond.se\/newsite\/sv\/wp-json\/wp\/v2\/comments?post=22852"}],"version-history":[{"count":4,"href":"https:\/\/streetpower-rekond.se\/newsite\/sv\/wp-json\/wp\/v2\/product\/22852\/revisions"}],"predecessor-version":[{"id":23178,"href":"https:\/\/streetpower-rekond.se\/newsite\/sv\/wp-json\/wp\/v2\/product\/22852\/revisions\/23178"}],"wp:featuredmedia":[{"embeddable":true,"href":"https:\/\/streetpower-rekond.se\/newsite\/sv\/wp-json\/wp\/v2\/media\/22853"}],"wp:attachment":[{"href":"https:\/\/streetpower-rekond.se\/newsite\/sv\/wp-json\/wp\/v2\/media?parent=22852"}],"wp:term":[{"taxonomy":"brand","embeddable":true,"href":"https:\/\/streetpower-rekond.se\/newsite\/sv\/wp-json\/wp\/v2\/etheme_brands?post=22852"},{"taxonomy":"product_brand","embeddable":true,"href":"https:\/\/streetpower-rekond.se\/newsite\/sv\/wp-json\/wp\/v2\/product_brand?post=22852"},{"taxonomy":"product_cat","embeddable":true,"href":"https:\/\/streetpower-rekond.se\/newsite\/sv\/wp-json\/wp\/v2\/product_cat?post=22852"},{"taxonomy":"product_tag","embeddable":true,"href":"https:\/\/streetpower-rekond.se\/newsite\/sv\/wp-json\/wp\/v2\/product_tag?post=22852"}],"curies":[{"name":"wp","href":"https:\/\/api.w.org\/{rel}","templated":true}]}}