{"id":22397,"date":"2025-02-12T12:25:48","date_gmt":"2025-02-12T12:25:48","guid":{"rendered":"https:\/\/streetpower-rekond.se\/newsite\/?post_type=product&#038;p=22397"},"modified":"2025-05-02T19:34:10","modified_gmt":"2025-05-02T19:34:10","slug":"chemicalworkz-cone-foam-polishing-pads-set","status":"publish","type":"product","link":"https:\/\/streetpower-rekond.se\/newsite\/sv\/product\/chemicalworkz-cone-foam-polishing-pads-set\/","title":{"rendered":"chemicalworkz Cone Foam Polishing Pads Set"},"content":{"rendered":"<p>chemicalworkz Cone &amp; Foam Polishing Pads Set<\/p>\n<p>De h\u00f6gkvalitativa polerkuddarna \u00e4r gjorda av slitstarkt material och s\u00e4kerst\u00e4ller ett effektivt polerarbete, vare sig det \u00e4r p\u00e5 d\u00f6rrhandtag, emblem, glasytor, inv\u00e4ndiga konsoler eller andra sm\u00e5 ytor. Setet inneh\u00e5ller b\u00e5de koniska och runda kuddar i olika h\u00e5rdhetsniv\u00e5er f\u00f6r att m\u00f6ta alla poleringsbehov.<\/p>\n<p>H\u00e5rdhetsniv\u00e5er:<br \/>\n\u2022 Gr\u00f6n: H\u00e5rd<br \/>\n\u2022 Orange: Medium<br \/>\n\u2022 Bl\u00e5: Mjuk<\/p>\n<p>Produktegenskaper:<br \/>\n\u2022 3x Cone Pads i spetsig form<br \/>\n\u2022 3x Cone Pads i rund form<br \/>\n\u2022 6x 25 mm dynor<br \/>\n\u2022 6x 15 mm dynor<br \/>\n\u2022 H\u00f6gkvalitativt material f\u00f6r l\u00e5ng livsl\u00e4ngd<br \/>\n\u2022 M\u00e5ngsidig f\u00f6r sv\u00e5r\u00e5tkomliga platser<\/p>\n","protected":false},"excerpt":{"rendered":"<p>chemicalworkz Cone &amp; Foam Polishing Pads Set\u00a0 har utvecklats speciellt f\u00f6r att uppn\u00e5 optimala polerresultat med polerskaftet p\u00e5 sv\u00e5r\u00e5tkomliga omr\u00e5den. Detta set med 18 delar erbjuder ett m\u00e5ngsidigt urval av polerkuddar i olika former och h\u00e5rdhetsniv\u00e5er, idealiska f\u00f6r en m\u00e4ngd olika applikationer.<\/p>\n","protected":false},"featured_media":22398,"comment_status":"open","ping_status":"closed","template":"","meta":[],"etheme_brands":[{"term_id":392,"name":"chemicalworkz","slug":"chemicalworkz","term_group":0,"term_taxonomy_id":392,"taxonomy":"brand","description":"","parent":0,"count":53,"filter":"raw"}],"product_brand":[],"product_cat":[258],"product_tag":[],"class_list":{"0":"post-22397","1":"product","2":"type-product","3":"status-publish","4":"has-post-thumbnail","6":"brand-chemicalworkz","7":"product_cat-polerkoner","9":"first","10":"instock","11":"taxable","12":"shipping-taxable","13":"purchasable","14":"product-type-simple"},"_links":{"self":[{"href":"https:\/\/streetpower-rekond.se\/newsite\/sv\/wp-json\/wp\/v2\/product\/22397","targetHints":{"allow":["GET"]}}],"collection":[{"href":"https:\/\/streetpower-rekond.se\/newsite\/sv\/wp-json\/wp\/v2\/product"}],"about":[{"href":"https:\/\/streetpower-rekond.se\/newsite\/sv\/wp-json\/wp\/v2\/types\/product"}],"replies":[{"embeddable":true,"href":"https:\/\/streetpower-rekond.se\/newsite\/sv\/wp-json\/wp\/v2\/comments?post=22397"}],"version-history":[{"count":1,"href":"https:\/\/streetpower-rekond.se\/newsite\/sv\/wp-json\/wp\/v2\/product\/22397\/revisions"}],"predecessor-version":[{"id":22996,"href":"https:\/\/streetpower-rekond.se\/newsite\/sv\/wp-json\/wp\/v2\/product\/22397\/revisions\/22996"}],"wp:featuredmedia":[{"embeddable":true,"href":"https:\/\/streetpower-rekond.se\/newsite\/sv\/wp-json\/wp\/v2\/media\/22398"}],"wp:attachment":[{"href":"https:\/\/streetpower-rekond.se\/newsite\/sv\/wp-json\/wp\/v2\/media?parent=22397"}],"wp:term":[{"taxonomy":"brand","embeddable":true,"href":"https:\/\/streetpower-rekond.se\/newsite\/sv\/wp-json\/wp\/v2\/etheme_brands?post=22397"},{"taxonomy":"product_brand","embeddable":true,"href":"https:\/\/streetpower-rekond.se\/newsite\/sv\/wp-json\/wp\/v2\/product_brand?post=22397"},{"taxonomy":"product_cat","embeddable":true,"href":"https:\/\/streetpower-rekond.se\/newsite\/sv\/wp-json\/wp\/v2\/product_cat?post=22397"},{"taxonomy":"product_tag","embeddable":true,"href":"https:\/\/streetpower-rekond.se\/newsite\/sv\/wp-json\/wp\/v2\/product_tag?post=22397"}],"curies":[{"name":"wp","href":"https:\/\/api.w.org\/{rel}","templated":true}]}}