{"id":22394,"date":"2025-02-12T11:46:59","date_gmt":"2025-02-12T11:46:59","guid":{"rendered":"https:\/\/streetpower-rekond.se\/newsite\/?post_type=product&#038;p=22394"},"modified":"2025-03-27T12:47:09","modified_gmt":"2025-03-27T12:47:09","slug":"chemicalworkz-hand-wax-applicator","status":"publish","type":"product","link":"https:\/\/streetpower-rekond.se\/newsite\/sv\/product\/chemicalworkz-hand-wax-applicator\/","title":{"rendered":"chemicalworkz Hand Wax Applicator"},"content":{"rendered":"<p>Det s\u00e4rskilt ergonomiska sexkantiga handtaget g\u00f6r att du inte bara kan h\u00e5lla applikatorn stadigt i handen. &#8211; ChemicalWorkz Hand Wax Applicator minskar risken att den faller ur handen, ger b\u00e4ttre kontroll och h\u00e5ller h\u00e4nderna rena under appliceringen.<\/p>\n<p>Hand Wax Applicator fr\u00e5n ChemicalWorkz \u00e4r mycket h\u00e5llbar. Efter jobbet \u00e4r det bara att tv\u00e4tta den i vatten eller med universalreng\u00f6ring och sedan torka den f\u00f6r att kunna anv\u00e4nda dess egenskaper som vanligt igen!<\/p>\n<p>\u00c5teranv\u00e4ndbar, tv\u00e4ttbar och milj\u00f6v\u00e4nlig. Perfekt f\u00f6r att underh\u00e5lla yttre ytor eller ta bort smuts fr\u00e5n ditt fordons interi\u00f6r. Alla ChemicalWorkz applikatorer levereras i en \u00e5terf\u00f6rslutningsbar, milj\u00f6v\u00e4nlig ziplockp\u00e5se. \u2013 Din applikator \u00e4r alltid skyddad fr\u00e5n yttre p\u00e5verkan som smuts, fukt, damm och till och med stark UV-str\u00e5lning.<\/p>\n<p>Produktegenskaper:<br \/>\n\u2022 F\u00e4rg: gr\u00e5<br \/>\n\u2022 Storlek: 10 x 6cm<br \/>\n\u2022 Skumsvamp av h\u00f6g kvalitet<br \/>\n\u2022 S\u00e4rskilt ergonomisk &#8221;Hex Grip&#8221;-design<br \/>\n\u2022 Skyddar fingrarna vid applicering<br \/>\n\u2022 Material: 100 % polyuretan<br \/>\n\u2022 \u00c5terf\u00f6rslutbar, milj\u00f6v\u00e4nlig blixtl\u00e5sv\u00e4ska<br \/>\n\u2022 Applicering av t\u00e4tningsmedel och vaxer<\/p>\n","protected":false},"excerpt":{"rendered":"<p>Den specialutvecklade formen p\u00e5 Hand Wax Applicator fr\u00e5n ChemicalWorkz g\u00f6r den mycket bekv\u00e4m att anv\u00e4nda. Perfekt f\u00f6r att applicera t\u00e4tningsmedel och vaxer, det l\u00e5ter dig applicera och distribuera produkten exakt samtidigt som du minskar f\u00f6rbrukningen till ett minimum.<\/p>\n","protected":false},"featured_media":22396,"comment_status":"open","ping_status":"closed","template":"","meta":[],"etheme_brands":[{"term_id":392,"name":"chemicalworkz","slug":"chemicalworkz","term_group":0,"term_taxonomy_id":392,"taxonomy":"brand","description":"","parent":0,"count":53,"filter":"raw"}],"product_brand":[],"product_cat":[217],"product_tag":[],"class_list":{"0":"post-22394","1":"product","2":"type-product","3":"status-publish","4":"has-post-thumbnail","6":"brand-chemicalworkz","7":"product_cat-appliceringssvampar","9":"first","10":"instock","11":"taxable","12":"shipping-taxable","13":"purchasable","14":"product-type-simple"},"_links":{"self":[{"href":"https:\/\/streetpower-rekond.se\/newsite\/sv\/wp-json\/wp\/v2\/product\/22394","targetHints":{"allow":["GET"]}}],"collection":[{"href":"https:\/\/streetpower-rekond.se\/newsite\/sv\/wp-json\/wp\/v2\/product"}],"about":[{"href":"https:\/\/streetpower-rekond.se\/newsite\/sv\/wp-json\/wp\/v2\/types\/product"}],"replies":[{"embeddable":true,"href":"https:\/\/streetpower-rekond.se\/newsite\/sv\/wp-json\/wp\/v2\/comments?post=22394"}],"version-history":[{"count":1,"href":"https:\/\/streetpower-rekond.se\/newsite\/sv\/wp-json\/wp\/v2\/product\/22394\/revisions"}],"predecessor-version":[{"id":23016,"href":"https:\/\/streetpower-rekond.se\/newsite\/sv\/wp-json\/wp\/v2\/product\/22394\/revisions\/23016"}],"wp:featuredmedia":[{"embeddable":true,"href":"https:\/\/streetpower-rekond.se\/newsite\/sv\/wp-json\/wp\/v2\/media\/22396"}],"wp:attachment":[{"href":"https:\/\/streetpower-rekond.se\/newsite\/sv\/wp-json\/wp\/v2\/media?parent=22394"}],"wp:term":[{"taxonomy":"brand","embeddable":true,"href":"https:\/\/streetpower-rekond.se\/newsite\/sv\/wp-json\/wp\/v2\/etheme_brands?post=22394"},{"taxonomy":"product_brand","embeddable":true,"href":"https:\/\/streetpower-rekond.se\/newsite\/sv\/wp-json\/wp\/v2\/product_brand?post=22394"},{"taxonomy":"product_cat","embeddable":true,"href":"https:\/\/streetpower-rekond.se\/newsite\/sv\/wp-json\/wp\/v2\/product_cat?post=22394"},{"taxonomy":"product_tag","embeddable":true,"href":"https:\/\/streetpower-rekond.se\/newsite\/sv\/wp-json\/wp\/v2\/product_tag?post=22394"}],"curies":[{"name":"wp","href":"https:\/\/api.w.org\/{rel}","templated":true}]}}