{"id":22391,"date":"2025-02-12T11:31:47","date_gmt":"2025-02-12T11:31:47","guid":{"rendered":"https:\/\/streetpower-rekond.se\/newsite\/?post_type=product&#038;p=22391"},"modified":"2025-03-27T12:48:20","modified_gmt":"2025-03-27T12:48:20","slug":"chemicalworkz-edgeless-towel-600gsm-40x40cm-5st","status":"publish","type":"product","link":"https:\/\/streetpower-rekond.se\/newsite\/sv\/product\/chemicalworkz-edgeless-towel-600gsm-40x40cm-5st\/","title":{"rendered":"chemicalworkz Edgeless Towel 600GSM 40\u00d740cm 5st."},"content":{"rendered":"<p>chemicalworkz Edgeless Towel 600GSM<\/p>\n<p>Den kantl\u00f6sa handduken tillverkades till 100 % i samarbete med en koreansk fabrik. Detta inneb\u00e4r att den uppfyller de h\u00f6gsta kraven p\u00e5 grund av kvaliteten p\u00e5 garnet och det noggranna utf\u00f6rande. Det garanterar maximal h\u00e5llbarhet och livsl\u00e4ngd.<\/p>\n<p>Produktegenskaper:<br \/>\n\u2022 F\u00e4rg: Gr\u00e5<br \/>\n\u2022 Storlek per duk: 40 x 40cm<br \/>\n\u2022 Material: Premium Korea Fiber<br \/>\n\u2022 Ytvikt\/vikt: 600GSM (g\/m\u00b2)<br \/>\n\u2022 Textilkomponenter: 70 % polyester \/ 30 % polyamid (100 % mikrofiber)<br \/>\n\u2022 5 ultrafluffiga mikrofiberdukar i en dekorativ ask<\/p>\n<p>Tips:<br \/>\nF\u00f6r att s\u00e4kerst\u00e4lla livsl\u00e4ngden p\u00e5 dina mikrofiberprodukter rekommenderar vi att du f\u00f6ljer f\u00f6ljande instruktioner: maskintv\u00e4tt, l\u00e5g tv\u00e4tttemperatur (max. 40\u00b0C), anv\u00e4nd ett speciellt mikrofibertv\u00e4ttmedel, anv\u00e4nd aldrig sk\u00f6ljmedel, torktumla inte och stryk inte!<\/p>\n","protected":false},"excerpt":{"rendered":"<p>chemicalworkz Edgeless Towel 600GSM \u00e4r inte bara ytterligare en kantl\u00f6s mikrofiberhandduk. \u2013 \u00a0Den h\u00f6ga luggen p\u00e5 b\u00e5da sidor \u00e4r s\u00e4rskilt fluffig och gjord av l\u00e5nga, mjuka mikrofibrer f\u00f6r att b\u00e4ttre absorbera och ta bort smutspartiklar fr\u00e5n ytan som ska reng\u00f6ras utan att skapa repor eller virvlar.<\/p>\n","protected":false},"featured_media":22393,"comment_status":"open","ping_status":"closed","template":"","meta":[],"etheme_brands":[{"term_id":392,"name":"chemicalworkz","slug":"chemicalworkz","term_group":0,"term_taxonomy_id":392,"taxonomy":"brand","description":"","parent":0,"count":53,"filter":"raw"}],"product_brand":[],"product_cat":[219],"product_tag":[],"class_list":{"0":"post-22391","1":"product","2":"type-product","3":"status-publish","4":"has-post-thumbnail","6":"brand-chemicalworkz","7":"product_cat-mikrofiberdukar","9":"first","10":"instock","11":"taxable","12":"shipping-taxable","13":"purchasable","14":"product-type-simple"},"_links":{"self":[{"href":"https:\/\/streetpower-rekond.se\/newsite\/sv\/wp-json\/wp\/v2\/product\/22391","targetHints":{"allow":["GET"]}}],"collection":[{"href":"https:\/\/streetpower-rekond.se\/newsite\/sv\/wp-json\/wp\/v2\/product"}],"about":[{"href":"https:\/\/streetpower-rekond.se\/newsite\/sv\/wp-json\/wp\/v2\/types\/product"}],"replies":[{"embeddable":true,"href":"https:\/\/streetpower-rekond.se\/newsite\/sv\/wp-json\/wp\/v2\/comments?post=22391"}],"version-history":[{"count":1,"href":"https:\/\/streetpower-rekond.se\/newsite\/sv\/wp-json\/wp\/v2\/product\/22391\/revisions"}],"predecessor-version":[{"id":23017,"href":"https:\/\/streetpower-rekond.se\/newsite\/sv\/wp-json\/wp\/v2\/product\/22391\/revisions\/23017"}],"wp:featuredmedia":[{"embeddable":true,"href":"https:\/\/streetpower-rekond.se\/newsite\/sv\/wp-json\/wp\/v2\/media\/22393"}],"wp:attachment":[{"href":"https:\/\/streetpower-rekond.se\/newsite\/sv\/wp-json\/wp\/v2\/media?parent=22391"}],"wp:term":[{"taxonomy":"brand","embeddable":true,"href":"https:\/\/streetpower-rekond.se\/newsite\/sv\/wp-json\/wp\/v2\/etheme_brands?post=22391"},{"taxonomy":"product_brand","embeddable":true,"href":"https:\/\/streetpower-rekond.se\/newsite\/sv\/wp-json\/wp\/v2\/product_brand?post=22391"},{"taxonomy":"product_cat","embeddable":true,"href":"https:\/\/streetpower-rekond.se\/newsite\/sv\/wp-json\/wp\/v2\/product_cat?post=22391"},{"taxonomy":"product_tag","embeddable":true,"href":"https:\/\/streetpower-rekond.se\/newsite\/sv\/wp-json\/wp\/v2\/product_tag?post=22391"}],"curies":[{"name":"wp","href":"https:\/\/api.w.org\/{rel}","templated":true}]}}