{"id":22295,"date":"2025-02-07T09:21:50","date_gmt":"2025-02-07T09:21:50","guid":{"rendered":"https:\/\/streetpower-rekond.se\/newsite\/?post_type=product&#038;p=22295"},"modified":"2025-03-26T18:34:52","modified_gmt":"2025-03-26T18:34:52","slug":"mafra-cromobrill-2g-6kg","status":"publish","type":"product","link":"https:\/\/streetpower-rekond.se\/newsite\/sv\/product\/mafra-cromobrill-2g-6kg\/","title":{"rendered":"Mafra Cromobrill 2G 6kg"},"content":{"rendered":"<p>Cromobrill \u00e4r ocks\u00e5 v\u00e4ldigt popul\u00e4r till att tv\u00e4tta rostfria delar som l\u00e5dor, tankar, avgasr\u00f6r mm. p\u00e5 lastbilar d\u00e5 den bl\u00e4nker upp den rostfria ytan.<\/p>\n<p>BRUKSANVISNING: Spraya CROMOBRILL 2G p\u00e5 ytan som skall behandlas, l\u00e5t verka i n\u00e5gra minuter och sk\u00f6lj sedan av. Utsp\u00e4dning varierar beroende p\u00e5 smuts som skall elimineras. Hj\u00e4lp till med borste p\u00e5 f\u00e4lgarna vid behov.<\/p>\n<p>Till f\u00e4lgar: Kan anv\u00e4ndas fr\u00e5n rent till 1:5.<\/p>\n<p>Till rostfritt: 1:5-1:10.<\/p>\n<p>Spraya inte produkten p\u00e5 motorcyklar eller p\u00e5 f\u00f6rkromade och rena aluminiumdelar. F\u00e5r ej anv\u00e4ndas p\u00e5 glas! Av\u00e4nds med stor f\u00f6rsiktighet d\u00e5 detta \u00e4r en mycket stark produkt. Anv\u00e4nd handskar och skyddsglas\u00f6gon.<\/p>\n<p>OBS! Endast f\u00f6r yrkesm\u00e4ssigt bruk!!<\/p>\n","protected":false},"excerpt":{"rendered":"<p>Cromobrill 2G \u00e4r en av de absolut mest effektiva f\u00e4lgsyrorna som finns p\u00e5 marknaden. L\u00f6ser upp h\u00e5rt sittande, inbr\u00e4nd smuts p\u00e5 f\u00e4lgar som inte tv\u00e4ttats p\u00e5 alldeles f\u00f6r l\u00e4nge. Tar bort gulnader p\u00e5 f\u00e4lgar och gammalt inbr\u00e4nt bromsdamm. Den h\u00e4r \u00e4r produkten f\u00f6r dig som testat allt och \u00e4nd\u00e5 inte f\u00e5r f\u00e4lgarna ren<\/p>\n","protected":false},"featured_media":22280,"comment_status":"open","ping_status":"closed","template":"","meta":[],"etheme_brands":[],"product_brand":[],"product_cat":[241],"product_tag":[],"class_list":{"0":"post-22295","1":"product","2":"type-product","3":"status-publish","4":"has-post-thumbnail","6":"product_cat-faelgrengoering","8":"first","9":"instock","10":"taxable","11":"shipping-taxable","12":"purchasable","13":"product-type-simple"},"_links":{"self":[{"href":"https:\/\/streetpower-rekond.se\/newsite\/sv\/wp-json\/wp\/v2\/product\/22295","targetHints":{"allow":["GET"]}}],"collection":[{"href":"https:\/\/streetpower-rekond.se\/newsite\/sv\/wp-json\/wp\/v2\/product"}],"about":[{"href":"https:\/\/streetpower-rekond.se\/newsite\/sv\/wp-json\/wp\/v2\/types\/product"}],"replies":[{"embeddable":true,"href":"https:\/\/streetpower-rekond.se\/newsite\/sv\/wp-json\/wp\/v2\/comments?post=22295"}],"version-history":[{"count":1,"href":"https:\/\/streetpower-rekond.se\/newsite\/sv\/wp-json\/wp\/v2\/product\/22295\/revisions"}],"predecessor-version":[{"id":23006,"href":"https:\/\/streetpower-rekond.se\/newsite\/sv\/wp-json\/wp\/v2\/product\/22295\/revisions\/23006"}],"wp:featuredmedia":[{"embeddable":true,"href":"https:\/\/streetpower-rekond.se\/newsite\/sv\/wp-json\/wp\/v2\/media\/22280"}],"wp:attachment":[{"href":"https:\/\/streetpower-rekond.se\/newsite\/sv\/wp-json\/wp\/v2\/media?parent=22295"}],"wp:term":[{"taxonomy":"brand","embeddable":true,"href":"https:\/\/streetpower-rekond.se\/newsite\/sv\/wp-json\/wp\/v2\/etheme_brands?post=22295"},{"taxonomy":"product_brand","embeddable":true,"href":"https:\/\/streetpower-rekond.se\/newsite\/sv\/wp-json\/wp\/v2\/product_brand?post=22295"},{"taxonomy":"product_cat","embeddable":true,"href":"https:\/\/streetpower-rekond.se\/newsite\/sv\/wp-json\/wp\/v2\/product_cat?post=22295"},{"taxonomy":"product_tag","embeddable":true,"href":"https:\/\/streetpower-rekond.se\/newsite\/sv\/wp-json\/wp\/v2\/product_tag?post=22295"}],"curies":[{"name":"wp","href":"https:\/\/api.w.org\/{rel}","templated":true}]}}