{"id":22294,"date":"2025-02-07T09:09:34","date_gmt":"2025-02-07T09:09:34","guid":{"rendered":"https:\/\/streetpower-rekond.se\/newsite\/?post_type=product&#038;p=22294"},"modified":"2025-02-07T11:54:46","modified_gmt":"2025-02-07T11:54:46","slug":"labocosmetica-energo-250ml","status":"publish","type":"product","link":"https:\/\/streetpower-rekond.se\/newsite\/sv\/product\/labocosmetica-energo-250ml\/","title":{"rendered":"Labocosmetica Energo 250ml"},"content":{"rendered":"<p>Ofta s\u00e5 kan inte kalkfl\u00e4ckar tas bort med normal polering. ENERGO \u00e4r en av f\u00e5 produkter som kan hj\u00e4lpa bilv\u00e5rdaren med ett av de sv\u00e5raste uppgifterna &#8211; borttagning av kalk p\u00e5 lacken. Den speciella gel-formulan g\u00f6r att man kan applicera den enbart d\u00e4r den beh\u00f6vs. ENERGO passar perfekt som en primer till Nanobehandlingar f\u00f6r glas.<\/p>\n<p>ENERGO \u00e4r framtagen i Mafras eget laboratorie i samarbete med de fr\u00e4msta sportbilstillverkarna n\u00e4r nya modeller ska lanseras.<\/p>\n<p>Vid extrema fall av kalkfl\u00e4ckar som inte Purifica tar bort, anv\u00e4nd den h\u00e4r produkten. Anv\u00e4nd rent till 1:5 beroende p\u00e5 hur h\u00e5rt det sitter, spraya i en svamp, gnugga och sk\u00f6lj sedan av med vatten. F\u00f6r \u00e4nnu b\u00e4ttre effekt, spraya direkt p\u00e5 lacken eller rutorna, l\u00e5t det sitta n\u00e5gra minuter, gnugga med svamp och torka sedan av med en bl\u00f6t mikrofiberduk.<\/p>\n","protected":false},"excerpt":{"rendered":"<p>Labocosmetica ENERGO avl\u00e4gsnar rester av h\u00e5rt inbr\u00e4nd kalk &amp; surt regn fr\u00e5n f\u00f6nster och karossen, vilket underl\u00e4ttar f\u00f6r tex efterf\u00f6ljande polering<\/p>\n","protected":false},"featured_media":22283,"comment_status":"open","ping_status":"closed","template":"","meta":[],"etheme_brands":[],"product_brand":[],"product_cat":[256],"product_tag":[],"class_list":{"0":"post-22294","1":"product","2":"type-product","3":"status-publish","4":"has-post-thumbnail","6":"product_cat-alkalisk-avfettning","8":"first","9":"instock","10":"taxable","11":"shipping-taxable","12":"purchasable","13":"product-type-simple"},"_links":{"self":[{"href":"https:\/\/streetpower-rekond.se\/newsite\/sv\/wp-json\/wp\/v2\/product\/22294","targetHints":{"allow":["GET"]}}],"collection":[{"href":"https:\/\/streetpower-rekond.se\/newsite\/sv\/wp-json\/wp\/v2\/product"}],"about":[{"href":"https:\/\/streetpower-rekond.se\/newsite\/sv\/wp-json\/wp\/v2\/types\/product"}],"replies":[{"embeddable":true,"href":"https:\/\/streetpower-rekond.se\/newsite\/sv\/wp-json\/wp\/v2\/comments?post=22294"}],"version-history":[{"count":0,"href":"https:\/\/streetpower-rekond.se\/newsite\/sv\/wp-json\/wp\/v2\/product\/22294\/revisions"}],"wp:featuredmedia":[{"embeddable":true,"href":"https:\/\/streetpower-rekond.se\/newsite\/sv\/wp-json\/wp\/v2\/media\/22283"}],"wp:attachment":[{"href":"https:\/\/streetpower-rekond.se\/newsite\/sv\/wp-json\/wp\/v2\/media?parent=22294"}],"wp:term":[{"taxonomy":"brand","embeddable":true,"href":"https:\/\/streetpower-rekond.se\/newsite\/sv\/wp-json\/wp\/v2\/etheme_brands?post=22294"},{"taxonomy":"product_brand","embeddable":true,"href":"https:\/\/streetpower-rekond.se\/newsite\/sv\/wp-json\/wp\/v2\/product_brand?post=22294"},{"taxonomy":"product_cat","embeddable":true,"href":"https:\/\/streetpower-rekond.se\/newsite\/sv\/wp-json\/wp\/v2\/product_cat?post=22294"},{"taxonomy":"product_tag","embeddable":true,"href":"https:\/\/streetpower-rekond.se\/newsite\/sv\/wp-json\/wp\/v2\/product_tag?post=22294"}],"curies":[{"name":"wp","href":"https:\/\/api.w.org\/{rel}","templated":true}]}}