{"id":22254,"date":"2025-01-28T13:18:29","date_gmt":"2025-01-28T13:18:29","guid":{"rendered":"https:\/\/streetpower-rekond.se\/newsite\/?post_type=product&#038;p=22254"},"modified":"2025-05-02T19:34:10","modified_gmt":"2025-05-02T19:34:10","slug":"scholl-concepts-s20-black","status":"publish","type":"product","link":"https:\/\/streetpower-rekond.se\/newsite\/sv\/product\/scholl-concepts-s20-black\/","title":{"rendered":"Scholl Concepts S20 BLACK &#8221;EasyClean&#8221; Swiss Edition 250 g"},"content":{"rendered":"<p><strong>Scholl Concepts S20 Black<\/strong> Swiss Edition \u2013 ett steg f\u00f6r att ta bort repor och ge fantastisk glans. Fungerar p\u00e5 alla vanliga lacker och med olika polermaskiner. Med iPT Powder Technology f\u00e5r du en snabb, effektiv behandling och en spegelliknande finish utan hologram. Silikon-, vax- och l\u00f6sningsmedelsfri.<\/p>\n","protected":false},"excerpt":{"rendered":"<p>Uppt\u00e4ck S20 Black Swiss Edition \u2013 din ultimata l\u00f6sning f\u00f6r professionell bilv\u00e5rd! Med denna innovativa 1-stegs h\u00f6gpresterande blandning kan du enkelt \u00e5terst\u00e4lla v\u00e4derbitna och repade f\u00e4rgytor till sitt ursprungliga skick.<\/p>\n","protected":false},"featured_media":22404,"comment_status":"open","ping_status":"closed","template":"","meta":[],"etheme_brands":[{"term_id":403,"name":"Scholl Concept","slug":"scholl-concept","term_group":0,"term_taxonomy_id":403,"taxonomy":"brand","description":"","parent":0,"count":34,"filter":"raw"}],"product_brand":[378],"product_cat":[214],"product_tag":[],"class_list":{"0":"post-22254","1":"product","2":"type-product","3":"status-publish","4":"has-post-thumbnail","6":"brand-scholl-concept","7":"product_brand-scholl-koncept","8":"product_cat-polermedel","10":"first","11":"instock","12":"taxable","13":"shipping-taxable","14":"purchasable","15":"product-type-simple"},"_links":{"self":[{"href":"https:\/\/streetpower-rekond.se\/newsite\/sv\/wp-json\/wp\/v2\/product\/22254","targetHints":{"allow":["GET"]}}],"collection":[{"href":"https:\/\/streetpower-rekond.se\/newsite\/sv\/wp-json\/wp\/v2\/product"}],"about":[{"href":"https:\/\/streetpower-rekond.se\/newsite\/sv\/wp-json\/wp\/v2\/types\/product"}],"replies":[{"embeddable":true,"href":"https:\/\/streetpower-rekond.se\/newsite\/sv\/wp-json\/wp\/v2\/comments?post=22254"}],"version-history":[{"count":1,"href":"https:\/\/streetpower-rekond.se\/newsite\/sv\/wp-json\/wp\/v2\/product\/22254\/revisions"}],"predecessor-version":[{"id":23021,"href":"https:\/\/streetpower-rekond.se\/newsite\/sv\/wp-json\/wp\/v2\/product\/22254\/revisions\/23021"}],"wp:featuredmedia":[{"embeddable":true,"href":"https:\/\/streetpower-rekond.se\/newsite\/sv\/wp-json\/wp\/v2\/media\/22404"}],"wp:attachment":[{"href":"https:\/\/streetpower-rekond.se\/newsite\/sv\/wp-json\/wp\/v2\/media?parent=22254"}],"wp:term":[{"taxonomy":"brand","embeddable":true,"href":"https:\/\/streetpower-rekond.se\/newsite\/sv\/wp-json\/wp\/v2\/etheme_brands?post=22254"},{"taxonomy":"product_brand","embeddable":true,"href":"https:\/\/streetpower-rekond.se\/newsite\/sv\/wp-json\/wp\/v2\/product_brand?post=22254"},{"taxonomy":"product_cat","embeddable":true,"href":"https:\/\/streetpower-rekond.se\/newsite\/sv\/wp-json\/wp\/v2\/product_cat?post=22254"},{"taxonomy":"product_tag","embeddable":true,"href":"https:\/\/streetpower-rekond.se\/newsite\/sv\/wp-json\/wp\/v2\/product_tag?post=22254"}],"curies":[{"name":"wp","href":"https:\/\/api.w.org\/{rel}","templated":true}]}}