{"id":22239,"date":"2025-01-26T17:12:29","date_gmt":"2025-01-26T17:12:29","guid":{"rendered":"https:\/\/streetpower-rekond.se\/newsite\/?post_type=product&#038;p=22239"},"modified":"2025-04-21T19:48:47","modified_gmt":"2025-04-21T19:48:47","slug":"mafra-jedy-2-super-foam-4-5l","status":"publish","type":"product","link":"https:\/\/streetpower-rekond.se\/newsite\/sv\/product\/mafra-jedy-2-super-foam-4-5l\/","title":{"rendered":"Mafra Jedy 2 Super Foam 4.5L"},"content":{"rendered":"<p>Mafra Jedy 2 Super Foam<\/p>\n<p>Ett av marknadens absolut b\u00e4sta skummande alkaliska f\u00f6rtv\u00e4ttmedel b\u00e5de f\u00f6r bil, lastbil och entreprenadfordon. Skummar mycket, kraftfull och reng\u00f6r v\u00e4ldigt effektivt, doftar h\u00e4rligt och \u00e4r samtidigt s\u00e4ker p\u00e5 alla olika material som kan finnas p\u00e5 bilar och lastbilar. Tack vare att den torkar l\u00e5ngsamt och klarar lite h\u00f6gre temperaturer s\u00e5 passar den extra bra till lastbilar och andra stora fordon d\u00e4r medlet f\u00e5r ligga p\u00e5 och verka lite l\u00e4ngre. Men sj\u00e4lvklart fungerar den lika bra \u00e4ven till vanliga bilar. L\u00f6ser frafikfilm, insekter, f\u00e5gelspillning, dieselrinningar och allm\u00e4n organisk smuts. Mycket koncenterad och ekonomisk i bruksl\u00f6sning, cirka 2kr\/L. I den h\u00e4r produkten har Mafra hittat den perfekta balansen mellan tv\u00e4ttstyrka, s\u00e4kerhet och anv\u00e4ndarv\u00e4nlighet. 80% av v\u00e5ra f\u00f6retagskunder anv\u00e4nder sig av denna produkten, 100% \u00e4r mycket n\u00f6jda!<\/p>\n<p>Fungerar utm\u00e4rkt att applicera b\u00e5de i skumform med foam lance eller skumsystem och med vanlig p\u00e5l\u00e4ggning med exempelvis tryckspruta.<\/p>\n<p>Jedy 2 Super Foam inneh\u00e5ller l\u00e4tt nedbrytbara ytaktiva \u00e4mnen, som \u00e4r kompatibla med alla vattenrenings och \u00e5tervinnings system.<\/p>\n<p>Blandning: 1:30-1:50<\/p>\n<p>Tv\u00e4ttstyrka: Kraftfull<\/p>\n<p>OBS: Anv\u00e4nd inte JEDY 2 SUPER-FOAM p\u00e5 motorcyklar och ren aluminium.<\/p>\n<p>Upplev kvalitetsprodukter fr\u00e5n Mafra &#8211; en internationellt ledande tillverkare av f\u00f6rtv\u00e4ttsmedel.<\/p>\n","protected":false},"excerpt":{"rendered":"<p>Ett av marknadens absolut b\u00e4sta skummande alkaliska f\u00f6rtv\u00e4ttmedel b\u00e5de f\u00f6r bil, lastbil och entreprenadfordon.<\/p>\n","protected":false},"featured_media":22241,"comment_status":"open","ping_status":"closed","template":"","meta":[],"etheme_brands":[{"term_id":412,"name":"mafra","slug":"mafra","term_group":0,"term_taxonomy_id":412,"taxonomy":"brand","description":"","parent":0,"count":1,"filter":"raw"}],"product_brand":[413],"product_cat":[256,266],"product_tag":[],"class_list":{"0":"post-22239","1":"product","2":"type-product","3":"status-publish","4":"has-post-thumbnail","6":"brand-mafra","7":"product_brand-mafra","8":"product_cat-alkalisk-avfettning","9":"product_cat-snow-foam","11":"first","12":"instock","13":"taxable","14":"shipping-taxable","15":"purchasable","16":"product-type-simple"},"_links":{"self":[{"href":"https:\/\/streetpower-rekond.se\/newsite\/sv\/wp-json\/wp\/v2\/product\/22239","targetHints":{"allow":["GET"]}}],"collection":[{"href":"https:\/\/streetpower-rekond.se\/newsite\/sv\/wp-json\/wp\/v2\/product"}],"about":[{"href":"https:\/\/streetpower-rekond.se\/newsite\/sv\/wp-json\/wp\/v2\/types\/product"}],"replies":[{"embeddable":true,"href":"https:\/\/streetpower-rekond.se\/newsite\/sv\/wp-json\/wp\/v2\/comments?post=22239"}],"version-history":[{"count":1,"href":"https:\/\/streetpower-rekond.se\/newsite\/sv\/wp-json\/wp\/v2\/product\/22239\/revisions"}],"predecessor-version":[{"id":23027,"href":"https:\/\/streetpower-rekond.se\/newsite\/sv\/wp-json\/wp\/v2\/product\/22239\/revisions\/23027"}],"wp:featuredmedia":[{"embeddable":true,"href":"https:\/\/streetpower-rekond.se\/newsite\/sv\/wp-json\/wp\/v2\/media\/22241"}],"wp:attachment":[{"href":"https:\/\/streetpower-rekond.se\/newsite\/sv\/wp-json\/wp\/v2\/media?parent=22239"}],"wp:term":[{"taxonomy":"brand","embeddable":true,"href":"https:\/\/streetpower-rekond.se\/newsite\/sv\/wp-json\/wp\/v2\/etheme_brands?post=22239"},{"taxonomy":"product_brand","embeddable":true,"href":"https:\/\/streetpower-rekond.se\/newsite\/sv\/wp-json\/wp\/v2\/product_brand?post=22239"},{"taxonomy":"product_cat","embeddable":true,"href":"https:\/\/streetpower-rekond.se\/newsite\/sv\/wp-json\/wp\/v2\/product_cat?post=22239"},{"taxonomy":"product_tag","embeddable":true,"href":"https:\/\/streetpower-rekond.se\/newsite\/sv\/wp-json\/wp\/v2\/product_tag?post=22239"}],"curies":[{"name":"wp","href":"https:\/\/api.w.org\/{rel}","templated":true}]}}