{"id":22221,"date":"2025-01-26T14:01:55","date_gmt":"2025-01-26T14:01:55","guid":{"rendered":"https:\/\/streetpower-rekond.se\/newsite\/?post_type=product&#038;p=22221"},"modified":"2025-03-28T09:01:54","modified_gmt":"2025-03-28T09:01:54","slug":"chemicalworkz-interior-cleaning-scrub-pad-ergo-3st","status":"publish","type":"product","link":"https:\/\/streetpower-rekond.se\/newsite\/sv\/product\/chemicalworkz-interior-cleaning-scrub-pad-ergo-3st\/","title":{"rendered":"chemicalworkz Interior Cleaning Scrub Pad Ergo 3st"},"content":{"rendered":"<p>Chemicalworkz Interior Cleaning Pad Ergo s\u00e4tter nya standarder inom inv\u00e4ndig st\u00e4dning \u2013 och nu finns de praktiska reng\u00f6ringsdynorna i en v\u00e4rdesats om 3! Perfekt f\u00f6r dig som vill ha mer flexibilitet och bekv\u00e4mlighet vid reng\u00f6ring. Den ergonomiska versionen av den popul\u00e4ra reng\u00f6ringsdynan \u00e4r speciellt utvecklad f\u00f6r \u00e4nnu mer bekv\u00e4m och effektiv hantering. Med rundade h\u00f6rn och en central s\u00f6m ligger dynan perfekt i handen och g\u00f6r att du kan reng\u00f6ra exakt \u00e4ven sv\u00e5r\u00e5tkomliga omr\u00e5den och speciellt kurvor.<\/p>\n<p>F\u00f6rb\u00e4ttrad ergonomi och funktionalitet:<\/p>\n<p>Ergonomisk design: rundade h\u00f6rn och en s\u00f6m i mitten f\u00f6r optimal hantering.<br \/>\nOptimerade m\u00e5tt: Med en storlek p\u00e5 15 \u00d7 12 \u00d7 3,5 cm ligger dynan perfekt i handen.<br \/>\nDubbelsidig: B\u00e5da sidorna av dynan \u00e4r gjorda av h\u00f6gkvalitativ vit mikrofiber \u2013 f\u00f6r maximal reng\u00f6ringsprestanda och flexibilitet.<br \/>\nUtm\u00e4rkt reng\u00f6ringsprestanda:<\/p>\n<p>L\u00e5nga, grova fibrer p\u00e5 b\u00e5da sidor tar bort envis smuts och fl\u00e4ckar utan anstr\u00e4ngning.<br \/>\nH\u00f6g smutsupptagning f\u00f6r grundlig och snabb reng\u00f6ring.<br \/>\nL\u00e4mplig f\u00f6r n\u00e4stan alla inv\u00e4ndiga ytor, inklusive plast, l\u00e4der och textilier.<br \/>\nProduktegenskaper:<\/p>\n<p>F\u00e4rg: Vit<br \/>\nAntal: 3 st<br \/>\nStorlek: 15 \u00d7 12 \u00d7 3,5 cm<br \/>\nKant: Overlocks\u00f6m<br \/>\nS\u00e4rskilt ergonomisk form<br \/>\nTillverkad av slitstarka och h\u00f6gkvalitativa material<br \/>\nTips:<br \/>\nF\u00f6r att s\u00e4kerst\u00e4lla att din chemicalworkz Inv\u00e4ndig reng\u00f6ringsdynor Ergo h\u00e5ller l\u00e4nge rekommenderar vi f\u00f6ljande sk\u00f6tselr\u00e5d: Tv\u00e4tta aldrig i tv\u00e4ttmaskin, torktumla inte.<\/p>\n","protected":false},"excerpt":{"rendered":"<p>Chemicalworkz Interior Cleaning Pad Ergo s\u00e4tter nya standarder inom inv\u00e4ndig st\u00e4dning \u2013 och nu finns de praktiska reng\u00f6ringsdynorna i en v\u00e4rdesats om 3! Perfekt f\u00f6r&#8230;<\/p>\n","protected":false},"featured_media":22226,"comment_status":"open","ping_status":"closed","template":"","meta":[],"etheme_brands":[{"term_id":392,"name":"chemicalworkz","slug":"chemicalworkz","term_group":0,"term_taxonomy_id":392,"taxonomy":"brand","description":"","parent":0,"count":53,"filter":"raw"}],"product_brand":[367],"product_cat":[219],"product_tag":[],"class_list":{"0":"post-22221","1":"product","2":"type-product","3":"status-publish","4":"has-post-thumbnail","6":"brand-chemicalworkz","7":"product_brand-chemicalworkz","8":"product_cat-mikrofiberdukar","10":"first","11":"instock","12":"taxable","13":"shipping-taxable","14":"purchasable","15":"product-type-simple"},"_links":{"self":[{"href":"https:\/\/streetpower-rekond.se\/newsite\/sv\/wp-json\/wp\/v2\/product\/22221","targetHints":{"allow":["GET"]}}],"collection":[{"href":"https:\/\/streetpower-rekond.se\/newsite\/sv\/wp-json\/wp\/v2\/product"}],"about":[{"href":"https:\/\/streetpower-rekond.se\/newsite\/sv\/wp-json\/wp\/v2\/types\/product"}],"replies":[{"embeddable":true,"href":"https:\/\/streetpower-rekond.se\/newsite\/sv\/wp-json\/wp\/v2\/comments?post=22221"}],"version-history":[{"count":1,"href":"https:\/\/streetpower-rekond.se\/newsite\/sv\/wp-json\/wp\/v2\/product\/22221\/revisions"}],"predecessor-version":[{"id":23026,"href":"https:\/\/streetpower-rekond.se\/newsite\/sv\/wp-json\/wp\/v2\/product\/22221\/revisions\/23026"}],"wp:featuredmedia":[{"embeddable":true,"href":"https:\/\/streetpower-rekond.se\/newsite\/sv\/wp-json\/wp\/v2\/media\/22226"}],"wp:attachment":[{"href":"https:\/\/streetpower-rekond.se\/newsite\/sv\/wp-json\/wp\/v2\/media?parent=22221"}],"wp:term":[{"taxonomy":"brand","embeddable":true,"href":"https:\/\/streetpower-rekond.se\/newsite\/sv\/wp-json\/wp\/v2\/etheme_brands?post=22221"},{"taxonomy":"product_brand","embeddable":true,"href":"https:\/\/streetpower-rekond.se\/newsite\/sv\/wp-json\/wp\/v2\/product_brand?post=22221"},{"taxonomy":"product_cat","embeddable":true,"href":"https:\/\/streetpower-rekond.se\/newsite\/sv\/wp-json\/wp\/v2\/product_cat?post=22221"},{"taxonomy":"product_tag","embeddable":true,"href":"https:\/\/streetpower-rekond.se\/newsite\/sv\/wp-json\/wp\/v2\/product_tag?post=22221"}],"curies":[{"name":"wp","href":"https:\/\/api.w.org\/{rel}","templated":true}]}}