{"id":22218,"date":"2025-01-26T13:44:27","date_gmt":"2025-01-26T13:44:27","guid":{"rendered":"https:\/\/streetpower-rekond.se\/newsite\/?post_type=product&#038;p=22218"},"modified":"2025-03-28T09:02:29","modified_gmt":"2025-03-28T09:02:29","slug":"s17-rubbing-compound-1-kg","status":"publish","type":"product","link":"https:\/\/streetpower-rekond.se\/newsite\/sv\/product\/s17-rubbing-compound-1-kg\/","title":{"rendered":"S17+ RUBBING COMPOUND 1 KG"},"content":{"rendered":"<p>Den universella High Performance Compound S17+ kan anv\u00e4ndas f\u00f6r alla typer av applikationer p\u00e5 nym\u00e5lade ytor samt f\u00f6r borttagning av kraftigt repad och v\u00e4derbitna lack. Den utm\u00e4rkta sk\u00e4rprestandan tillsammans med den briljanta spegelglansen och den minimala dammbildningen kommer att \u00f6vertyga dig. Tack vare den unika iPT-tekniken (intelligent Powder Technology) tas djupa repor och P2000-slipm\u00e4rken enkelt och snabbt bort. B\u00e4st l\u00e4mpad f\u00f6r rept\u00e5liga klarlacker.<\/p>\n<p>Den universella sk\u00e4rmassan S17+ kan i allm\u00e4nhet anv\u00e4ndas med alla SCHOLL polerkuddar. P\u00e5 f\u00e4rska lacker rekommenderar vi att du anv\u00e4nder den h\u00e5rda, m\u00f6rkbl\u00e5 SpiderPad. P\u00e5 anv\u00e4nda och v\u00e4derbitna ytor kan b\u00e4sta resultat uppn\u00e5s med de \u00f6ppna lila polerkuddarna.<\/p>\n<p>Ta enkelt bort P2000 slipsp\u00e5r<br \/>\nKan anv\u00e4ndas med n\u00e4stan alla SCHOLL Concepts polerskivor<br \/>\nIngen uttorkning av pastan under polering<br \/>\nIntelligent pulverteknik (iPT)<br \/>\nSilikonfri<br \/>\nMaximalt snitt med maximal glans<\/p>\n","protected":false},"excerpt":{"rendered":"<p>Den universella High Performance Compound S17+ kan anv\u00e4ndas f\u00f6r alla typer av applikationer p\u00e5 nym\u00e5lade ytor samt f\u00f6r borttagning av kraftigt repad och v\u00e4derbitna lack&#8230;.<\/p>\n","protected":false},"featured_media":22220,"comment_status":"open","ping_status":"closed","template":"","meta":[],"etheme_brands":[{"term_id":403,"name":"Scholl Concept","slug":"scholl-concept","term_group":0,"term_taxonomy_id":403,"taxonomy":"brand","description":"","parent":0,"count":34,"filter":"raw"}],"product_brand":[378],"product_cat":[214],"product_tag":[],"class_list":{"0":"post-22218","1":"product","2":"type-product","3":"status-publish","4":"has-post-thumbnail","6":"brand-scholl-concept","7":"product_brand-scholl-koncept","8":"product_cat-polermedel","10":"first","11":"instock","12":"taxable","13":"shipping-taxable","14":"purchasable","15":"product-type-simple"},"_links":{"self":[{"href":"https:\/\/streetpower-rekond.se\/newsite\/sv\/wp-json\/wp\/v2\/product\/22218","targetHints":{"allow":["GET"]}}],"collection":[{"href":"https:\/\/streetpower-rekond.se\/newsite\/sv\/wp-json\/wp\/v2\/product"}],"about":[{"href":"https:\/\/streetpower-rekond.se\/newsite\/sv\/wp-json\/wp\/v2\/types\/product"}],"replies":[{"embeddable":true,"href":"https:\/\/streetpower-rekond.se\/newsite\/sv\/wp-json\/wp\/v2\/comments?post=22218"}],"version-history":[{"count":1,"href":"https:\/\/streetpower-rekond.se\/newsite\/sv\/wp-json\/wp\/v2\/product\/22218\/revisions"}],"predecessor-version":[{"id":23028,"href":"https:\/\/streetpower-rekond.se\/newsite\/sv\/wp-json\/wp\/v2\/product\/22218\/revisions\/23028"}],"wp:featuredmedia":[{"embeddable":true,"href":"https:\/\/streetpower-rekond.se\/newsite\/sv\/wp-json\/wp\/v2\/media\/22220"}],"wp:attachment":[{"href":"https:\/\/streetpower-rekond.se\/newsite\/sv\/wp-json\/wp\/v2\/media?parent=22218"}],"wp:term":[{"taxonomy":"brand","embeddable":true,"href":"https:\/\/streetpower-rekond.se\/newsite\/sv\/wp-json\/wp\/v2\/etheme_brands?post=22218"},{"taxonomy":"product_brand","embeddable":true,"href":"https:\/\/streetpower-rekond.se\/newsite\/sv\/wp-json\/wp\/v2\/product_brand?post=22218"},{"taxonomy":"product_cat","embeddable":true,"href":"https:\/\/streetpower-rekond.se\/newsite\/sv\/wp-json\/wp\/v2\/product_cat?post=22218"},{"taxonomy":"product_tag","embeddable":true,"href":"https:\/\/streetpower-rekond.se\/newsite\/sv\/wp-json\/wp\/v2\/product_tag?post=22218"}],"curies":[{"name":"wp","href":"https:\/\/api.w.org\/{rel}","templated":true}]}}