{"id":22203,"date":"2025-01-26T12:18:26","date_gmt":"2025-01-26T12:18:26","guid":{"rendered":"https:\/\/streetpower-rekond.se\/newsite\/?post_type=product&#038;p=22203"},"modified":"2025-03-28T09:04:41","modified_gmt":"2025-03-28T09:04:41","slug":"chemicalworkz-magic-clay-bar-2x50g-fin","status":"publish","type":"product","link":"https:\/\/streetpower-rekond.se\/newsite\/sv\/product\/chemicalworkz-magic-clay-bar-2x50g-fin\/","title":{"rendered":"chemicalworkz Magic Clay Bar 2\u00d750g Fin"},"content":{"rendered":"<p>Lera \u00e4r en n\u00f6dv\u00e4ndig f\u00f6rberedelse f\u00f6r polering f\u00f6r att uppn\u00e5 b\u00e4sta resultat p\u00e5 f\u00e4rg eller glas. Denna f\u00e4rgreng\u00f6ringslera \u00e4r gjord av h\u00f6gkvalitativt och avancerat material och har en h\u00f6g reng\u00f6ringsf\u00f6rm\u00e5ga.<\/p>\n<p>Produktegenskaper:<br \/>\n\u2022 2 \u00d7 50 g fin reng\u00f6rings lera ChemicalWorkz Magic Clay Bar<br \/>\n\u2022 Stark reng\u00f6ringskraft: Tar bort tr\u00e4dsaftdimma, insektsrester, f\u00e4rgst\u00e4nk, v\u00e4gtj\u00e4ra, och annan envis smuts.<\/p>\n","protected":false},"excerpt":{"rendered":"<p>Lera \u00e4r en n\u00f6dv\u00e4ndig f\u00f6rberedelse f\u00f6r polering f\u00f6r att uppn\u00e5 b\u00e4sta resultat p\u00e5 f\u00e4rg eller glas. Denna f\u00e4rgreng\u00f6ringslera \u00e4r gjord av h\u00f6gkvalitativt och avancerat material&#8230;<\/p>\n","protected":false},"featured_media":22204,"comment_status":"open","ping_status":"closed","template":"","meta":[],"etheme_brands":[{"term_id":392,"name":"chemicalworkz","slug":"chemicalworkz","term_group":0,"term_taxonomy_id":392,"taxonomy":"brand","description":"","parent":0,"count":53,"filter":"raw"}],"product_brand":[367],"product_cat":[242],"product_tag":[],"class_list":{"0":"post-22203","1":"product","2":"type-product","3":"status-publish","4":"has-post-thumbnail","6":"brand-chemicalworkz","7":"product_brand-chemicalworkz","8":"product_cat-lack-lera","10":"first","11":"instock","12":"taxable","13":"shipping-taxable","14":"purchasable","15":"product-type-simple"},"_links":{"self":[{"href":"https:\/\/streetpower-rekond.se\/newsite\/sv\/wp-json\/wp\/v2\/product\/22203","targetHints":{"allow":["GET"]}}],"collection":[{"href":"https:\/\/streetpower-rekond.se\/newsite\/sv\/wp-json\/wp\/v2\/product"}],"about":[{"href":"https:\/\/streetpower-rekond.se\/newsite\/sv\/wp-json\/wp\/v2\/types\/product"}],"replies":[{"embeddable":true,"href":"https:\/\/streetpower-rekond.se\/newsite\/sv\/wp-json\/wp\/v2\/comments?post=22203"}],"version-history":[{"count":1,"href":"https:\/\/streetpower-rekond.se\/newsite\/sv\/wp-json\/wp\/v2\/product\/22203\/revisions"}],"predecessor-version":[{"id":23033,"href":"https:\/\/streetpower-rekond.se\/newsite\/sv\/wp-json\/wp\/v2\/product\/22203\/revisions\/23033"}],"wp:featuredmedia":[{"embeddable":true,"href":"https:\/\/streetpower-rekond.se\/newsite\/sv\/wp-json\/wp\/v2\/media\/22204"}],"wp:attachment":[{"href":"https:\/\/streetpower-rekond.se\/newsite\/sv\/wp-json\/wp\/v2\/media?parent=22203"}],"wp:term":[{"taxonomy":"brand","embeddable":true,"href":"https:\/\/streetpower-rekond.se\/newsite\/sv\/wp-json\/wp\/v2\/etheme_brands?post=22203"},{"taxonomy":"product_brand","embeddable":true,"href":"https:\/\/streetpower-rekond.se\/newsite\/sv\/wp-json\/wp\/v2\/product_brand?post=22203"},{"taxonomy":"product_cat","embeddable":true,"href":"https:\/\/streetpower-rekond.se\/newsite\/sv\/wp-json\/wp\/v2\/product_cat?post=22203"},{"taxonomy":"product_tag","embeddable":true,"href":"https:\/\/streetpower-rekond.se\/newsite\/sv\/wp-json\/wp\/v2\/product_tag?post=22203"}],"curies":[{"name":"wp","href":"https:\/\/api.w.org\/{rel}","templated":true}]}}