{"id":22196,"date":"2025-01-26T10:03:12","date_gmt":"2025-01-26T10:03:12","guid":{"rendered":"https:\/\/streetpower-rekond.se\/newsite\/?post_type=product&#038;p=22196"},"modified":"2025-03-28T09:05:23","modified_gmt":"2025-03-28T09:05:23","slug":"chemicalworkz-tire-dressing-brush","status":"publish","type":"product","link":"https:\/\/streetpower-rekond.se\/newsite\/sv\/product\/chemicalworkz-tire-dressing-brush\/","title":{"rendered":"Chemicalworkz Tire Dressing Brush"},"content":{"rendered":"<p>Chemicalworkz Tire Dressing Brush \u00e4r den perfekta l\u00f6sningen f\u00f6r noggrann och exakt v\u00e5rd av dina d\u00e4ck och plastytor. Denna extremt mjuka men robusta borste med kort h\u00e5r \u00e4r idealisk f\u00f6r att applicera d\u00e4ckglans<br \/>\n.Tack vare de t\u00e4ta och flexibla nylonborsten n\u00e5r borsten \u00e4ven de minsta f\u00f6rdjupningar och sp\u00e5r p\u00e5 d\u00e4cket, inklusive d\u00e4cktillverkarnas typiska m\u00e4rkesm\u00e4rken.<\/p>\n<p>Produktegenskaper:<br \/>\n\u2022 Nylonborst av h\u00f6g kvalitet<br \/>\n\u2022 Ergonomiskt handtag<br \/>\n\u2022 M\u00e5ngsidig<br \/>\n\u2022 Exakt applicering<br \/>\n\u2022 Praktisk f\u00f6rvaring<\/p>\n<p>Chemicalworkz Tire Dressing Brush \u00e4r inte bara idealisk f\u00f6r d\u00e4ck, utan \u00e4ven f\u00f6r andra delar av fordonet som motorrummet. Med denna borste kan du uppn\u00e5 en j\u00e4mn och ren applicering av dina v\u00e5rdprodukter och s\u00e4kerst\u00e4lla en perfekt finish.<\/p>\n","protected":false},"excerpt":{"rendered":"<p>Chemicalworkz Tire Dressing Brush \u00e4r den perfekta l\u00f6sningen f\u00f6r noggrann och exakt v\u00e5rd av dina d\u00e4ck och plastytor. Denna extremt mjuka men robusta borste med&#8230;<\/p>\n","protected":false},"featured_media":22197,"comment_status":"open","ping_status":"closed","template":"","meta":[],"etheme_brands":[{"term_id":392,"name":"chemicalworkz","slug":"chemicalworkz","term_group":0,"term_taxonomy_id":392,"taxonomy":"brand","description":"","parent":0,"count":53,"filter":"raw"}],"product_brand":[367],"product_cat":[264],"product_tag":[],"class_list":{"0":"post-22196","1":"product","2":"type-product","3":"status-publish","4":"has-post-thumbnail","6":"brand-chemicalworkz","7":"product_brand-chemicalworkz","8":"product_cat-faelgborstar","10":"first","11":"instock","12":"taxable","13":"shipping-taxable","14":"purchasable","15":"product-type-simple"},"_links":{"self":[{"href":"https:\/\/streetpower-rekond.se\/newsite\/sv\/wp-json\/wp\/v2\/product\/22196","targetHints":{"allow":["GET"]}}],"collection":[{"href":"https:\/\/streetpower-rekond.se\/newsite\/sv\/wp-json\/wp\/v2\/product"}],"about":[{"href":"https:\/\/streetpower-rekond.se\/newsite\/sv\/wp-json\/wp\/v2\/types\/product"}],"replies":[{"embeddable":true,"href":"https:\/\/streetpower-rekond.se\/newsite\/sv\/wp-json\/wp\/v2\/comments?post=22196"}],"version-history":[{"count":1,"href":"https:\/\/streetpower-rekond.se\/newsite\/sv\/wp-json\/wp\/v2\/product\/22196\/revisions"}],"predecessor-version":[{"id":23037,"href":"https:\/\/streetpower-rekond.se\/newsite\/sv\/wp-json\/wp\/v2\/product\/22196\/revisions\/23037"}],"wp:featuredmedia":[{"embeddable":true,"href":"https:\/\/streetpower-rekond.se\/newsite\/sv\/wp-json\/wp\/v2\/media\/22197"}],"wp:attachment":[{"href":"https:\/\/streetpower-rekond.se\/newsite\/sv\/wp-json\/wp\/v2\/media?parent=22196"}],"wp:term":[{"taxonomy":"brand","embeddable":true,"href":"https:\/\/streetpower-rekond.se\/newsite\/sv\/wp-json\/wp\/v2\/etheme_brands?post=22196"},{"taxonomy":"product_brand","embeddable":true,"href":"https:\/\/streetpower-rekond.se\/newsite\/sv\/wp-json\/wp\/v2\/product_brand?post=22196"},{"taxonomy":"product_cat","embeddable":true,"href":"https:\/\/streetpower-rekond.se\/newsite\/sv\/wp-json\/wp\/v2\/product_cat?post=22196"},{"taxonomy":"product_tag","embeddable":true,"href":"https:\/\/streetpower-rekond.se\/newsite\/sv\/wp-json\/wp\/v2\/product_tag?post=22196"}],"curies":[{"name":"wp","href":"https:\/\/api.w.org\/{rel}","templated":true}]}}