{"id":22188,"date":"2025-01-26T08:44:13","date_gmt":"2025-01-26T08:44:13","guid":{"rendered":"https:\/\/streetpower-rekond.se\/newsite\/?post_type=product&#038;p=22188"},"modified":"2025-03-28T09:05:49","modified_gmt":"2025-03-28T09:05:49","slug":"chemicalworkz-flat-wheel-brush","status":"publish","type":"product","link":"https:\/\/streetpower-rekond.se\/newsite\/sv\/product\/chemicalworkz-flat-wheel-brush\/","title":{"rendered":"Chemicalworkz Flat Wheel Brush"},"content":{"rendered":"<p>Chemicalworkz Flat Wheel Brush \u00e4r den idealiska f\u00e4lgborsten f\u00f6r alla bil\u00e4lskare som letar efter en h\u00f6gkvalitativ och effektiv reng\u00f6ringsborste f\u00f6r sina f\u00e4lgar. Borsten \u00e4r gjord av ett enda stycke och \u00e4r extremt tunn, vilket g\u00f6r att den kan reng\u00f6ra \u00e4ven de tr\u00e5ngaste springorna i dina f\u00e4lgar.<\/p>\n<p>Borstens huvud har sm\u00e5 rundade hullingar f\u00f6r att s\u00e4kerst\u00e4lla 100 % fixering av mikrofiberh\u00f6ljet. Den totala l\u00e4ngden inklusive handtag \u00e4r 50 cm, med det f\u00f6rl\u00e4ngda locket som m\u00e4ter ca 21 cm. Den maximala kompressionen p\u00e5 endast 1,5 cm g\u00f6r f\u00e4lgborsten perfekt f\u00f6r anv\u00e4ndning i tr\u00e5nga utrymmen, till exempel mellan f\u00e4lg och bromsok.<\/p>\n<p>K\u00e5pan \u00e4r tillverkad av en h\u00f6gkvalitativ blandning av mikrofiber, vilket s\u00e4kerst\u00e4ller en s\u00e4rskilt skonsam och noggrann reng\u00f6ring av dina f\u00e4lgar. Borstens handtag \u00e4r helt kemikaliebest\u00e4ndigt och har ett urtag f\u00f6r upph\u00e4ngning. Den enkla designen i gr\u00e5tt och svart g\u00f6r borsten till ett riktigt blickf\u00e5ng i ditt bilv\u00e5rdssortiment.<\/p>\n<p>&nbsp;<\/p>\n<p>Produktegenskaper:<br \/>\n\u2022 F\u00e4rg: gr\u00e5\/svart<br \/>\n\u2022 Total l\u00e4ngd: 50cm<br \/>\n\u2022 Handtagsl\u00e4ngd: 13,5cm<br \/>\n\u2022 Borsthuvudets l\u00e4ngd: ca 21cm<br \/>\n\u2022 Textilkomponenter: 92% polyester \/ 8% viskos<br \/>\n\u2022 \u00c5terf\u00f6rslutbar, milj\u00f6v\u00e4nlig blixtl\u00e5sv\u00e4ska<br \/>\n\u2022 Reng\u00f6ring av fordonsf\u00e4lgar<\/p>\n<p>Tips:<br \/>\nF\u00f6r att s\u00e4kerst\u00e4lla livsl\u00e4ngden p\u00e5 dina mikrofiberprodukter rekommenderar vi att du f\u00f6ljer f\u00f6ljande instruktioner: maskintv\u00e4tt, l\u00e5g tv\u00e4tttemperatur (max. 40\u00b0C), anv\u00e4nd ett speciellt mikrofibertv\u00e4ttmedel, anv\u00e4nd aldrig sk\u00f6ljmedel, torktumla inte.<\/p>\n","protected":false},"excerpt":{"rendered":"<p>Chemicalworkz Flat Wheel Brush \u00e4r den idealiska f\u00e4lgborsten f\u00f6r alla bil\u00e4lskare som letar efter en h\u00f6gkvalitativ och effektiv reng\u00f6ringsborste f\u00f6r sina f\u00e4lgar. Borsten \u00e4r gjord&#8230;<\/p>\n","protected":false},"featured_media":22189,"comment_status":"open","ping_status":"closed","template":"","meta":[],"etheme_brands":[{"term_id":392,"name":"chemicalworkz","slug":"chemicalworkz","term_group":0,"term_taxonomy_id":392,"taxonomy":"brand","description":"","parent":0,"count":53,"filter":"raw"}],"product_brand":[367],"product_cat":[264],"product_tag":[],"class_list":{"0":"post-22188","1":"product","2":"type-product","3":"status-publish","4":"has-post-thumbnail","6":"brand-chemicalworkz","7":"product_brand-chemicalworkz","8":"product_cat-faelgborstar","10":"first","11":"instock","12":"taxable","13":"shipping-taxable","14":"purchasable","15":"product-type-simple"},"_links":{"self":[{"href":"https:\/\/streetpower-rekond.se\/newsite\/sv\/wp-json\/wp\/v2\/product\/22188","targetHints":{"allow":["GET"]}}],"collection":[{"href":"https:\/\/streetpower-rekond.se\/newsite\/sv\/wp-json\/wp\/v2\/product"}],"about":[{"href":"https:\/\/streetpower-rekond.se\/newsite\/sv\/wp-json\/wp\/v2\/types\/product"}],"replies":[{"embeddable":true,"href":"https:\/\/streetpower-rekond.se\/newsite\/sv\/wp-json\/wp\/v2\/comments?post=22188"}],"version-history":[{"count":1,"href":"https:\/\/streetpower-rekond.se\/newsite\/sv\/wp-json\/wp\/v2\/product\/22188\/revisions"}],"predecessor-version":[{"id":23065,"href":"https:\/\/streetpower-rekond.se\/newsite\/sv\/wp-json\/wp\/v2\/product\/22188\/revisions\/23065"}],"wp:featuredmedia":[{"embeddable":true,"href":"https:\/\/streetpower-rekond.se\/newsite\/sv\/wp-json\/wp\/v2\/media\/22189"}],"wp:attachment":[{"href":"https:\/\/streetpower-rekond.se\/newsite\/sv\/wp-json\/wp\/v2\/media?parent=22188"}],"wp:term":[{"taxonomy":"brand","embeddable":true,"href":"https:\/\/streetpower-rekond.se\/newsite\/sv\/wp-json\/wp\/v2\/etheme_brands?post=22188"},{"taxonomy":"product_brand","embeddable":true,"href":"https:\/\/streetpower-rekond.se\/newsite\/sv\/wp-json\/wp\/v2\/product_brand?post=22188"},{"taxonomy":"product_cat","embeddable":true,"href":"https:\/\/streetpower-rekond.se\/newsite\/sv\/wp-json\/wp\/v2\/product_cat?post=22188"},{"taxonomy":"product_tag","embeddable":true,"href":"https:\/\/streetpower-rekond.se\/newsite\/sv\/wp-json\/wp\/v2\/product_tag?post=22188"}],"curies":[{"name":"wp","href":"https:\/\/api.w.org\/{rel}","templated":true}]}}