{"id":22182,"date":"2025-01-26T08:07:24","date_gmt":"2025-01-26T08:07:24","guid":{"rendered":"https:\/\/streetpower-rekond.se\/newsite\/?post_type=product&#038;p=22182"},"modified":"2025-04-18T11:07:31","modified_gmt":"2025-04-18T11:07:31","slug":"chemicalworkz-coating-applicator-kit","status":"publish","type":"product","link":"https:\/\/streetpower-rekond.se\/newsite\/sv\/product\/chemicalworkz-coating-applicator-kit\/","title":{"rendered":"Chemicalworkz Coating Applicator Kit"},"content":{"rendered":"<p>Chemicalworkz Coating Applicator Kit best\u00e5r av v\u00e5r tv\u00e5lagers appliceringssvamp och fem chemicalworkz vita mockadukar. perfekt till produkter som beh\u00f6ver appliceras sparsamt, s\u00e5som keramiska t\u00e4tningsmedel.<\/p>\n<p>ChemicalWorkz Coating Applicator och chemicalworkz White Mockahanddukar tillverkades till 100 % i samarbete med en koreansk fabrik.<\/p>\n<p>Produktegenskaper:<br \/>\n\u2022 F\u00e4rg: svart<br \/>\n\u2022 Storlek: 9 x 4 x 2cm<br \/>\n\u2022 Inneh\u00e5ll: 1 applikator &amp; 5 mockadukar<\/p>\n","protected":false},"excerpt":{"rendered":"<p>Chemicalworkz Coating Applicator Kit best\u00e5r av v\u00e5r tv\u00e5lagers appliceringssvamp och fem chemicalworkz vita mockadukar. perfekt till produkter som beh\u00f6ver appliceras sparsamt, s\u00e5som keramiska t\u00e4tningsmedel. ChemicalWorkz&#8230;<\/p>\n","protected":false},"featured_media":22183,"comment_status":"open","ping_status":"closed","template":"","meta":[],"etheme_brands":[{"term_id":392,"name":"chemicalworkz","slug":"chemicalworkz","term_group":0,"term_taxonomy_id":392,"taxonomy":"brand","description":"","parent":0,"count":53,"filter":"raw"}],"product_brand":[367],"product_cat":[210],"product_tag":[],"class_list":{"0":"post-22182","1":"product","2":"type-product","3":"status-publish","4":"has-post-thumbnail","6":"brand-chemicalworkz","7":"product_brand-chemicalworkz","8":"product_cat-keramiska-lackskydd","10":"first","11":"instock","12":"taxable","13":"shipping-taxable","14":"purchasable","15":"product-type-simple"},"_links":{"self":[{"href":"https:\/\/streetpower-rekond.se\/newsite\/sv\/wp-json\/wp\/v2\/product\/22182","targetHints":{"allow":["GET"]}}],"collection":[{"href":"https:\/\/streetpower-rekond.se\/newsite\/sv\/wp-json\/wp\/v2\/product"}],"about":[{"href":"https:\/\/streetpower-rekond.se\/newsite\/sv\/wp-json\/wp\/v2\/types\/product"}],"replies":[{"embeddable":true,"href":"https:\/\/streetpower-rekond.se\/newsite\/sv\/wp-json\/wp\/v2\/comments?post=22182"}],"version-history":[{"count":1,"href":"https:\/\/streetpower-rekond.se\/newsite\/sv\/wp-json\/wp\/v2\/product\/22182\/revisions"}],"predecessor-version":[{"id":22991,"href":"https:\/\/streetpower-rekond.se\/newsite\/sv\/wp-json\/wp\/v2\/product\/22182\/revisions\/22991"}],"wp:featuredmedia":[{"embeddable":true,"href":"https:\/\/streetpower-rekond.se\/newsite\/sv\/wp-json\/wp\/v2\/media\/22183"}],"wp:attachment":[{"href":"https:\/\/streetpower-rekond.se\/newsite\/sv\/wp-json\/wp\/v2\/media?parent=22182"}],"wp:term":[{"taxonomy":"brand","embeddable":true,"href":"https:\/\/streetpower-rekond.se\/newsite\/sv\/wp-json\/wp\/v2\/etheme_brands?post=22182"},{"taxonomy":"product_brand","embeddable":true,"href":"https:\/\/streetpower-rekond.se\/newsite\/sv\/wp-json\/wp\/v2\/product_brand?post=22182"},{"taxonomy":"product_cat","embeddable":true,"href":"https:\/\/streetpower-rekond.se\/newsite\/sv\/wp-json\/wp\/v2\/product_cat?post=22182"},{"taxonomy":"product_tag","embeddable":true,"href":"https:\/\/streetpower-rekond.se\/newsite\/sv\/wp-json\/wp\/v2\/product_tag?post=22182"}],"curies":[{"name":"wp","href":"https:\/\/api.w.org\/{rel}","templated":true}]}}