{"id":22074,"date":"2025-01-19T10:02:05","date_gmt":"2025-01-19T10:02:05","guid":{"rendered":"https:\/\/streetpower-rekond.se\/newsite\/?post_type=product&#038;p=22074"},"modified":"2025-03-28T09:07:25","modified_gmt":"2025-03-28T09:07:25","slug":"maskeringstejp-36-mm-x-50m-3st","status":"publish","type":"product","link":"https:\/\/streetpower-rekond.se\/newsite\/sv\/product\/maskeringstejp-36-mm-x-50m-3st\/","title":{"rendered":"Maskeringstejp 36 mm x 50m 3st"},"content":{"rendered":"<p>chemicalworkz Maskeringstejp 18mm- Den professionella premium tejpen f\u00f6r de h\u00f6gsta kraven<br \/>\nV\u00e5r professionella, vattent\u00e4ta med klister av naturgummi. Denna tejp garanterar utm\u00e4rkt motst\u00e5ndskraft mot fukt, vatten och l\u00f6sningsmedelsbaserade kemikalier.<\/p>\n<p>Chemicalworkz Masking Tape designades och konstruerades specifikt som en polertejp f\u00f6r att t\u00e4cka bilar och bildelar under poleringsprocessen. Den sj\u00e4lvh\u00e4ftande formeln f\u00f6r denna tejp garanterar enkel och ren borttagning utan att l\u00e4mna n\u00e5gra rester, medan baksidan \u00e4r designad f\u00f6r att inte g\u00e5 s\u00f6nder och l\u00e4tt anpassa sig till olika typer av oregelbundna ytor.<\/p>\n<p>Specialfunktioner:<br \/>\n\u2022 Utm\u00e4rkt anpassningsf\u00f6rm\u00e5ga till b\u00f6jda profiler<br \/>\n\u2022 Enkel borttagning<br \/>\n\u2022 H\u00f6g stabilitet<\/p>\n<p>Produktegenskaper:<br \/>\n\u2022 M\u00e5tt: 36mm x 50m<br \/>\n\u2022 Antal: 3 st<br \/>\n\u2022 F\u00e4rg: Bl\u00e5<\/p>\n","protected":false},"excerpt":{"rendered":"<p>chemicalworkz Maskeringstejp 18mm- Den professionella premium tejpen f\u00f6r de h\u00f6gsta kraven V\u00e5r professionella, vattent\u00e4ta med klister av naturgummi. Denna tejp garanterar utm\u00e4rkt motst\u00e5ndskraft mot fukt,&#8230;<\/p>\n","protected":false},"featured_media":22075,"comment_status":"open","ping_status":"closed","template":"","meta":[],"etheme_brands":[{"term_id":392,"name":"chemicalworkz","slug":"chemicalworkz","term_group":0,"term_taxonomy_id":392,"taxonomy":"brand","description":"","parent":0,"count":53,"filter":"raw"}],"product_brand":[367],"product_cat":[216],"product_tag":[],"class_list":{"0":"post-22074","1":"product","2":"type-product","3":"status-publish","4":"has-post-thumbnail","6":"brand-chemicalworkz","7":"product_brand-chemicalworkz","8":"product_cat-maskeringstejp","10":"first","11":"instock","12":"taxable","13":"shipping-taxable","14":"purchasable","15":"product-type-simple"},"_links":{"self":[{"href":"https:\/\/streetpower-rekond.se\/newsite\/sv\/wp-json\/wp\/v2\/product\/22074","targetHints":{"allow":["GET"]}}],"collection":[{"href":"https:\/\/streetpower-rekond.se\/newsite\/sv\/wp-json\/wp\/v2\/product"}],"about":[{"href":"https:\/\/streetpower-rekond.se\/newsite\/sv\/wp-json\/wp\/v2\/types\/product"}],"replies":[{"embeddable":true,"href":"https:\/\/streetpower-rekond.se\/newsite\/sv\/wp-json\/wp\/v2\/comments?post=22074"}],"version-history":[{"count":1,"href":"https:\/\/streetpower-rekond.se\/newsite\/sv\/wp-json\/wp\/v2\/product\/22074\/revisions"}],"predecessor-version":[{"id":23038,"href":"https:\/\/streetpower-rekond.se\/newsite\/sv\/wp-json\/wp\/v2\/product\/22074\/revisions\/23038"}],"wp:featuredmedia":[{"embeddable":true,"href":"https:\/\/streetpower-rekond.se\/newsite\/sv\/wp-json\/wp\/v2\/media\/22075"}],"wp:attachment":[{"href":"https:\/\/streetpower-rekond.se\/newsite\/sv\/wp-json\/wp\/v2\/media?parent=22074"}],"wp:term":[{"taxonomy":"brand","embeddable":true,"href":"https:\/\/streetpower-rekond.se\/newsite\/sv\/wp-json\/wp\/v2\/etheme_brands?post=22074"},{"taxonomy":"product_brand","embeddable":true,"href":"https:\/\/streetpower-rekond.se\/newsite\/sv\/wp-json\/wp\/v2\/product_brand?post=22074"},{"taxonomy":"product_cat","embeddable":true,"href":"https:\/\/streetpower-rekond.se\/newsite\/sv\/wp-json\/wp\/v2\/product_cat?post=22074"},{"taxonomy":"product_tag","embeddable":true,"href":"https:\/\/streetpower-rekond.se\/newsite\/sv\/wp-json\/wp\/v2\/product_tag?post=22074"}],"curies":[{"name":"wp","href":"https:\/\/api.w.org\/{rel}","templated":true}]}}