{"id":22054,"date":"2025-01-18T15:59:18","date_gmt":"2025-01-18T15:59:18","guid":{"rendered":"https:\/\/streetpower-rekond.se\/newsite\/?post_type=product&#038;p=22054"},"modified":"2025-03-28T09:08:00","modified_gmt":"2025-03-28T09:08:00","slug":"chemicalworkz-wheel-stand-xl","status":"publish","type":"product","link":"https:\/\/streetpower-rekond.se\/newsite\/sv\/product\/chemicalworkz-wheel-stand-xl\/","title":{"rendered":"chemicalworkz Wheel Stand XL"},"content":{"rendered":"<p>chemicalworkz Wheel Stand XL \u2013 Det robusta f\u00e4lgst\u00e4llet f\u00f6r stora f\u00e4lgar.<\/p>\n<p>Chemicalworkz Wheel Stand XL \u00e4r den idealiska l\u00f6sningen f\u00f6r alla som professionellt vill reng\u00f6ra, skydda och underh\u00e5lla sina f\u00e4lgar. Med sin robusta konstruktion och genomt\u00e4nkta utf\u00f6rande g\u00f6r den detta arbete mycket enklare.<\/p>\n<p>Wheel Stand XL har tre gr\u00e5a hjul som l\u00e5ter hjulet rotera i alla riktningar. Tack vare denna flexibilitet kan du arbeta p\u00e5 dina f\u00e4lgar optimalt, oavsett om du reng\u00f6r, polerar eller lackskydda.<\/p>\n<p>De h\u00f6gkvalitativa gummif\u00f6tterna s\u00e4kerst\u00e4ller att Wheel Stand XL f\u00f6rblir stabilt under hela arbetsprocessen. Stativet \u00e4r tillverkat av slitstarkt 4 mm tjockt st\u00e5l, exakt skuret och b\u00f6jt. Pulverlackeringen ger ytterligare skydd mot oxidation och ger stativet en elegant, h\u00e5llbar svart finish.<\/p>\n<p>Med sina gener\u00f6sa m\u00e5tt p\u00e5 60 cm i l\u00e4ngd och 53 cm i bredd f\u00f6r hjulen \u00e4r Wheel Stand XL perfekt f\u00f6r f\u00e4lgar fr\u00e5n 14 till 22 tum. Dess robusta design med en vikt p\u00e5 13 kg g\u00f6r den idealisk f\u00f6r anv\u00e4ndning med tunga och stora f\u00e4lgar.<\/p>\n<p>Massa:<br \/>\n\u2022 L\u00e4ngd: 60 cm<br \/>\n\u2022 Bredd: 53 cm<br \/>\n\u2022 H\u00f6jd: 92 cm<br \/>\n\u2022 St\u00e5ltjocklek: 4 mm<br \/>\n\u2022 Vikt: 13 kg<\/p>\n<p>Anv\u00e4ndningsomr\u00e5den:<br \/>\n\u2022 Applicering av keramiska lackskydd<br \/>\n\u2022 Polering av f\u00e4lgarna<br \/>\n\u2022 Reng\u00f6ring av f\u00e4lgarna<br \/>\n\u2022 Reng\u00f6ring av d\u00e4cken<\/p>\n<p>Tips.<br \/>\nSe till att torka chemicalworkz Wheel Stand XL efter anv\u00e4ndning<\/p>\n","protected":false},"excerpt":{"rendered":"<p>chemicalworkz Wheel Stand XL \u2013 Det robusta f\u00e4lgst\u00e4llet f\u00f6r stora f\u00e4lgar. Chemicalworkz Wheel Stand XL \u00e4r den idealiska l\u00f6sningen f\u00f6r alla som professionellt vill reng\u00f6ra,&#8230;<\/p>\n","protected":false},"featured_media":22061,"comment_status":"open","ping_status":"closed","template":"","meta":[],"etheme_brands":[{"term_id":392,"name":"chemicalworkz","slug":"chemicalworkz","term_group":0,"term_taxonomy_id":392,"taxonomy":"brand","description":"","parent":0,"count":53,"filter":"raw"}],"product_brand":[367],"product_cat":[241],"product_tag":[],"class_list":{"0":"post-22054","1":"product","2":"type-product","3":"status-publish","4":"has-post-thumbnail","6":"brand-chemicalworkz","7":"product_brand-chemicalworkz","8":"product_cat-faelgrengoering","10":"first","11":"instock","12":"taxable","13":"shipping-taxable","14":"purchasable","15":"product-type-simple"},"_links":{"self":[{"href":"https:\/\/streetpower-rekond.se\/newsite\/sv\/wp-json\/wp\/v2\/product\/22054","targetHints":{"allow":["GET"]}}],"collection":[{"href":"https:\/\/streetpower-rekond.se\/newsite\/sv\/wp-json\/wp\/v2\/product"}],"about":[{"href":"https:\/\/streetpower-rekond.se\/newsite\/sv\/wp-json\/wp\/v2\/types\/product"}],"replies":[{"embeddable":true,"href":"https:\/\/streetpower-rekond.se\/newsite\/sv\/wp-json\/wp\/v2\/comments?post=22054"}],"version-history":[{"count":1,"href":"https:\/\/streetpower-rekond.se\/newsite\/sv\/wp-json\/wp\/v2\/product\/22054\/revisions"}],"predecessor-version":[{"id":23040,"href":"https:\/\/streetpower-rekond.se\/newsite\/sv\/wp-json\/wp\/v2\/product\/22054\/revisions\/23040"}],"wp:featuredmedia":[{"embeddable":true,"href":"https:\/\/streetpower-rekond.se\/newsite\/sv\/wp-json\/wp\/v2\/media\/22061"}],"wp:attachment":[{"href":"https:\/\/streetpower-rekond.se\/newsite\/sv\/wp-json\/wp\/v2\/media?parent=22054"}],"wp:term":[{"taxonomy":"brand","embeddable":true,"href":"https:\/\/streetpower-rekond.se\/newsite\/sv\/wp-json\/wp\/v2\/etheme_brands?post=22054"},{"taxonomy":"product_brand","embeddable":true,"href":"https:\/\/streetpower-rekond.se\/newsite\/sv\/wp-json\/wp\/v2\/product_brand?post=22054"},{"taxonomy":"product_cat","embeddable":true,"href":"https:\/\/streetpower-rekond.se\/newsite\/sv\/wp-json\/wp\/v2\/product_cat?post=22054"},{"taxonomy":"product_tag","embeddable":true,"href":"https:\/\/streetpower-rekond.se\/newsite\/sv\/wp-json\/wp\/v2\/product_tag?post=22054"}],"curies":[{"name":"wp","href":"https:\/\/api.w.org\/{rel}","templated":true}]}}