{"id":22045,"date":"2025-01-18T09:52:58","date_gmt":"2025-01-18T09:52:58","guid":{"rendered":"https:\/\/streetpower-rekond.se\/newsite\/?post_type=product&#038;p=22045"},"modified":"2025-03-28T09:08:21","modified_gmt":"2025-03-28T09:08:21","slug":"chemicalworkz-da12-evo","status":"publish","type":"product","link":"https:\/\/streetpower-rekond.se\/newsite\/sv\/product\/chemicalworkz-da12-evo\/","title":{"rendered":"chemicalworkz DA12 EVO sladdl\u00f6s excentrisk polermaskin"},"content":{"rendered":"<p>Chemicalworkz DA12 EVO imponerar med sin kompakta och l\u00e4tta design, som till\u00e5ter maximal kontroll och enkel hantering. En kraftfull borstl\u00f6s motor s\u00e4kerst\u00e4ller effektiv drift med l\u00e5gt underh\u00e5ll. Maskinen levereras med tv\u00e5 f\u00e4stplattor \u2013 en 75 mm dyna \u00e4r redan f\u00f6rmonterad och en extra 50 mm dyna till\u00e5ter exakta justeringar f\u00f6r alla poleringskrav. Med en variabel hastighetskontroll fr\u00e5n 2 000 till 5 500 rpm kan DA12 anv\u00e4ndas flexibelt och ger utm\u00e4rkta resultat f\u00f6r en m\u00e4ngd olika poleringsuppgifter. Dessutom har DA12 Evo den vanliga l\u00e5smekanismen p\u00e5 v\u00e4nster sida, s\u00e5 att du inte beh\u00f6ver h\u00e5lla maskinen nedtryckt, som det brukar vara med andra maskiner. Tack vare den intelligenta batteritekniken med en sp\u00e4nning p\u00e5 12V och en kapacitet p\u00e5 2,5 Ah erbjuder polermaskinen l\u00e5nga g\u00e5ngtider och snabba laddningstider. Ergonomiskt formad, den ligger bekv\u00e4mt i handen och \u00e4r perfekt f\u00f6r l\u00e4ngre anv\u00e4ndning.<\/p>\n<p>\u2022 chemicalworkz DA12 EVO sladdl\u00f6s excentrisk polermaskin<br \/>\n\u2022 75 mm f\u00e4stplatta (f\u00f6rmonterad)<br \/>\n\u2022 50 mm F\u00e4stplatta<br \/>\n\u2022 2 x Li-ion-batterier (12V, 2,5 Ah)<br \/>\n\u2022 14 mm skiftnyckel<br \/>\n\u2022 Laddare<\/p>\n<p>F\u00f6rdelar med chemicalworkz DA12 EVO:<br \/>\nDenna polermaskin \u00e4r speciellt designad f\u00f6r mobil anv\u00e4ndning. Tack vare den borstl\u00f6sa motorn och den ergonomiska designen \u00e4r den inte bara underh\u00e5llsfri utan ocks\u00e5 extra bekv\u00e4m att anv\u00e4nda. Med tv\u00e5 f\u00e4stplattor och variabel hastighet \u00e4r den l\u00e4mplig f\u00f6r ett brett utbud av poleringsuppgifter &#8211; fr\u00e5n stora applikationer till exakta detaljer. Den kraftfulla batteritekniken s\u00e4kerst\u00e4ller ett oavbrutet arbete och snabba laddningstider.<\/p>\n<p>Chemicalworkz DA12 EVO sladdl\u00f6sa excentriska polermaskin \u00e4r din p\u00e5litliga partner f\u00f6r f\u00f6rstklassiga polerresultat \u2013 var som helst, n\u00e4r som helst.<\/p>\n","protected":false},"excerpt":{"rendered":"<p>chemicalworkz DA12 EVO glidande excentrisk polermaskin \u2013 din l\u00f6sning f\u00f6r mobil och professionell polering. Med sofistikerad design och modern teknik erbjuder denna st\u00e5ngmaskin den perfekta balansen mellan komfort och flexibilitet<\/p>\n","protected":false},"featured_media":22046,"comment_status":"open","ping_status":"closed","template":"","meta":[],"etheme_brands":[{"term_id":392,"name":"chemicalworkz","slug":"chemicalworkz","term_group":0,"term_taxonomy_id":392,"taxonomy":"brand","description":"","parent":0,"count":53,"filter":"raw"}],"product_brand":[367],"product_cat":[238],"product_tag":[],"class_list":{"0":"post-22045","1":"product","2":"type-product","3":"status-publish","4":"has-post-thumbnail","6":"brand-chemicalworkz","7":"product_brand-chemicalworkz","8":"product_cat-polermaskiner","10":"first","11":"instock","12":"taxable","13":"shipping-taxable","14":"purchasable","15":"product-type-simple"},"_links":{"self":[{"href":"https:\/\/streetpower-rekond.se\/newsite\/sv\/wp-json\/wp\/v2\/product\/22045","targetHints":{"allow":["GET"]}}],"collection":[{"href":"https:\/\/streetpower-rekond.se\/newsite\/sv\/wp-json\/wp\/v2\/product"}],"about":[{"href":"https:\/\/streetpower-rekond.se\/newsite\/sv\/wp-json\/wp\/v2\/types\/product"}],"replies":[{"embeddable":true,"href":"https:\/\/streetpower-rekond.se\/newsite\/sv\/wp-json\/wp\/v2\/comments?post=22045"}],"version-history":[{"count":2,"href":"https:\/\/streetpower-rekond.se\/newsite\/sv\/wp-json\/wp\/v2\/product\/22045\/revisions"}],"predecessor-version":[{"id":23130,"href":"https:\/\/streetpower-rekond.se\/newsite\/sv\/wp-json\/wp\/v2\/product\/22045\/revisions\/23130"}],"wp:featuredmedia":[{"embeddable":true,"href":"https:\/\/streetpower-rekond.se\/newsite\/sv\/wp-json\/wp\/v2\/media\/22046"}],"wp:attachment":[{"href":"https:\/\/streetpower-rekond.se\/newsite\/sv\/wp-json\/wp\/v2\/media?parent=22045"}],"wp:term":[{"taxonomy":"brand","embeddable":true,"href":"https:\/\/streetpower-rekond.se\/newsite\/sv\/wp-json\/wp\/v2\/etheme_brands?post=22045"},{"taxonomy":"product_brand","embeddable":true,"href":"https:\/\/streetpower-rekond.se\/newsite\/sv\/wp-json\/wp\/v2\/product_brand?post=22045"},{"taxonomy":"product_cat","embeddable":true,"href":"https:\/\/streetpower-rekond.se\/newsite\/sv\/wp-json\/wp\/v2\/product_cat?post=22045"},{"taxonomy":"product_tag","embeddable":true,"href":"https:\/\/streetpower-rekond.se\/newsite\/sv\/wp-json\/wp\/v2\/product_tag?post=22045"}],"curies":[{"name":"wp","href":"https:\/\/api.w.org\/{rel}","templated":true}]}}