{"id":21871,"date":"2025-01-13T17:10:51","date_gmt":"2025-01-13T17:10:51","guid":{"rendered":"https:\/\/streetpower-rekond.se\/newsite\/?post_type=product&#038;p=21871"},"modified":"2025-01-20T12:00:12","modified_gmt":"2025-01-20T12:00:12","slug":"sunmatch-4-arbetsbelysning","status":"publish","type":"product","link":"https:\/\/streetpower-rekond.se\/newsite\/sv\/product\/sunmatch-4-arbetsbelysning\/","title":{"rendered":"Sunmatch 4 arbetsbelysning"},"content":{"rendered":"<p>Sunmatch 4 har en helt unik funktion som ett hj\u00e4lpmedel f\u00f6r att kontrollera f\u00e4rgmatchning mellan en original och omlackerad yta p\u00e5 ett snabbt och effektivt s\u00e4tt. F\u00f6r att kontrollera exakt f\u00e4rgspectra beh\u00f6ver en yta belysas med ett spectrum med b\u00e5de varm och kallt ljus. Med den nya funktionen CCT scan pulserar lampan fr\u00e5n varmt till kallt ljus i loop, sen kan scanningen avbrytas med ett tryck n\u00e4r som helst f\u00f6r att beh\u00e5lla det ljusf\u00f6rh\u00e5llandet och tex inspektera ur fler vinklar i lugn och ro.<\/p>\n<p>BESKRIVNING<br \/>\nNy model med CCT scan &#8211; l\u00e4s mer om detta nedan<br \/>\nUltra high CRI COB LED<br \/>\nProffslampa f\u00f6r lackering och rekond<br \/>\nSt\u00e4llbar i 5 olika f\u00e4rgtemperaturer<br \/>\nSpotlight diod i toppen f\u00f6r inspektion<br \/>\nDimmbar i 2 olika ljusstyrkor<br \/>\nLaddstation medf\u00f6ljer<br \/>\n190x60x32<\/p>\n<p><iframe title=\"SUNMATCH 4 - Rechargeable work light with 500 lumen and CCT SCAN function\" width=\"1170\" height=\"658\" src=\"https:\/\/www.youtube.com\/embed\/fn5xUOCxXUw?start=1&#038;feature=oembed\" frameborder=\"0\" allow=\"accelerometer; autoplay; clipboard-write; encrypted-media; gyroscope; picture-in-picture; web-share\" referrerpolicy=\"strict-origin-when-cross-origin\" allowfullscreen><\/iframe><\/p>\n","protected":false},"excerpt":{"rendered":"<p>Sunmatch 4 har en helt unik funktion som ett hj\u00e4lpmedel f\u00f6r att kontrollera f\u00e4rgmatchning mellan en original och omlackerad yta p\u00e5 ett snabbt och effektivt&#8230;<\/p>\n","protected":false},"featured_media":21881,"comment_status":"open","ping_status":"closed","template":"","meta":[],"etheme_brands":[],"product_brand":[],"product_cat":[355,353],"product_tag":[],"class_list":{"0":"post-21871","1":"product","2":"type-product","3":"status-publish","4":"has-post-thumbnail","6":"product_cat-inspektionslampa","7":"product_cat-polertrissor","9":"first","10":"instock","11":"taxable","12":"shipping-taxable","13":"purchasable","14":"product-type-simple"},"_links":{"self":[{"href":"https:\/\/streetpower-rekond.se\/newsite\/sv\/wp-json\/wp\/v2\/product\/21871","targetHints":{"allow":["GET"]}}],"collection":[{"href":"https:\/\/streetpower-rekond.se\/newsite\/sv\/wp-json\/wp\/v2\/product"}],"about":[{"href":"https:\/\/streetpower-rekond.se\/newsite\/sv\/wp-json\/wp\/v2\/types\/product"}],"replies":[{"embeddable":true,"href":"https:\/\/streetpower-rekond.se\/newsite\/sv\/wp-json\/wp\/v2\/comments?post=21871"}],"version-history":[{"count":0,"href":"https:\/\/streetpower-rekond.se\/newsite\/sv\/wp-json\/wp\/v2\/product\/21871\/revisions"}],"wp:featuredmedia":[{"embeddable":true,"href":"https:\/\/streetpower-rekond.se\/newsite\/sv\/wp-json\/wp\/v2\/media\/21881"}],"wp:attachment":[{"href":"https:\/\/streetpower-rekond.se\/newsite\/sv\/wp-json\/wp\/v2\/media?parent=21871"}],"wp:term":[{"taxonomy":"brand","embeddable":true,"href":"https:\/\/streetpower-rekond.se\/newsite\/sv\/wp-json\/wp\/v2\/etheme_brands?post=21871"},{"taxonomy":"product_brand","embeddable":true,"href":"https:\/\/streetpower-rekond.se\/newsite\/sv\/wp-json\/wp\/v2\/product_brand?post=21871"},{"taxonomy":"product_cat","embeddable":true,"href":"https:\/\/streetpower-rekond.se\/newsite\/sv\/wp-json\/wp\/v2\/product_cat?post=21871"},{"taxonomy":"product_tag","embeddable":true,"href":"https:\/\/streetpower-rekond.se\/newsite\/sv\/wp-json\/wp\/v2\/product_tag?post=21871"}],"curies":[{"name":"wp","href":"https:\/\/api.w.org\/{rel}","templated":true}]}}