{"id":21788,"date":"2025-01-09T06:15:07","date_gmt":"2025-01-09T06:15:07","guid":{"rendered":"https:\/\/streetpower-rekond.se\/newsite\/?post_type=product&#038;p=21788"},"modified":"2025-03-28T09:15:04","modified_gmt":"2025-03-28T09:15:04","slug":"metal-blade-set-20-st","status":"publish","type":"product","link":"https:\/\/streetpower-rekond.se\/newsite\/sv\/product\/metal-blade-set-20-st\/","title":{"rendered":"Metal Blade Set 20 st"},"content":{"rendered":"<p>Chemicalworkz-ers\u00e4ttningsmetallbladen \u00e4r det perfekta till\u00e4gget till din chemicalworkz-skrapa. Dessa h\u00f6gkvalitativa blad \u00e4r perfekta f\u00f6r att ta bort envis film- och limrester fr\u00e5n olika ytor. Varje blad \u00e4r f\u00f6rpackat separat och skyddas av en bit kartong f\u00f6r att s\u00e4kerst\u00e4lla maximal s\u00e4kerhet och sk\u00e4rpa.<\/p>\n<p>Dessa metallblad erbjuder den precision och effektivitet som kr\u00e4vs f\u00f6r att uppn\u00e5 optimala resultat i hemmet, industrin och hantverket. Med en bladbredd p\u00e5 40 mm m\u00f6jligg\u00f6r de exakt och effektivt arbete. De \u00e4r s\u00e4rskilt l\u00e4mpliga f\u00f6r att ta bort rester fr\u00e5n vindrutor och andra h\u00e5rda ytor.<\/p>\n<p>Produktegenskaper:<br \/>\n\u2022 Set med 20 metallblad<br \/>\n\u2022 Varje blad \u00e4r f\u00f6rpackat separat och skyddat av kartong<br \/>\n\u2022 Bladbredd: 40 mm<br \/>\n\u2022 Idealisk f\u00f6r att ta bort envisa rester<br \/>\n\u2022 Kompatibel med chemicalworkz Scraper<br \/>\n\u2022 H\u00f6gkvalitativa metallblad f\u00f6r exakt och effektivt arbete<\/p>\n<p>Komplettera din skrapa med dessa ers\u00e4ttningsmetallblad f\u00f6r att alltid ha vassa och f\u00e4rdiga blad till hands och maximera effektiviteten i ditt st\u00e4darbete<\/p>\n","protected":false},"excerpt":{"rendered":"<p>Chemicalworkz-ers\u00e4ttningsmetallbladen \u00e4r det perfekta till\u00e4gget till din chemicalworkz-skrapa. Dessa h\u00f6gkvalitativa blad \u00e4r perfekta f\u00f6r att ta bort envis film- och limrester fr\u00e5n olika ytor. Varje&#8230;<\/p>\n","protected":false},"featured_media":21789,"comment_status":"open","ping_status":"closed","template":"","meta":[],"etheme_brands":[{"term_id":392,"name":"chemicalworkz","slug":"chemicalworkz","term_group":0,"term_taxonomy_id":392,"taxonomy":"brand","description":"","parent":0,"count":53,"filter":"raw"}],"product_brand":[367],"product_cat":[231],"product_tag":[],"class_list":{"0":"post-21788","1":"product","2":"type-product","3":"status-publish","4":"has-post-thumbnail","6":"brand-chemicalworkz","7":"product_brand-chemicalworkz","8":"product_cat-glasrengoering","10":"first","11":"instock","12":"taxable","13":"shipping-taxable","14":"purchasable","15":"product-type-simple"},"_links":{"self":[{"href":"https:\/\/streetpower-rekond.se\/newsite\/sv\/wp-json\/wp\/v2\/product\/21788","targetHints":{"allow":["GET"]}}],"collection":[{"href":"https:\/\/streetpower-rekond.se\/newsite\/sv\/wp-json\/wp\/v2\/product"}],"about":[{"href":"https:\/\/streetpower-rekond.se\/newsite\/sv\/wp-json\/wp\/v2\/types\/product"}],"replies":[{"embeddable":true,"href":"https:\/\/streetpower-rekond.se\/newsite\/sv\/wp-json\/wp\/v2\/comments?post=21788"}],"version-history":[{"count":1,"href":"https:\/\/streetpower-rekond.se\/newsite\/sv\/wp-json\/wp\/v2\/product\/21788\/revisions"}],"predecessor-version":[{"id":23043,"href":"https:\/\/streetpower-rekond.se\/newsite\/sv\/wp-json\/wp\/v2\/product\/21788\/revisions\/23043"}],"wp:featuredmedia":[{"embeddable":true,"href":"https:\/\/streetpower-rekond.se\/newsite\/sv\/wp-json\/wp\/v2\/media\/21789"}],"wp:attachment":[{"href":"https:\/\/streetpower-rekond.se\/newsite\/sv\/wp-json\/wp\/v2\/media?parent=21788"}],"wp:term":[{"taxonomy":"brand","embeddable":true,"href":"https:\/\/streetpower-rekond.se\/newsite\/sv\/wp-json\/wp\/v2\/etheme_brands?post=21788"},{"taxonomy":"product_brand","embeddable":true,"href":"https:\/\/streetpower-rekond.se\/newsite\/sv\/wp-json\/wp\/v2\/product_brand?post=21788"},{"taxonomy":"product_cat","embeddable":true,"href":"https:\/\/streetpower-rekond.se\/newsite\/sv\/wp-json\/wp\/v2\/product_cat?post=21788"},{"taxonomy":"product_tag","embeddable":true,"href":"https:\/\/streetpower-rekond.se\/newsite\/sv\/wp-json\/wp\/v2\/product_tag?post=21788"}],"curies":[{"name":"wp","href":"https:\/\/api.w.org\/{rel}","templated":true}]}}