{"id":21786,"date":"2025-01-09T06:09:14","date_gmt":"2025-01-09T06:09:14","guid":{"rendered":"https:\/\/streetpower-rekond.se\/newsite\/?post_type=product&#038;p=21786"},"modified":"2025-04-01T08:33:34","modified_gmt":"2025-04-01T08:33:34","slug":"plastic-blade-set-20-st","status":"publish","type":"product","link":"https:\/\/streetpower-rekond.se\/newsite\/sv\/product\/plastic-blade-set-20-st\/","title":{"rendered":"Plastic Blade Set 20 St"},"content":{"rendered":"<p>Chemicalworkz-ers\u00e4ttningsplastbladen \u00e4r det perfekta till\u00e4gget till din chemicalworkz-skrapa. Dessa h\u00f6gkvalitativa svarta plastblad \u00e4r speciellt designade f\u00f6r att f\u00f6rsiktigt ta bort film- och limrester fr\u00e5n k\u00e4nsliga ytor som f\u00e4rg, tr\u00e4 eller plast.<\/p>\n<p>Dessa plastblad erbjuder den precision och effektivitet som beh\u00f6vs f\u00f6r att uppn\u00e5 optimala resultat i hemmet, industrin och hantverket. Med en bladbredd p\u00e5 40 mm m\u00f6jligg\u00f6r de exakt och skonsamt arbete. De \u00e4r s\u00e4rskilt l\u00e4mpliga f\u00f6r bearbetning av k\u00e4nsliga ytor utan att skada dem.<\/p>\n<p>Produktegenskaper:<br \/>\n\u2022 Set med 20 plastblad<br \/>\n\u2022 F\u00e4rg: Svart<br \/>\n\u2022 Bladbredd: 40 mm<br \/>\n\u2022 Idealisk f\u00f6r att ta bort film- och limrester fr\u00e5n k\u00e4nsliga ytor<br \/>\n\u2022 Kompatibel med chemicalworkz Scraper<br \/>\n\u2022 H\u00f6gkvalitativa plastblad f\u00f6r exakt och skonsamt arbete<\/p>\n<p>Komplettera din skrapa med dessa ers\u00e4ttningsplastblad f\u00f6r att alltid ha f\u00e4rdiga blad till hands och maximera effektiviteten i ditt reng\u00f6ringsarbete p\u00e5 \u00f6mt\u00e5liga ytor.<\/p>\n","protected":false},"excerpt":{"rendered":"<p>Chemicalworkz-ers\u00e4ttningsplastbladen \u00e4r det perfekta till\u00e4gget till din chemicalworkz-skrapa. Dessa h\u00f6gkvalitativa svarta plastblad \u00e4r speciellt designade f\u00f6r att f\u00f6rsiktigt ta bort film- och limrester fr\u00e5n k\u00e4nsliga&#8230;<\/p>\n","protected":false},"featured_media":21787,"comment_status":"open","ping_status":"closed","template":"","meta":[],"etheme_brands":[{"term_id":392,"name":"chemicalworkz","slug":"chemicalworkz","term_group":0,"term_taxonomy_id":392,"taxonomy":"brand","description":"","parent":0,"count":53,"filter":"raw"}],"product_brand":[367],"product_cat":[231],"product_tag":[],"class_list":{"0":"post-21786","1":"product","2":"type-product","3":"status-publish","4":"has-post-thumbnail","6":"brand-chemicalworkz","7":"product_brand-chemicalworkz","8":"product_cat-glasrengoering","10":"first","11":"instock","12":"taxable","13":"shipping-taxable","14":"purchasable","15":"product-type-simple"},"_links":{"self":[{"href":"https:\/\/streetpower-rekond.se\/newsite\/sv\/wp-json\/wp\/v2\/product\/21786","targetHints":{"allow":["GET"]}}],"collection":[{"href":"https:\/\/streetpower-rekond.se\/newsite\/sv\/wp-json\/wp\/v2\/product"}],"about":[{"href":"https:\/\/streetpower-rekond.se\/newsite\/sv\/wp-json\/wp\/v2\/types\/product"}],"replies":[{"embeddable":true,"href":"https:\/\/streetpower-rekond.se\/newsite\/sv\/wp-json\/wp\/v2\/comments?post=21786"}],"version-history":[{"count":1,"href":"https:\/\/streetpower-rekond.se\/newsite\/sv\/wp-json\/wp\/v2\/product\/21786\/revisions"}],"predecessor-version":[{"id":23044,"href":"https:\/\/streetpower-rekond.se\/newsite\/sv\/wp-json\/wp\/v2\/product\/21786\/revisions\/23044"}],"wp:featuredmedia":[{"embeddable":true,"href":"https:\/\/streetpower-rekond.se\/newsite\/sv\/wp-json\/wp\/v2\/media\/21787"}],"wp:attachment":[{"href":"https:\/\/streetpower-rekond.se\/newsite\/sv\/wp-json\/wp\/v2\/media?parent=21786"}],"wp:term":[{"taxonomy":"brand","embeddable":true,"href":"https:\/\/streetpower-rekond.se\/newsite\/sv\/wp-json\/wp\/v2\/etheme_brands?post=21786"},{"taxonomy":"product_brand","embeddable":true,"href":"https:\/\/streetpower-rekond.se\/newsite\/sv\/wp-json\/wp\/v2\/product_brand?post=21786"},{"taxonomy":"product_cat","embeddable":true,"href":"https:\/\/streetpower-rekond.se\/newsite\/sv\/wp-json\/wp\/v2\/product_cat?post=21786"},{"taxonomy":"product_tag","embeddable":true,"href":"https:\/\/streetpower-rekond.se\/newsite\/sv\/wp-json\/wp\/v2\/product_tag?post=21786"}],"curies":[{"name":"wp","href":"https:\/\/api.w.org\/{rel}","templated":true}]}}