{"id":21784,"date":"2025-01-09T06:02:27","date_gmt":"2025-01-09T06:02:27","guid":{"rendered":"https:\/\/streetpower-rekond.se\/newsite\/?post_type=product&#038;p=21784"},"modified":"2025-03-28T09:15:33","modified_gmt":"2025-03-28T09:15:33","slug":"scraper-set-metall-plast-scraper","status":"publish","type":"product","link":"https:\/\/streetpower-rekond.se\/newsite\/sv\/product\/scraper-set-metall-plast-scraper\/","title":{"rendered":"Scraper Set Metall &#038; Plast Scraper"},"content":{"rendered":"<p>chemicalworkz Scraper Set Metal &amp; Plastic Scraper \u00e4r den perfekta l\u00f6sningen f\u00f6r optimalt avl\u00e4gsnande av filmer och limrester fr\u00e5n olika ytor. Oavsett om du vill arbeta p\u00e5 m\u00e5lade ytor, tr\u00e4 eller plast, erbjuder detta h\u00f6gkvalitativa set dig n\u00f6dv\u00e4ndig prestanda och effektivitet.<\/p>\n<p>Innan du anv\u00e4nder produkten p\u00e5 k\u00e4nsliga ytor och f\u00e4rger rekommenderar vi att du g\u00f6r ett test p\u00e5 ett diskret omr\u00e5de. P\u00e5 s\u00e5 s\u00e4tt kan du s\u00e4kerst\u00e4lla att setet passar dina specifika behov och inte l\u00e4mnar n\u00e5gra o\u00f6nskade m\u00e4rken. Skrapsatsen metall &amp; plast skrapan \u00e4r idealisk f\u00f6r anv\u00e4ndning i hemmet, industrin och hantverk. Med en bladbredd p\u00e5 40 mm kan du arbeta exakt och effektivt. Bladet \u00e4r ocks\u00e5 utbytbart, s\u00e5 du har alltid ett vasst och f\u00e4rdigt blad till hands.<\/p>\n<p>F\u00f6r envisa rester p\u00e5 vindrutor rekommenderar vi metallbladen.<\/p>\n<p>Produktegenskaper:<br \/>\n\u2022 F\u00e4rg: Gr\u00e5\/Svart<br \/>\n\u2022 Ergonomiskt handtag<br \/>\n\u2022 Med t\u00e4cklock<br \/>\n\u2022 2x plast &amp; 2x metallblad<\/p>\n","protected":false},"excerpt":{"rendered":"<p>chemicalworkz Scraper Set Metal &amp; Plastic Scraper \u00e4r den perfekta l\u00f6sningen f\u00f6r optimalt avl\u00e4gsnande av filmer och limrester fr\u00e5n olika ytor. Oavsett om du vill&#8230;<\/p>\n","protected":false},"featured_media":21785,"comment_status":"open","ping_status":"closed","template":"","meta":[],"etheme_brands":[{"term_id":392,"name":"chemicalworkz","slug":"chemicalworkz","term_group":0,"term_taxonomy_id":392,"taxonomy":"brand","description":"","parent":0,"count":53,"filter":"raw"}],"product_brand":[367],"product_cat":[231],"product_tag":[],"class_list":{"0":"post-21784","1":"product","2":"type-product","3":"status-publish","4":"has-post-thumbnail","6":"brand-chemicalworkz","7":"product_brand-chemicalworkz","8":"product_cat-glasrengoering","10":"first","11":"instock","12":"taxable","13":"shipping-taxable","14":"purchasable","15":"product-type-simple"},"_links":{"self":[{"href":"https:\/\/streetpower-rekond.se\/newsite\/sv\/wp-json\/wp\/v2\/product\/21784","targetHints":{"allow":["GET"]}}],"collection":[{"href":"https:\/\/streetpower-rekond.se\/newsite\/sv\/wp-json\/wp\/v2\/product"}],"about":[{"href":"https:\/\/streetpower-rekond.se\/newsite\/sv\/wp-json\/wp\/v2\/types\/product"}],"replies":[{"embeddable":true,"href":"https:\/\/streetpower-rekond.se\/newsite\/sv\/wp-json\/wp\/v2\/comments?post=21784"}],"version-history":[{"count":1,"href":"https:\/\/streetpower-rekond.se\/newsite\/sv\/wp-json\/wp\/v2\/product\/21784\/revisions"}],"predecessor-version":[{"id":23045,"href":"https:\/\/streetpower-rekond.se\/newsite\/sv\/wp-json\/wp\/v2\/product\/21784\/revisions\/23045"}],"wp:featuredmedia":[{"embeddable":true,"href":"https:\/\/streetpower-rekond.se\/newsite\/sv\/wp-json\/wp\/v2\/media\/21785"}],"wp:attachment":[{"href":"https:\/\/streetpower-rekond.se\/newsite\/sv\/wp-json\/wp\/v2\/media?parent=21784"}],"wp:term":[{"taxonomy":"brand","embeddable":true,"href":"https:\/\/streetpower-rekond.se\/newsite\/sv\/wp-json\/wp\/v2\/etheme_brands?post=21784"},{"taxonomy":"product_brand","embeddable":true,"href":"https:\/\/streetpower-rekond.se\/newsite\/sv\/wp-json\/wp\/v2\/product_brand?post=21784"},{"taxonomy":"product_cat","embeddable":true,"href":"https:\/\/streetpower-rekond.se\/newsite\/sv\/wp-json\/wp\/v2\/product_cat?post=21784"},{"taxonomy":"product_tag","embeddable":true,"href":"https:\/\/streetpower-rekond.se\/newsite\/sv\/wp-json\/wp\/v2\/product_tag?post=21784"}],"curies":[{"name":"wp","href":"https:\/\/api.w.org\/{rel}","templated":true}]}}