{"id":21770,"date":"2025-01-08T15:42:05","date_gmt":"2025-01-08T15:42:05","guid":{"rendered":"https:\/\/streetpower-rekond.se\/newsite\/?post_type=product&#038;p=21770"},"modified":"2025-04-01T07:36:49","modified_gmt":"2025-04-01T07:36:49","slug":"allrounder-coating-towel-250gsm-gra-40x40cm-100-st","status":"publish","type":"product","link":"https:\/\/streetpower-rekond.se\/newsite\/sv\/product\/allrounder-coating-towel-250gsm-gra-40x40cm-100-st\/","title":{"rendered":"Allrounder Coating Towel 250GSM Gr\u00e5 40\u00d740cm 100 St"},"content":{"rendered":"<p>Det t\u00e4ta mikrofibertyget i ChemicalWorkz Allrounder Coating Towel \u00e4r b\u00e5de slitstarkt och supermjukt. Den korth\u00e5riga texturen \u00e4r perfekt f\u00f6r att ta bort t\u00e4tningsprodukter och g\u00f6r att du kan uppn\u00e5 ett rep- och luddfritt h\u00f6gblankt resultat. De icke-tvinnade, loopade mikrofibrerna g\u00f6r ocks\u00e5 ett utm\u00e4rkt jobb med att snabbt ta bort l\u00e4tt smuts. ChemicalWorkz Allrounder Coating Towel \u00e4r ocks\u00e5 l\u00e4mplig f\u00f6r applicering av sprayvaxer och sprayt\u00e4tningsmedel.<\/p>\n<p>Bilv\u00e5rd \u00e4r inte komplett utan mikrofiberdukar. Oavsett om det g\u00e4ller handtv\u00e4tt, inv\u00e4ndig reng\u00f6ring eller andra bilv\u00e5rdsuppgifter \u00e4r ChemicalWorkz mikrofiberdukar den perfekta f\u00f6ljeslagaren. F\u00f6r grundlig bilreng\u00f6ring och sk\u00f6tsel erbjuder vi ett sortiment av dukar som passar alla aspekter av en detaljists arbete. Oumb\u00e4rlig f\u00f6r all bilv\u00e5rd &#8211; ChemicalWorkz mikrofiberdukar \u00e4r ett m\u00e5ste!<br \/>\nChemicalWorkz fokuserar p\u00e5 h\u00e5llbarhet!<\/p>\n<p>ChemicalWorkz produkter ger dig h\u00f6gblanka resultat f\u00f6r varje uppgift. \u00c5teranv\u00e4ndbar och maskintv\u00e4ttbar. Perfekt f\u00f6r att reng\u00f6ra utv\u00e4ndiga ytor eller ta bort smuts fr\u00e5n ditt fordons interi\u00f6r. ChemicalWorkz produkter kommer i en \u00e5terf\u00f6rslutningsbar, milj\u00f6v\u00e4nlig ziplockp\u00e5se. \u2013 Din produkt \u00e4r alltid skyddad fr\u00e5n yttre p\u00e5verkan som smuts, fukt, damm och till och med stark UV-str\u00e5lning.<\/p>\n<p>Produktegenskaper:<br \/>\n\u2022 Inneh\u00e5ll: 100 st<br \/>\n\u2022 F\u00e4rg: gr\u00e5<br \/>\n\u2022 Storlek: 40 x 40cm<br \/>\n\u2022 Material: Unik supermjuk mikrofiber<br \/>\n\u2022 Ytvikt\/vikt per ytenhet: 250GSM (g\/m\u00b2)<br \/>\n\u2022 Textilinneh\u00e5ll: 70 % polyester \/ 30 % polyamid (100 % mikrofiber)<br \/>\n\u2022 \u00c5terf\u00f6rslutningsbar blixtl\u00e5sv\u00e4ska<\/p>\n<p>Tipps:<br \/>\nF\u00f6r att bevara livsl\u00e4ngden p\u00e5 dina mikrofiberprodukter rekommenderar vi att du f\u00f6ljer f\u00f6ljande instruktioner: maskintv\u00e4tt, l\u00e5g tv\u00e4tttemperatur (max. 40\u00b0C), ett speciellt mikrofibertv\u00e4ttmedel, anv\u00e4nd aldrig sk\u00f6ljmedel, torktumla inte och stryk inte. !<\/p>\n","protected":false},"excerpt":{"rendered":"<p>Det t\u00e4ta mikrofibertyget i ChemicalWorkz Allrounder Coating Towel \u00e4r b\u00e5de slitstarkt och supermjukt. Den korth\u00e5riga texturen \u00e4r perfekt f\u00f6r att ta bort t\u00e4tningsprodukter och g\u00f6r&#8230;<\/p>\n","protected":false},"featured_media":21772,"comment_status":"open","ping_status":"closed","template":"","meta":[],"etheme_brands":[{"term_id":392,"name":"chemicalworkz","slug":"chemicalworkz","term_group":0,"term_taxonomy_id":392,"taxonomy":"brand","description":"","parent":0,"count":53,"filter":"raw"}],"product_brand":[367],"product_cat":[219],"product_tag":[],"class_list":{"0":"post-21770","1":"product","2":"type-product","3":"status-publish","4":"has-post-thumbnail","6":"brand-chemicalworkz","7":"product_brand-chemicalworkz","8":"product_cat-mikrofiberdukar","10":"first","11":"instock","12":"taxable","13":"shipping-taxable","14":"purchasable","15":"product-type-simple"},"_links":{"self":[{"href":"https:\/\/streetpower-rekond.se\/newsite\/sv\/wp-json\/wp\/v2\/product\/21770","targetHints":{"allow":["GET"]}}],"collection":[{"href":"https:\/\/streetpower-rekond.se\/newsite\/sv\/wp-json\/wp\/v2\/product"}],"about":[{"href":"https:\/\/streetpower-rekond.se\/newsite\/sv\/wp-json\/wp\/v2\/types\/product"}],"replies":[{"embeddable":true,"href":"https:\/\/streetpower-rekond.se\/newsite\/sv\/wp-json\/wp\/v2\/comments?post=21770"}],"version-history":[{"count":2,"href":"https:\/\/streetpower-rekond.se\/newsite\/sv\/wp-json\/wp\/v2\/product\/21770\/revisions"}],"predecessor-version":[{"id":23131,"href":"https:\/\/streetpower-rekond.se\/newsite\/sv\/wp-json\/wp\/v2\/product\/21770\/revisions\/23131"}],"wp:featuredmedia":[{"embeddable":true,"href":"https:\/\/streetpower-rekond.se\/newsite\/sv\/wp-json\/wp\/v2\/media\/21772"}],"wp:attachment":[{"href":"https:\/\/streetpower-rekond.se\/newsite\/sv\/wp-json\/wp\/v2\/media?parent=21770"}],"wp:term":[{"taxonomy":"brand","embeddable":true,"href":"https:\/\/streetpower-rekond.se\/newsite\/sv\/wp-json\/wp\/v2\/etheme_brands?post=21770"},{"taxonomy":"product_brand","embeddable":true,"href":"https:\/\/streetpower-rekond.se\/newsite\/sv\/wp-json\/wp\/v2\/product_brand?post=21770"},{"taxonomy":"product_cat","embeddable":true,"href":"https:\/\/streetpower-rekond.se\/newsite\/sv\/wp-json\/wp\/v2\/product_cat?post=21770"},{"taxonomy":"product_tag","embeddable":true,"href":"https:\/\/streetpower-rekond.se\/newsite\/sv\/wp-json\/wp\/v2\/product_tag?post=21770"}],"curies":[{"name":"wp","href":"https:\/\/api.w.org\/{rel}","templated":true}]}}