{"id":21765,"date":"2025-01-08T14:43:42","date_gmt":"2025-01-08T14:43:42","guid":{"rendered":"https:\/\/streetpower-rekond.se\/newsite\/?post_type=product&#038;p=21765"},"modified":"2025-03-28T09:23:10","modified_gmt":"2025-03-28T09:23:10","slug":"21765","status":"publish","type":"product","link":"https:\/\/streetpower-rekond.se\/newsite\/sv\/product\/21765\/","title":{"rendered":"Doseringsflaska 250ml"},"content":{"rendered":"<p>Chemicalworkz Compound Dispenser Bottle \u00e4r det viktiga verktyget f\u00f6r alla som v\u00e4rdes\u00e4tter precision och effektivitet n\u00e4r de anv\u00e4nder polermedel och flytande vaxer. Med en kapacitet p\u00e5 250 ml \u00e4r denna praktiska doseringsflaska den idealiska storleken f\u00f6r professionell anv\u00e4ndning i din detaljstudio eller f\u00f6r fordonsf\u00f6rberedelser hemma. Det innovativa p\u00e5fyllningshuvudet m\u00f6jligg\u00f6r exakt dosering, s\u00e5 att du kan applicera exakt r\u00e4tt m\u00e4ngd polermedel eller flytande vax p\u00e5 din polerplatta eller direkt p\u00e5 ytan &#8211; utan on\u00f6digt spill.<\/p>\n<p>Flaskans robusta men flexibla material g\u00f6r att den l\u00e4tt kan kl\u00e4mmas utan att tappa formen eller skadas. \u00c4ven vid intensiv anv\u00e4ndning f\u00f6rblir den p\u00e5litlig. Oavsett om du beh\u00f6ver exakt applicering f\u00f6r sm\u00e5 ytor eller stora ytor &#8211; med chemicalworkz Compound Dispenser Bottle har du alltid full kontroll.<\/p>\n<p>F\u00f6rdelar:<br \/>\n\u2022 Perfekt dosering: Det specialutvecklade p\u00e5fyllningshuvudet s\u00e4kerst\u00e4ller en j\u00e4mn och exakt f\u00f6rdelning av ditt polish eller flytande vax.<br \/>\n\u2022 Stabil och flexibel: Tillverkad av h\u00f6gkvalitativt material som \u00e4r h\u00e5llbart och motst\u00e5ndskraftigt \u00e4ven vid frekvent anv\u00e4ndning.<br \/>\n\u2022 M\u00e5ngsidighet: Idealisk f\u00f6r anv\u00e4ndning p\u00e5 polerkuddar eller applikatorer &#8211; f\u00f6r felfria resultat vid varje applicering.<br \/>\n\u2022 Professionell kvalitet: Ett m\u00e5ste f\u00f6r alla professionella fordonsf\u00f6rberedande eller ambiti\u00f6sa bilv\u00e5rdsentusiaster.<br \/>\n\u2022 Bekv\u00e4m hantering: Den praktiska storleken och ergonomiska designen g\u00f6r arbetet mer effektivt och behagligt.<\/p>\n<p>Med chemicalworkz Compound Dispenser Bottle kan du applicera ditt polish eller flytande vax exakt och rent &#8211; f\u00f6r professionella resultat som imponerar. Perfekt f\u00f6r alla som inte vill kompromissa med kvaliteten!<\/p>\n","protected":false},"excerpt":{"rendered":"<p>Chemicalworkz Compound Dispenser Bottle \u00e4r det viktiga verktyget f\u00f6r alla som v\u00e4rdes\u00e4tter precision och effektivitet n\u00e4r de anv\u00e4nder polermedel och flytande vaxer. Med en kapacitet&#8230;<\/p>\n","protected":false},"featured_media":21767,"comment_status":"open","ping_status":"closed","template":"","meta":[],"etheme_brands":[{"term_id":392,"name":"chemicalworkz","slug":"chemicalworkz","term_group":0,"term_taxonomy_id":392,"taxonomy":"brand","description":"","parent":0,"count":53,"filter":"raw"}],"product_brand":[367],"product_cat":[214],"product_tag":[],"class_list":{"0":"post-21765","1":"product","2":"type-product","3":"status-publish","4":"has-post-thumbnail","6":"brand-chemicalworkz","7":"product_brand-chemicalworkz","8":"product_cat-polermedel","10":"first","11":"outofstock","12":"taxable","13":"shipping-taxable","14":"purchasable","15":"product-type-simple"},"_links":{"self":[{"href":"https:\/\/streetpower-rekond.se\/newsite\/sv\/wp-json\/wp\/v2\/product\/21765","targetHints":{"allow":["GET"]}}],"collection":[{"href":"https:\/\/streetpower-rekond.se\/newsite\/sv\/wp-json\/wp\/v2\/product"}],"about":[{"href":"https:\/\/streetpower-rekond.se\/newsite\/sv\/wp-json\/wp\/v2\/types\/product"}],"replies":[{"embeddable":true,"href":"https:\/\/streetpower-rekond.se\/newsite\/sv\/wp-json\/wp\/v2\/comments?post=21765"}],"version-history":[{"count":1,"href":"https:\/\/streetpower-rekond.se\/newsite\/sv\/wp-json\/wp\/v2\/product\/21765\/revisions"}],"predecessor-version":[{"id":23052,"href":"https:\/\/streetpower-rekond.se\/newsite\/sv\/wp-json\/wp\/v2\/product\/21765\/revisions\/23052"}],"wp:featuredmedia":[{"embeddable":true,"href":"https:\/\/streetpower-rekond.se\/newsite\/sv\/wp-json\/wp\/v2\/media\/21767"}],"wp:attachment":[{"href":"https:\/\/streetpower-rekond.se\/newsite\/sv\/wp-json\/wp\/v2\/media?parent=21765"}],"wp:term":[{"taxonomy":"brand","embeddable":true,"href":"https:\/\/streetpower-rekond.se\/newsite\/sv\/wp-json\/wp\/v2\/etheme_brands?post=21765"},{"taxonomy":"product_brand","embeddable":true,"href":"https:\/\/streetpower-rekond.se\/newsite\/sv\/wp-json\/wp\/v2\/product_brand?post=21765"},{"taxonomy":"product_cat","embeddable":true,"href":"https:\/\/streetpower-rekond.se\/newsite\/sv\/wp-json\/wp\/v2\/product_cat?post=21765"},{"taxonomy":"product_tag","embeddable":true,"href":"https:\/\/streetpower-rekond.se\/newsite\/sv\/wp-json\/wp\/v2\/product_tag?post=21765"}],"curies":[{"name":"wp","href":"https:\/\/api.w.org\/{rel}","templated":true}]}}