{"id":21760,"date":"2025-01-08T14:28:02","date_gmt":"2025-01-08T14:28:02","guid":{"rendered":"https:\/\/streetpower-rekond.se\/newsite\/?post_type=product&#038;p=21760"},"modified":"2025-04-22T10:29:16","modified_gmt":"2025-04-22T10:29:16","slug":"sprayflaska-bla-med-premium-trigger-750ml","status":"publish","type":"product","link":"https:\/\/streetpower-rekond.se\/newsite\/sv\/product\/sprayflaska-bla-med-premium-trigger-750ml\/","title":{"rendered":"Sprayflaska bl\u00e5 med premium trigger 750ml"},"content":{"rendered":"<p>Chemicalworkz sprayflaska \u00e4r det perfekta verktyget f\u00f6r ett brett utbud av reng\u00f6rings- och sk\u00f6tselprodukter. Med en gener\u00f6s kapacitet p\u00e5 750 ml och en beh\u00e4ndig milliliter (ml) och ounce (OZ) skala p\u00e5 sidan kan du enkelt l\u00e4sa exakt r\u00e4tt m\u00e4ngd v\u00e4tska.<\/p>\n<p>Sprayflaskans kemikaliebest\u00e4ndiga kropp av h\u00f6gkvalitativ HDPE har \u00e4ven f\u00e4rgaccenter p\u00e5 toppen och botten, vilket ger sprayflaskan ett modernt och attraktivt utseende och g\u00f6r det l\u00e4ttare f\u00f6r dig att tilldela dina olika reng\u00f6ringsmedel. Chemicalworkz-logotypen \u00e4r ingraverad p\u00e5 toppen och understryker den h\u00f6ga kvaliteten och prestandan hos denna sprayflaska.<\/p>\n<p>Sprayflaskans botten har \u00e4ven gummerade insatser som s\u00e4kerst\u00e4ller stabilitet och f\u00f6rhindrar att flaskan v\u00e4lter snabbt. Det h\u00f6gkvalitativa sprayhuvudet m\u00f6jligg\u00f6r en exakt och j\u00e4mn f\u00f6rdelning av v\u00e4tskan p\u00e5 de ytor som ska reng\u00f6ras.<\/p>\n<p>Observera att denna sprayflaska inte ska anv\u00e4ndas upp och ner eller liggande eftersom det inte \u00e4r en 360 graders flaska. Korrekt anv\u00e4ndning i uppr\u00e4tt l\u00e4ge s\u00e4kerst\u00e4ller optimal funktionalitet och f\u00f6rhindrar l\u00e4ckage.<\/p>\n<p>Produktegenskaper:<br \/>\n\u2022 F\u00e4rg: bl\u00e5<br \/>\n\u2022 V\u00e5g: 750ml<br \/>\n\u2022 Gummerad botten<br \/>\n\u2022 Kemikaliebest\u00e4ndig HDPE<\/p>\n","protected":false},"excerpt":{"rendered":"<p>Chemicalworkz sprayflaska \u00e4r det perfekta verktyget f\u00f6r ett brett utbud av reng\u00f6rings- och sk\u00f6tselprodukter. Med en gener\u00f6s kapacitet p\u00e5 750 ml och en beh\u00e4ndig milliliter&#8230;<\/p>\n","protected":false},"featured_media":21761,"comment_status":"open","ping_status":"closed","template":"","meta":[],"etheme_brands":[{"term_id":392,"name":"chemicalworkz","slug":"chemicalworkz","term_group":0,"term_taxonomy_id":392,"taxonomy":"brand","description":"","parent":0,"count":53,"filter":"raw"}],"product_brand":[367],"product_cat":[261],"product_tag":[],"class_list":{"0":"post-21760","1":"product","2":"type-product","3":"status-publish","4":"has-post-thumbnail","6":"brand-chemicalworkz","7":"product_brand-chemicalworkz","8":"product_cat-sprayflaskor","10":"first","11":"instock","12":"taxable","13":"shipping-taxable","14":"purchasable","15":"product-type-simple"},"_links":{"self":[{"href":"https:\/\/streetpower-rekond.se\/newsite\/sv\/wp-json\/wp\/v2\/product\/21760","targetHints":{"allow":["GET"]}}],"collection":[{"href":"https:\/\/streetpower-rekond.se\/newsite\/sv\/wp-json\/wp\/v2\/product"}],"about":[{"href":"https:\/\/streetpower-rekond.se\/newsite\/sv\/wp-json\/wp\/v2\/types\/product"}],"replies":[{"embeddable":true,"href":"https:\/\/streetpower-rekond.se\/newsite\/sv\/wp-json\/wp\/v2\/comments?post=21760"}],"version-history":[{"count":1,"href":"https:\/\/streetpower-rekond.se\/newsite\/sv\/wp-json\/wp\/v2\/product\/21760\/revisions"}],"predecessor-version":[{"id":23054,"href":"https:\/\/streetpower-rekond.se\/newsite\/sv\/wp-json\/wp\/v2\/product\/21760\/revisions\/23054"}],"wp:featuredmedia":[{"embeddable":true,"href":"https:\/\/streetpower-rekond.se\/newsite\/sv\/wp-json\/wp\/v2\/media\/21761"}],"wp:attachment":[{"href":"https:\/\/streetpower-rekond.se\/newsite\/sv\/wp-json\/wp\/v2\/media?parent=21760"}],"wp:term":[{"taxonomy":"brand","embeddable":true,"href":"https:\/\/streetpower-rekond.se\/newsite\/sv\/wp-json\/wp\/v2\/etheme_brands?post=21760"},{"taxonomy":"product_brand","embeddable":true,"href":"https:\/\/streetpower-rekond.se\/newsite\/sv\/wp-json\/wp\/v2\/product_brand?post=21760"},{"taxonomy":"product_cat","embeddable":true,"href":"https:\/\/streetpower-rekond.se\/newsite\/sv\/wp-json\/wp\/v2\/product_cat?post=21760"},{"taxonomy":"product_tag","embeddable":true,"href":"https:\/\/streetpower-rekond.se\/newsite\/sv\/wp-json\/wp\/v2\/product_tag?post=21760"}],"curies":[{"name":"wp","href":"https:\/\/api.w.org\/{rel}","templated":true}]}}