{"id":21758,"date":"2025-01-08T13:48:36","date_gmt":"2025-01-08T13:48:36","guid":{"rendered":"https:\/\/streetpower-rekond.se\/newsite\/?post_type=product&#038;p=21758"},"modified":"2025-03-28T09:23:59","modified_gmt":"2025-03-28T09:23:59","slug":"da15-da21-pro-125mm-fastplatta","status":"publish","type":"product","link":"https:\/\/streetpower-rekond.se\/newsite\/sv\/product\/da15-da21-pro-125mm-fastplatta\/","title":{"rendered":"DA15 &#038; DA21 Pro 125mm F\u00e4stplatta"},"content":{"rendered":"<p>Chemicalworkz DA15 Pro polermaskin levereras som standard med en 125 mm bakplatta, liksom DA21 Pro polermaskin med en \u00d8150 mm. St\u00f6dplattan spelar en avg\u00f6rande roll f\u00f6r kvaliteten p\u00e5 ditt polerarbete.<\/p>\n<p>Med denna \u00d8125mm st\u00f6dplatta som reservdel till din DA15 Pro eller som en f\u00f6rl\u00e4ngning till din chemicalworkz DA21 Pro polermaskin kan du s\u00e4kerst\u00e4lla att du alltid har r\u00e4tt st\u00f6dplatta till hands, oavsett om det g\u00e4ller st\u00f6rre ytor eller exakta detaljarbeten.<\/p>\n<p>H\u00e5llaren p\u00e5 denna st\u00f6dplatta har utformats med ett speciellt och brett system, s\u00e5 att st\u00f6dplattan har en st\u00f6rre kontaktyta p\u00e5 polermaskinen och d\u00e4rf\u00f6r en t\u00e4tare passform \u00e4n enbart en g\u00e4nga. Den har ocks\u00e5 ett unikt luftkanalskoncept som hj\u00e4lper dig att b\u00e4ttre avleda v\u00e4rmen som genereras. Denna ers\u00e4ttningsplatta \u00e4r tillverkad av material av h\u00f6gsta kvalitet och garanterar l\u00e5ng livsl\u00e4ngd och p\u00e5litlig prestanda.<\/p>\n<p>Produktegenskaper:<br \/>\n\u2022 Diameter: \u00d8125mm<br \/>\n\u2022 L\u00e4tt att byta<\/p>\n<p>Kompatibel f\u00f6r:<br \/>\n\u2022 chemicalworkz DA15 Pro<br \/>\n\u2022 chemicalworkz DA21 Pro<\/p>\n","protected":false},"excerpt":{"rendered":"<p>Chemicalworkz DA15 Pro polermaskin levereras som standard med en 125 mm bakplatta, liksom DA21 Pro polermaskin med en \u00d8150 mm. St\u00f6dplattan spelar en avg\u00f6rande roll&#8230;<\/p>\n","protected":false},"featured_media":21759,"comment_status":"open","ping_status":"closed","template":"","meta":[],"etheme_brands":[{"term_id":392,"name":"chemicalworkz","slug":"chemicalworkz","term_group":0,"term_taxonomy_id":392,"taxonomy":"brand","description":"","parent":0,"count":53,"filter":"raw"}],"product_brand":[367],"product_cat":[259],"product_tag":[],"class_list":{"0":"post-21758","1":"product","2":"type-product","3":"status-publish","4":"has-post-thumbnail","6":"brand-chemicalworkz","7":"product_brand-chemicalworkz","8":"product_cat-fastplattor","10":"first","11":"instock","12":"taxable","13":"shipping-taxable","14":"purchasable","15":"product-type-simple"},"_links":{"self":[{"href":"https:\/\/streetpower-rekond.se\/newsite\/sv\/wp-json\/wp\/v2\/product\/21758","targetHints":{"allow":["GET"]}}],"collection":[{"href":"https:\/\/streetpower-rekond.se\/newsite\/sv\/wp-json\/wp\/v2\/product"}],"about":[{"href":"https:\/\/streetpower-rekond.se\/newsite\/sv\/wp-json\/wp\/v2\/types\/product"}],"replies":[{"embeddable":true,"href":"https:\/\/streetpower-rekond.se\/newsite\/sv\/wp-json\/wp\/v2\/comments?post=21758"}],"version-history":[{"count":1,"href":"https:\/\/streetpower-rekond.se\/newsite\/sv\/wp-json\/wp\/v2\/product\/21758\/revisions"}],"predecessor-version":[{"id":23055,"href":"https:\/\/streetpower-rekond.se\/newsite\/sv\/wp-json\/wp\/v2\/product\/21758\/revisions\/23055"}],"wp:featuredmedia":[{"embeddable":true,"href":"https:\/\/streetpower-rekond.se\/newsite\/sv\/wp-json\/wp\/v2\/media\/21759"}],"wp:attachment":[{"href":"https:\/\/streetpower-rekond.se\/newsite\/sv\/wp-json\/wp\/v2\/media?parent=21758"}],"wp:term":[{"taxonomy":"brand","embeddable":true,"href":"https:\/\/streetpower-rekond.se\/newsite\/sv\/wp-json\/wp\/v2\/etheme_brands?post=21758"},{"taxonomy":"product_brand","embeddable":true,"href":"https:\/\/streetpower-rekond.se\/newsite\/sv\/wp-json\/wp\/v2\/product_brand?post=21758"},{"taxonomy":"product_cat","embeddable":true,"href":"https:\/\/streetpower-rekond.se\/newsite\/sv\/wp-json\/wp\/v2\/product_cat?post=21758"},{"taxonomy":"product_tag","embeddable":true,"href":"https:\/\/streetpower-rekond.se\/newsite\/sv\/wp-json\/wp\/v2\/product_tag?post=21758"}],"curies":[{"name":"wp","href":"https:\/\/api.w.org\/{rel}","templated":true}]}}