{"id":21750,"date":"2025-01-08T13:20:41","date_gmt":"2025-01-08T13:20:41","guid":{"rendered":"https:\/\/streetpower-rekond.se\/newsite\/?post_type=product&#038;p=21750"},"modified":"2025-03-28T09:47:40","modified_gmt":"2025-03-28T09:47:40","slug":"da9-pro-750-watt-9mm-slag","status":"publish","type":"product","link":"https:\/\/streetpower-rekond.se\/newsite\/sv\/product\/da9-pro-750-watt-9mm-slag\/","title":{"rendered":"DA9 Pro 750 watt 9mm Slag"},"content":{"rendered":"<p>F\u00f6rdjupa dig i Pro-seriens v\u00e4rld &#8211; v\u00e5r nya chemicalworkz\u00ae DA9 Pro kombinerar den kompakta formfaktorn hos v\u00e5r excentermaskin DA9 p\u00e5 ing\u00e5ngsniv\u00e5 med de innovativa funktionerna fr\u00e5n den nya Pro-serien.<\/p>\n<p>Med en \u00f6kning av effekten till imponerande 750 watt s\u00e4tter denna excentriska polermaskin nya standarder n\u00e4r det g\u00e4ller prestanda och m\u00e5ngsidighet.<\/p>\n<p>Oavsett om det handlar om att ta hand om ditt fordon, motorcykel eller b\u00e5t, \u00e4r chemicalworkz\u00ae DA9 Pro ett imponerande kraftpaket med 9 mm slagl\u00e4ngd som ger snabba och effektiva resultat. Med den extra 75 mm st\u00f6dplattan som ing\u00e5r i leveransen kan du enkelt n\u00e5 \u00e4ven sv\u00e5r\u00e5tkomliga f\u00e4rgomr\u00e5den. Den utm\u00e4rkande egenskapen hos Pro-serien \u00e4r den l\u00f6stagbara 8 m kabeln, som m\u00f6jligg\u00f6r maximal flexibilitet och enkel f\u00f6rvaring. Dessutom \u00e4r DA9 Pro utrustad med en LED-ringlampa p\u00e5 huvudet, som hj\u00e4lper anv\u00e4ndaren att identifiera omr\u00e5den som redan har polerats och att se om st\u00f6dplattan fortfarande roterar fritt under den excentriska r\u00f6relsen. Trots sin kraftfulla effekt p\u00e5 750 watt och en rotationshastighet p\u00e5 2000-6400 rpm arbetar denna maskin extremt tyst och vibrationsfritt. Effekten styrs exakt med hj\u00e4lp av den sexstegs roterande regulatorn. DA9 Pro \u2013 redo att \u00f6vertr\u00e4ffa fordonsdetaljstandarder.<\/p>\n<p>Chemworkz\u00ae DA9 Pro excentrisk polermaskin imponerar inte bara med sin \u00f6kade prestanda och breda anv\u00e4ndningsomr\u00e5de, utan imponerar ocks\u00e5 med sin b\u00f6jda design. Under utvecklingen var det s\u00e4rskilt fokus p\u00e5 maximal ergonomi. D\u00e4rf\u00f6r \u00e4r chemicalworkz\u00ae DA9 Pro det perfekta instrumentet f\u00f6r s\u00e5v\u00e4l nyb\u00f6rjare som erfarna professionella anv\u00e4ndare.<\/p>\n<p>DA9 Pro kommer med ett brett utbud av tillbeh\u00f6r som standard. Detta inkluderar inte bara 75 mm &amp; 125 mm f\u00e4stplattor, utan ocks\u00e5 n\u00f6dv\u00e4ndiga monteringsverktyg, utbyteskolborstar, ett praktiskt b\u00e5ghandtag och en robust b\u00e4rv\u00e4ska f\u00f6r s\u00e4ker f\u00f6rvaring.<\/p>\n<p>Kvalitet du kan k\u00e4nna.<br \/>\nTekniska data:<br \/>\nDriftsp\u00e4nning: 230V\/50Hz<br \/>\nSkyddsklass: II<br \/>\nEffekt: 750 watt<br \/>\nHastighet: 2000 &#8211; 6400 rpm<br \/>\nSt\u00f6dplatta: 75mm &amp; 125mm<br \/>\nSlagl\u00e4ngd: 9 mm<br \/>\nKabell\u00e4ngd: 8m (avtagbar)<br \/>\nVikt: 2kg<br \/>\nMjukstartsavtryckare<br \/>\nElektronisk hastighetskontroll<br \/>\nLED-ringljus (bl\u00e5tt<\/p>\n","protected":false},"excerpt":{"rendered":"<p>F\u00f6rdjupa dig i Pro-seriens v\u00e4rld &#8211; v\u00e5r nya chemicalworkz\u00ae DA9 Pro kombinerar den kompakta formfaktorn hos v\u00e5r excentermaskin DA9 p\u00e5 ing\u00e5ngsniv\u00e5 med de innovativa funktionerna&#8230;<\/p>\n","protected":false},"featured_media":21753,"comment_status":"open","ping_status":"closed","template":"","meta":[],"etheme_brands":[{"term_id":392,"name":"chemicalworkz","slug":"chemicalworkz","term_group":0,"term_taxonomy_id":392,"taxonomy":"brand","description":"","parent":0,"count":53,"filter":"raw"}],"product_brand":[367],"product_cat":[238],"product_tag":[],"class_list":{"0":"post-21750","1":"product","2":"type-product","3":"status-publish","4":"has-post-thumbnail","6":"brand-chemicalworkz","7":"product_brand-chemicalworkz","8":"product_cat-polermaskiner","10":"first","11":"instock","12":"taxable","13":"shipping-taxable","14":"purchasable","15":"product-type-simple"},"_links":{"self":[{"href":"https:\/\/streetpower-rekond.se\/newsite\/sv\/wp-json\/wp\/v2\/product\/21750","targetHints":{"allow":["GET"]}}],"collection":[{"href":"https:\/\/streetpower-rekond.se\/newsite\/sv\/wp-json\/wp\/v2\/product"}],"about":[{"href":"https:\/\/streetpower-rekond.se\/newsite\/sv\/wp-json\/wp\/v2\/types\/product"}],"replies":[{"embeddable":true,"href":"https:\/\/streetpower-rekond.se\/newsite\/sv\/wp-json\/wp\/v2\/comments?post=21750"}],"version-history":[{"count":1,"href":"https:\/\/streetpower-rekond.se\/newsite\/sv\/wp-json\/wp\/v2\/product\/21750\/revisions"}],"predecessor-version":[{"id":23057,"href":"https:\/\/streetpower-rekond.se\/newsite\/sv\/wp-json\/wp\/v2\/product\/21750\/revisions\/23057"}],"wp:featuredmedia":[{"embeddable":true,"href":"https:\/\/streetpower-rekond.se\/newsite\/sv\/wp-json\/wp\/v2\/media\/21753"}],"wp:attachment":[{"href":"https:\/\/streetpower-rekond.se\/newsite\/sv\/wp-json\/wp\/v2\/media?parent=21750"}],"wp:term":[{"taxonomy":"brand","embeddable":true,"href":"https:\/\/streetpower-rekond.se\/newsite\/sv\/wp-json\/wp\/v2\/etheme_brands?post=21750"},{"taxonomy":"product_brand","embeddable":true,"href":"https:\/\/streetpower-rekond.se\/newsite\/sv\/wp-json\/wp\/v2\/product_brand?post=21750"},{"taxonomy":"product_cat","embeddable":true,"href":"https:\/\/streetpower-rekond.se\/newsite\/sv\/wp-json\/wp\/v2\/product_cat?post=21750"},{"taxonomy":"product_tag","embeddable":true,"href":"https:\/\/streetpower-rekond.se\/newsite\/sv\/wp-json\/wp\/v2\/product_tag?post=21750"}],"curies":[{"name":"wp","href":"https:\/\/api.w.org\/{rel}","templated":true}]}}