{"id":21745,"date":"2025-01-08T13:07:59","date_gmt":"2025-01-08T13:07:59","guid":{"rendered":"https:\/\/streetpower-rekond.se\/newsite\/?post_type=product&#038;p=21745"},"modified":"2025-03-28T09:47:32","modified_gmt":"2025-03-28T09:47:32","slug":"da9-pro-max-excentrisk-polermaskin","status":"publish","type":"product","link":"https:\/\/streetpower-rekond.se\/newsite\/sv\/product\/da9-pro-max-excentrisk-polermaskin\/","title":{"rendered":"DA9 Pro Max excentrisk polermaskin"},"content":{"rendered":"<p>F\u00f6rdjupa dig i Pro-seriens v\u00e4rld &#8211; v\u00e5r nya chemicalworkz\u00ae Pro Polisher-serie s\u00e4tter nya standarder inom omr\u00e5det f\u00f6r excentriska polermaskiner &#8211; utvecklad f\u00f6r att m\u00f6ta \u00e4ven de h\u00f6gsta kraven. V\u00e5ra DA9 Pro Max, DA15 Pro och DA21 Pro \u00e4r v\u00e5ra nya toppmodeller, utvecklade f\u00f6r professionell anv\u00e4ndning och erbjuder oslagbar prestanda.<\/p>\n<p>Upplev #nextlevel fordonsf\u00f6rberedelse med chemicalworkz\u00ae DA9 Pro Max &#8211; imponerande prestanda m\u00f6ter maximal precision f\u00f6r den ultimata f\u00e4rgf\u00f6rberedelsen.<\/p>\n<p>Med en o\u00f6vertr\u00e4ffad effekt p\u00e5 1000 watt, 9 mm excentrisk slagl\u00e4ngd och en hastighet p\u00e5 2000-6400 rpm \u00e4r v\u00e5r DA9 Pro Max det ultimata verktyget f\u00f6r proffs och entusiaster som arbetar p\u00e5 h\u00f6gsta niv\u00e5. Under utvecklingen l\u00e5g s\u00e4rskilt fokus p\u00e5 avancerad teknik och robust konstruktion.<\/p>\n<p>Den progressiva gasreglaget till\u00e5ter finjusterad hastighetskontroll inom rattens omr\u00e5de f\u00f6r att exakt st\u00e4lla in \u00f6nskad hastighet och justera snabbt och utan avbrott vid behov. Den elektroniska hastighetskontrollen s\u00e4kerst\u00e4ller konsekvent prestanda, medan den l\u00f6stagbara 8m soft-touch-kabeln garanterar maximal flexibilitet och enkel f\u00f6rvaring.<\/p>\n<p>LED-ringljuset visar sig vara ett v\u00e4rdefullt verktyg som underl\u00e4ttar arbetet och hj\u00e4lper anv\u00e4ndaren att tydligt se omr\u00e5den som redan har polerats. Detta \u00e4r s\u00e4rskilt anv\u00e4ndbart f\u00f6r att uppn\u00e5 ett j\u00e4mnt resultat. Dessutom fungerar LED-ringljuset som en indikator p\u00e5 rotationsstatusen f\u00f6r st\u00f6dplattan. Du kan enkelt se om den fortfarande roterar i den excentriska r\u00f6relsen eller om den st\u00e5r uppr\u00e4tt. Detta s\u00e4kerst\u00e4ller inte bara ett effektivt arbetsfl\u00f6de, utan f\u00f6rhindrar \u00e4ven eventuella fel och s\u00e4kerst\u00e4ller ett optimalt poleringsresultat.<\/p>\n<p>DA9 Pro Max kommer med ett brett utbud av tillbeh\u00f6r som standard. F\u00f6rutom 125 mm st\u00f6dplattan inkluderar leveransomfattningen n\u00f6dv\u00e4ndiga monteringsverktyg, utbyteskolborstar och en robust b\u00e4rv\u00e4ska f\u00f6r f\u00f6rvaring.<\/p>\n<p>Kvalitet du kan k\u00e4nna.<\/p>\n<p>Tekniska data:<br \/>\nDriftsp\u00e4nning: 230V\/50Hz<br \/>\nSkyddsklass: II<br \/>\nEffekt: 1000 watt<br \/>\nHastighet: 2000 &#8211; 6400 rpm<br \/>\nSt\u00f6dplatta: 125mm<br \/>\nSlagl\u00e4ngd: 9 mm<br \/>\nKabell\u00e4ngd: 8m (avtagbar)<br \/>\nVikt: 3 kg<br \/>\nProgressiv gasreglage<br \/>\nElektronisk hastighetskontroll<br \/>\nLED-ringljus (bl\u00e5tt)<\/p>\n","protected":false},"excerpt":{"rendered":"<p>F\u00f6rdjupa dig i Pro-seriens v\u00e4rld &#8211; v\u00e5r nya chemicalworkz\u00ae Pro Polisher-serie s\u00e4tter nya standarder inom omr\u00e5det f\u00f6r excentriska polermaskiner &#8211; utvecklad f\u00f6r att m\u00f6ta \u00e4ven&#8230;<\/p>\n","protected":false},"featured_media":21746,"comment_status":"open","ping_status":"closed","template":"","meta":[],"etheme_brands":[{"term_id":392,"name":"chemicalworkz","slug":"chemicalworkz","term_group":0,"term_taxonomy_id":392,"taxonomy":"brand","description":"","parent":0,"count":53,"filter":"raw"}],"product_brand":[367],"product_cat":[238],"product_tag":[],"class_list":{"0":"post-21745","1":"product","2":"type-product","3":"status-publish","4":"has-post-thumbnail","6":"brand-chemicalworkz","7":"product_brand-chemicalworkz","8":"product_cat-polermaskiner","10":"first","11":"instock","12":"taxable","13":"shipping-taxable","14":"purchasable","15":"product-type-simple"},"_links":{"self":[{"href":"https:\/\/streetpower-rekond.se\/newsite\/sv\/wp-json\/wp\/v2\/product\/21745","targetHints":{"allow":["GET"]}}],"collection":[{"href":"https:\/\/streetpower-rekond.se\/newsite\/sv\/wp-json\/wp\/v2\/product"}],"about":[{"href":"https:\/\/streetpower-rekond.se\/newsite\/sv\/wp-json\/wp\/v2\/types\/product"}],"replies":[{"embeddable":true,"href":"https:\/\/streetpower-rekond.se\/newsite\/sv\/wp-json\/wp\/v2\/comments?post=21745"}],"version-history":[{"count":1,"href":"https:\/\/streetpower-rekond.se\/newsite\/sv\/wp-json\/wp\/v2\/product\/21745\/revisions"}],"predecessor-version":[{"id":23058,"href":"https:\/\/streetpower-rekond.se\/newsite\/sv\/wp-json\/wp\/v2\/product\/21745\/revisions\/23058"}],"wp:featuredmedia":[{"embeddable":true,"href":"https:\/\/streetpower-rekond.se\/newsite\/sv\/wp-json\/wp\/v2\/media\/21746"}],"wp:attachment":[{"href":"https:\/\/streetpower-rekond.se\/newsite\/sv\/wp-json\/wp\/v2\/media?parent=21745"}],"wp:term":[{"taxonomy":"brand","embeddable":true,"href":"https:\/\/streetpower-rekond.se\/newsite\/sv\/wp-json\/wp\/v2\/etheme_brands?post=21745"},{"taxonomy":"product_brand","embeddable":true,"href":"https:\/\/streetpower-rekond.se\/newsite\/sv\/wp-json\/wp\/v2\/product_brand?post=21745"},{"taxonomy":"product_cat","embeddable":true,"href":"https:\/\/streetpower-rekond.se\/newsite\/sv\/wp-json\/wp\/v2\/product_cat?post=21745"},{"taxonomy":"product_tag","embeddable":true,"href":"https:\/\/streetpower-rekond.se\/newsite\/sv\/wp-json\/wp\/v2\/product_tag?post=21745"}],"curies":[{"name":"wp","href":"https:\/\/api.w.org\/{rel}","templated":true}]}}