{"id":21734,"date":"2025-01-08T10:22:49","date_gmt":"2025-01-08T10:22:49","guid":{"rendered":"https:\/\/streetpower-rekond.se\/newsite\/?post_type=product&#038;p=21734"},"modified":"2025-03-28T09:47:22","modified_gmt":"2025-03-28T09:47:22","slug":"evo-mini-polermaskin","status":"publish","type":"product","link":"https:\/\/streetpower-rekond.se\/newsite\/sv\/product\/evo-mini-polermaskin\/","title":{"rendered":"EVO Mini batterihybrid excentrisk polermaskin"},"content":{"rendered":"<p>Detta ultimata kraftpaket kan drivas med antingen 3 mm eller 12 mm slagl\u00e4ngd och garanterar effektivt arbete. Tack vare de medf\u00f6ljande 38 mm och 50 mm st\u00f6dpl\u00e5tarna kan du n\u00e5 \u00e4ven sv\u00e5r\u00e5tkomliga omr\u00e5den p\u00e5 lacken. Trots den enorma kraften och en rotationshastighet p\u00e5 2000-5000rpm g\u00e5r maskinen extremt mjukt och har lite vibrationer. Du kan n\u00e4r som helst justera maskinens uteffekt till sex niv\u00e5er med hj\u00e4lp av reglaget. Den valda niv\u00e5n visas p\u00e5 en LED-display och sparas tills n\u00e4sta g\u00e5ng den sl\u00e5s p\u00e5.<\/p>\n<p>Chemicalworkz\u00ae EVO Mini polermaskin k\u00e4nnetecknas inte bara av sin h\u00f6ga prestanda och m\u00e5ngsidiga appliceringsm\u00f6jligheter, utan imponerar ocks\u00e5 med sin tidl\u00f6sa design. Under utvecklingen lades h\u00f6gsta prioritet p\u00e5 ergonomi &#8211; vilket g\u00f6r chemicalworkz\u00ae EVO Mini till det idealiska verktyget f\u00f6r nyb\u00f6rjare till proffs.<\/p>\n<p>EVO Mini levereras med ett brett utbud av tillbeh\u00f6r som standard. Ut\u00f6ver 38 mm och 50 mm st\u00f6dplattor inkluderar leveransomfattningen n\u00f6dv\u00e4ndiga monteringsverktyg, 2 batterier, 2 borsttillbeh\u00f6r, 2 lyftadaptrar, 2 rotationsaxlar, en laddstation och en robust b\u00e4rv\u00e4ska f\u00f6r f\u00f6rvaring.<\/p>\n<p>Tekniska data:<br \/>\nDriftsp\u00e4nning: 12V<br \/>\nSkyddsklass: II<br \/>\nBatterikapacitet: 2,0 mAh<br \/>\nBatterier: 2 st.<br \/>\nHastighet: 2000 &#8211; 5000 rpm<br \/>\nSt\u00f6dplattor: 30 mm, 38 mm och 50 mm<br \/>\nAdapter f\u00f6r polering av axlar<br \/>\nSlag: 3mm eller 12mm<br \/>\nRotationsfunktion<br \/>\nVikt: 1 kg<\/p>\n<p>Elektronisk hastighetskontroll<\/p>\n<p><iframe title=\"chemicalworkz EVO Mini\u00ae \u2013 Unboxing [4K]\" width=\"1170\" height=\"658\" src=\"https:\/\/www.youtube.com\/embed\/79S7BSoxKko?feature=oembed\" frameborder=\"0\" allow=\"accelerometer; autoplay; clipboard-write; encrypted-media; gyroscope; picture-in-picture; web-share\" referrerpolicy=\"strict-origin-when-cross-origin\" allowfullscreen><\/iframe><\/p>\n<p>&nbsp;<\/p>\n<p>&nbsp;<\/p>\n","protected":false},"excerpt":{"rendered":"<p>F\u00f6rdjupa dig i en v\u00e4rld av minipolermaskiner &#8211; med den kraftfulla Evo Mini batterihybrid excentrisk polermaskin fr\u00e5n chemicalworkz.<\/p>\n","protected":false},"featured_media":21737,"comment_status":"open","ping_status":"closed","template":"","meta":[],"etheme_brands":[{"term_id":392,"name":"chemicalworkz","slug":"chemicalworkz","term_group":0,"term_taxonomy_id":392,"taxonomy":"brand","description":"","parent":0,"count":53,"filter":"raw"}],"product_brand":[367],"product_cat":[238],"product_tag":[],"class_list":{"0":"post-21734","1":"product","2":"type-product","3":"status-publish","4":"has-post-thumbnail","6":"brand-chemicalworkz","7":"product_brand-chemicalworkz","8":"product_cat-polermaskiner","10":"first","11":"instock","12":"taxable","13":"shipping-taxable","14":"purchasable","15":"product-type-simple"},"_links":{"self":[{"href":"https:\/\/streetpower-rekond.se\/newsite\/sv\/wp-json\/wp\/v2\/product\/21734","targetHints":{"allow":["GET"]}}],"collection":[{"href":"https:\/\/streetpower-rekond.se\/newsite\/sv\/wp-json\/wp\/v2\/product"}],"about":[{"href":"https:\/\/streetpower-rekond.se\/newsite\/sv\/wp-json\/wp\/v2\/types\/product"}],"replies":[{"embeddable":true,"href":"https:\/\/streetpower-rekond.se\/newsite\/sv\/wp-json\/wp\/v2\/comments?post=21734"}],"version-history":[{"count":1,"href":"https:\/\/streetpower-rekond.se\/newsite\/sv\/wp-json\/wp\/v2\/product\/21734\/revisions"}],"predecessor-version":[{"id":23059,"href":"https:\/\/streetpower-rekond.se\/newsite\/sv\/wp-json\/wp\/v2\/product\/21734\/revisions\/23059"}],"wp:featuredmedia":[{"embeddable":true,"href":"https:\/\/streetpower-rekond.se\/newsite\/sv\/wp-json\/wp\/v2\/media\/21737"}],"wp:attachment":[{"href":"https:\/\/streetpower-rekond.se\/newsite\/sv\/wp-json\/wp\/v2\/media?parent=21734"}],"wp:term":[{"taxonomy":"brand","embeddable":true,"href":"https:\/\/streetpower-rekond.se\/newsite\/sv\/wp-json\/wp\/v2\/etheme_brands?post=21734"},{"taxonomy":"product_brand","embeddable":true,"href":"https:\/\/streetpower-rekond.se\/newsite\/sv\/wp-json\/wp\/v2\/product_brand?post=21734"},{"taxonomy":"product_cat","embeddable":true,"href":"https:\/\/streetpower-rekond.se\/newsite\/sv\/wp-json\/wp\/v2\/product_cat?post=21734"},{"taxonomy":"product_tag","embeddable":true,"href":"https:\/\/streetpower-rekond.se\/newsite\/sv\/wp-json\/wp\/v2\/product_tag?post=21734"}],"curies":[{"name":"wp","href":"https:\/\/api.w.org\/{rel}","templated":true}]}}