{"id":21508,"date":"2025-01-01T14:08:08","date_gmt":"2025-01-01T14:08:08","guid":{"rendered":"https:\/\/streetpower-rekond.se\/newsite\/product\/connoisseur-rapidwaxx-500ml\/"},"modified":"2025-01-12T03:07:28","modified_gmt":"2025-01-12T03:07:28","slug":"connoisseur-rapidwaxx-500ml","status":"publish","type":"product","link":"https:\/\/streetpower-rekond.se\/newsite\/sv\/product\/connoisseur-rapidwaxx-500ml\/","title":{"rendered":"CONNOISSEUR RAPIDWAXX 500ml"},"content":{"rendered":"<div>De kombinerade polymerna och carnuba i sprayform som f\u00f6rseglar lacken.<\/div>\n<div>Ingridienserna l\u00e4mnar den mest h\u00e4ngivne entusiasten full av avund.<\/div>\n<div>Det har aldrig funnits ett s\u00e5 enkelt och effektivt vax.<\/div>\n<div>Passande till f\u00f6ljande ytor f\u00f6rutom lacken.<\/div>\n<div>&#8211; Glas<br \/>\n&#8211;\u00a0Aluminium<br \/>\n&#8211; Krom<br \/>\n&#8211; Plast.<\/div>\n<div><\/div>\n<div>H\u00e5llbarhet 4 &#8211; 6 m\u00e5nader.<\/div>\n<div><\/div>\n<div>1. Spraya en liten m\u00e4ngd p\u00e5 ytan,sparsamt.<\/div>\n<div>2. Torka av direkt med mikrofiberduk.<\/div>\n<div>3. Arbeta med en panel \u00e5t g\u00e5ngen.<\/div>\n<div>4. L\u00e5t inte torka in p\u00e5 ytan.<\/div>\n<div><\/div>\n<div>Tips:<\/div>\n<div>RAPIDWAXX kan anv\u00e4ndas som torkst\u00f6d.<\/div>\n<div>F\u00f6r b\u00e4sta h\u00e5llbarhet rekommenderas tv\u00e5 lager f\u00f6rsta g\u00e5ngen. F\u00f6r underh\u00e5ll r\u00e4cker det med ett lager.<\/div>\n<div><\/div>\n<div><img decoding=\"async\" src=\"https:\/\/streetpower-rekond.se\/newsite\/img\/cms\/Faro%20Symboler\/exclam.gif\" alt=\"\" width=\"90\" height=\"90\" title=\"\"><\/div>\n<div>\n<div><span style=\"color: #d0121a;\"><strong>Faroangivelser<\/strong><\/span><\/div>\n<div>H317 Kan orsaka allergisk hudreaktion.<\/div>\n<div><span style=\"color: #d0121a;\"><strong>Skyddsangivelser<\/strong><\/span><\/div>\n<div>P102 F\u00f6rvaras o\u00e5tkomligt f\u00f6r barn.<\/div>\n<div>P280 Anv\u00e4nd skyddshandskar\/skyddskl\u00e4der\/\u00f6gonskydd\/ansiktsskydd.<\/div>\n<div>.<\/div>\n<\/div>\n","protected":false},"excerpt":{"rendered":"<p>POLISHANGEL CONNOISSEUR RAPIDWAXX \u00e4r enkel o snabb att anv\u00e4nda.<\/p>\n<p>Ger den nyvaxade looken till alla fordon.<\/p>\n<p>Detta sprayvax ger din lack en otrolig lyster och lenhet.<\/p>\n<p>F\u00e4rgen blir mer framtydande och intensiv.<\/p>\n<p>RAPIDWAXX inneh\u00e5ller ingen alkohol eller siliconbaserad primer.<\/p>\n","protected":false},"featured_media":21509,"comment_status":"open","ping_status":"closed","template":"","meta":[],"etheme_brands":[],"product_brand":[],"product_cat":[208],"product_tag":[],"class_list":{"0":"post-21508","1":"product","2":"type-product","3":"status-publish","4":"has-post-thumbnail","6":"product_cat-lackskydd-vax","8":"first","9":"instock","10":"taxable","11":"shipping-taxable","12":"purchasable","13":"product-type-simple"},"_links":{"self":[{"href":"https:\/\/streetpower-rekond.se\/newsite\/sv\/wp-json\/wp\/v2\/product\/21508","targetHints":{"allow":["GET"]}}],"collection":[{"href":"https:\/\/streetpower-rekond.se\/newsite\/sv\/wp-json\/wp\/v2\/product"}],"about":[{"href":"https:\/\/streetpower-rekond.se\/newsite\/sv\/wp-json\/wp\/v2\/types\/product"}],"replies":[{"embeddable":true,"href":"https:\/\/streetpower-rekond.se\/newsite\/sv\/wp-json\/wp\/v2\/comments?post=21508"}],"version-history":[{"count":0,"href":"https:\/\/streetpower-rekond.se\/newsite\/sv\/wp-json\/wp\/v2\/product\/21508\/revisions"}],"wp:featuredmedia":[{"embeddable":true,"href":"https:\/\/streetpower-rekond.se\/newsite\/sv\/wp-json\/wp\/v2\/media\/21509"}],"wp:attachment":[{"href":"https:\/\/streetpower-rekond.se\/newsite\/sv\/wp-json\/wp\/v2\/media?parent=21508"}],"wp:term":[{"taxonomy":"brand","embeddable":true,"href":"https:\/\/streetpower-rekond.se\/newsite\/sv\/wp-json\/wp\/v2\/etheme_brands?post=21508"},{"taxonomy":"product_brand","embeddable":true,"href":"https:\/\/streetpower-rekond.se\/newsite\/sv\/wp-json\/wp\/v2\/product_brand?post=21508"},{"taxonomy":"product_cat","embeddable":true,"href":"https:\/\/streetpower-rekond.se\/newsite\/sv\/wp-json\/wp\/v2\/product_cat?post=21508"},{"taxonomy":"product_tag","embeddable":true,"href":"https:\/\/streetpower-rekond.se\/newsite\/sv\/wp-json\/wp\/v2\/product_tag?post=21508"}],"curies":[{"name":"wp","href":"https:\/\/api.w.org\/{rel}","templated":true}]}}