{"id":21402,"date":"2025-01-01T13:44:50","date_gmt":"2025-01-01T13:44:50","guid":{"rendered":"https:\/\/streetpower-rekond.se\/newsite\/product\/aurora-graphene-spray-coat-30ml\/"},"modified":"2025-04-01T09:42:10","modified_gmt":"2025-04-01T09:42:10","slug":"ultracoat-aurora-grafen-spray-belaggning-30ml","status":"publish","type":"product","link":"https:\/\/streetpower-rekond.se\/newsite\/sv\/product\/ultracoat-aurora-grafen-spray-belaggning-30ml\/","title":{"rendered":"Ultracoat Aurora  Graphene Spray Coat 30ml"},"content":{"rendered":"<p><iframe title=\"Ultracoat Aurora Graphene Spray Coat instruktionsfilm #paintcorrection #lackskydd #bilv\u00e5rd\" width=\"1170\" height=\"658\" src=\"https:\/\/www.youtube.com\/embed\/HGBpyDJxoto?feature=oembed\" frameborder=\"0\" allow=\"accelerometer; autoplay; clipboard-write; encrypted-media; gyroscope; picture-in-picture; web-share\" referrerpolicy=\"strict-origin-when-cross-origin\" allowfullscreen><\/iframe><\/p>\n<p>Ultracoat InteliGraph \u00e4r en serie av tekniskt avancerade keramiska bel\u00e4ggningar designad f\u00f6r de mest kr\u00e4vande anv\u00e4ndarna. Den best\u00e5r av tre aktiva ingredienser: SiO2, SiC och grafen.<\/p>\n<p>Prestanda f\u00f6r InteliGraph-seriens produkter baseras p\u00e5 smart polymerteknologi &#8211; n\u00e4sta generations lackskyddsom har f\u00f6rm\u00e5gan att anpassa sig till \u00e4ven de mest extrema milj\u00f6f\u00f6rh\u00e5llandena samtidigt som exceptionellt bibeh\u00e5lls visuella och funktionella egenskaper. Detta \u00e4r den mest avancerade produktlinjen i Ultracoats historia. Inga kompromisser.<\/p>\n<p>Aurora Graphene Spray Coat \u00e4r den mest m\u00e5ngsidiga lackskyddet i InteliGraph-serien, l\u00e4mplig f\u00f6r n\u00e4stan alla yttre ytor p\u00e5 fordon, inklusive lack, hjul och plast. Tack vare tillsatsen av grafenpl\u00e4ttar och en h\u00f6g SiO2-halt, presterar den exceptionellt bra som en frist\u00e5ende skyddsl\u00f6sning. Aurora kan \u00e4ven anv\u00e4ndas som toppcoat eller f\u00f6r underh\u00e5ll tidigare applicerade bel\u00e4ggningar.<\/p>\n<p>Grafenpl\u00e4ttarna i Aurora g\u00f6r den belagda ytan extremt sl\u00e4t, vilket f\u00f6rst\u00e4rker f\u00e4rgens djup som aldrig f\u00f6rr. Den grafeninfunderade j\u00e4mnheten bidrar ocks\u00e5 till dess superhydrofoba egenskaper, minimerar vidh\u00e4ftning av smuts och underl\u00e4ttar borttagning.<\/p>\n<p>Enast\u00e5ende visuella effekter kombineras med skydd som varar upp till 9 m\u00e5nader. Med f\u00f6rekomst av grafenpl\u00e4ttar \u00e4r Aurora resistent mot f\u00f6r\u00e4ndrade yttre faktorer som t.ex extrema temperaturer, intensiv UV-str\u00e5lning och exponering f\u00f6r skadliga kemikalier med extrema pH-niv\u00e5er (fr\u00e5n 2 till 13).<\/p>\n<p>Aurora-bel\u00e4ggningens m\u00e5ngsidighet inneb\u00e4r ocks\u00e5 enkel applicering, vilket \u00e4nnu mindre erfarna anv\u00e4ndare kan hantera utan problem. Produkten \u00e4r designad f\u00f6r anv\u00e4ndning utan strikt kontrollerade milj\u00f6f\u00f6rh\u00e5llanden.<\/p>\n<p>En annan f\u00f6rdel med Aurora \u00e4r dess snabba och enkel h\u00e4rdning &#8211; fordonet kan k\u00f6ra ut p\u00e5 v\u00e4gen samma dag som bel\u00e4ggningen appliceras.<\/p>\n","protected":false},"excerpt":{"rendered":"<p>Aurora \u00e4r en m\u00e5ngsidig grafenkeramisk lackskyddsom l\u00e4mpar sig f\u00f6r n\u00e4stan alla yttre ytor, t.ex<\/p>\n<p>som lack, hjul och plast. Den kan appliceras som en frist\u00e5ende produkt eller som toppcoat,<\/p>\n<p>skyddar upp till 9 m\u00e5nader. Med inf\u00f6randet av grafenplattor, blir ytor<\/p>\n<p>belagda med Aurora extremt sl\u00e4ta och superhydrofobiska<\/p>\n<p>och minimerar vidh\u00e4ftning av smuts.<\/p>\n","protected":false},"featured_media":21403,"comment_status":"open","ping_status":"closed","template":"","meta":[],"etheme_brands":[{"term_id":410,"name":"Ultracoat","slug":"ultracoat","term_group":0,"term_taxonomy_id":410,"taxonomy":"brand","description":"","parent":0,"count":79,"filter":"raw"}],"product_brand":[384],"product_cat":[210],"product_tag":[],"class_list":{"0":"post-21402","1":"product","2":"type-product","3":"status-publish","4":"has-post-thumbnail","6":"brand-ultracoat","7":"product_brand-ultracoat","8":"product_cat-keramiska-lackskydd","10":"first","11":"instock","12":"sale","13":"taxable","14":"shipping-taxable","15":"purchasable","16":"product-type-simple"},"_links":{"self":[{"href":"https:\/\/streetpower-rekond.se\/newsite\/sv\/wp-json\/wp\/v2\/product\/21402","targetHints":{"allow":["GET"]}}],"collection":[{"href":"https:\/\/streetpower-rekond.se\/newsite\/sv\/wp-json\/wp\/v2\/product"}],"about":[{"href":"https:\/\/streetpower-rekond.se\/newsite\/sv\/wp-json\/wp\/v2\/types\/product"}],"replies":[{"embeddable":true,"href":"https:\/\/streetpower-rekond.se\/newsite\/sv\/wp-json\/wp\/v2\/comments?post=21402"}],"version-history":[{"count":1,"href":"https:\/\/streetpower-rekond.se\/newsite\/sv\/wp-json\/wp\/v2\/product\/21402\/revisions"}],"predecessor-version":[{"id":22960,"href":"https:\/\/streetpower-rekond.se\/newsite\/sv\/wp-json\/wp\/v2\/product\/21402\/revisions\/22960"}],"wp:featuredmedia":[{"embeddable":true,"href":"https:\/\/streetpower-rekond.se\/newsite\/sv\/wp-json\/wp\/v2\/media\/21403"}],"wp:attachment":[{"href":"https:\/\/streetpower-rekond.se\/newsite\/sv\/wp-json\/wp\/v2\/media?parent=21402"}],"wp:term":[{"taxonomy":"brand","embeddable":true,"href":"https:\/\/streetpower-rekond.se\/newsite\/sv\/wp-json\/wp\/v2\/etheme_brands?post=21402"},{"taxonomy":"product_brand","embeddable":true,"href":"https:\/\/streetpower-rekond.se\/newsite\/sv\/wp-json\/wp\/v2\/product_brand?post=21402"},{"taxonomy":"product_cat","embeddable":true,"href":"https:\/\/streetpower-rekond.se\/newsite\/sv\/wp-json\/wp\/v2\/product_cat?post=21402"},{"taxonomy":"product_tag","embeddable":true,"href":"https:\/\/streetpower-rekond.se\/newsite\/sv\/wp-json\/wp\/v2\/product_tag?post=21402"}],"curies":[{"name":"wp","href":"https:\/\/api.w.org\/{rel}","templated":true}]}}