{"id":21326,"date":"2025-01-01T13:30:33","date_gmt":"2025-01-01T13:30:33","guid":{"rendered":"https:\/\/streetpower-rekond.se\/newsite\/product\/purple-blaze-2-pack-320gsm\/"},"modified":"2025-05-07T12:21:37","modified_gmt":"2025-05-07T12:21:37","slug":"purple-blaze-2-pack-320gsm","status":"publish","type":"product","link":"https:\/\/streetpower-rekond.se\/newsite\/sv\/product\/purple-blaze-2-pack-320gsm\/","title":{"rendered":"Purple Blaze &#8211; 2 pack 320Gsm"},"content":{"rendered":"<p>Egenskaper:<\/p>\n<p>M\u00e5tt: 40x40cm<\/p>\n<p>Vikt: 320 gsm<\/p>\n<p>Blandning: 70\/30 polyester \/ polyamid<\/p>\n<p>2-pack<\/p>\n","protected":false},"excerpt":{"rendered":"<p>Purple Blaze \u00e4r en kantl\u00f6s mikrofiber f\u00f6r anv\u00e4ndning vid reng\u00f6ring av ytor, tv\u00e4tt av f\u00f6nster och reng\u00f6ring av rester fr\u00e5n vax och polermedel. Tillverkad av koreansk mikrofiber av h\u00f6gsta kvalitet med h\u00f6gt inneh\u00e5ll av polyamid, vilket s\u00e4kerst\u00e4ller h\u00f6g komfort och full s\u00e4kerhet f\u00f6r den behandlade ytan<\/p>\n","protected":false},"featured_media":21327,"comment_status":"open","ping_status":"closed","template":"","meta":[],"etheme_brands":[{"term_id":410,"name":"Ultracoat","slug":"ultracoat","term_group":0,"term_taxonomy_id":410,"taxonomy":"brand","description":"","parent":0,"count":79,"filter":"raw"}],"product_brand":[384],"product_cat":[219],"product_tag":[],"class_list":{"0":"post-21326","1":"product","2":"type-product","3":"status-publish","4":"has-post-thumbnail","6":"brand-ultracoat","7":"product_brand-ultracoat","8":"product_cat-mikrofiberdukar","10":"first","11":"instock","12":"sale","13":"taxable","14":"shipping-taxable","15":"purchasable","16":"product-type-simple"},"_links":{"self":[{"href":"https:\/\/streetpower-rekond.se\/newsite\/sv\/wp-json\/wp\/v2\/product\/21326","targetHints":{"allow":["GET"]}}],"collection":[{"href":"https:\/\/streetpower-rekond.se\/newsite\/sv\/wp-json\/wp\/v2\/product"}],"about":[{"href":"https:\/\/streetpower-rekond.se\/newsite\/sv\/wp-json\/wp\/v2\/types\/product"}],"replies":[{"embeddable":true,"href":"https:\/\/streetpower-rekond.se\/newsite\/sv\/wp-json\/wp\/v2\/comments?post=21326"}],"version-history":[{"count":1,"href":"https:\/\/streetpower-rekond.se\/newsite\/sv\/wp-json\/wp\/v2\/product\/21326\/revisions"}],"predecessor-version":[{"id":23080,"href":"https:\/\/streetpower-rekond.se\/newsite\/sv\/wp-json\/wp\/v2\/product\/21326\/revisions\/23080"}],"wp:featuredmedia":[{"embeddable":true,"href":"https:\/\/streetpower-rekond.se\/newsite\/sv\/wp-json\/wp\/v2\/media\/21327"}],"wp:attachment":[{"href":"https:\/\/streetpower-rekond.se\/newsite\/sv\/wp-json\/wp\/v2\/media?parent=21326"}],"wp:term":[{"taxonomy":"brand","embeddable":true,"href":"https:\/\/streetpower-rekond.se\/newsite\/sv\/wp-json\/wp\/v2\/etheme_brands?post=21326"},{"taxonomy":"product_brand","embeddable":true,"href":"https:\/\/streetpower-rekond.se\/newsite\/sv\/wp-json\/wp\/v2\/product_brand?post=21326"},{"taxonomy":"product_cat","embeddable":true,"href":"https:\/\/streetpower-rekond.se\/newsite\/sv\/wp-json\/wp\/v2\/product_cat?post=21326"},{"taxonomy":"product_tag","embeddable":true,"href":"https:\/\/streetpower-rekond.se\/newsite\/sv\/wp-json\/wp\/v2\/product_tag?post=21326"}],"curies":[{"name":"wp","href":"https:\/\/api.w.org\/{rel}","templated":true}]}}