{"id":21261,"date":"2025-01-01T13:16:28","date_gmt":"2025-01-01T13:16:28","guid":{"rendered":"https:\/\/streetpower-rekond.se\/newsite\/product\/gravity-rims-plastics-graphene-coat-15ml-2\/"},"modified":"2025-04-03T13:23:58","modified_gmt":"2025-04-03T13:23:58","slug":"gravity-rims-plastics-graphene-coat-15ml","status":"publish","type":"product","link":"https:\/\/streetpower-rekond.se\/newsite\/sv\/product\/gravity-rims-plastics-graphene-coat-15ml\/","title":{"rendered":"Gravity &#8211; Rims &#038; Plastics Graphene Coat 15ml"},"content":{"rendered":"<p>Ultracoat InteliGraph \u00e4r en serie av tekniskt avancerade keramiska bel\u00e4ggningar<\/p>\n<p>designad f\u00f6r de mest kr\u00e4vande anv\u00e4ndarna. Den best\u00e5r av tre aktiva ingredienser: SiO2,<\/p>\n<p>SiC och grafen. Prestanda f\u00f6r InteliGraph-seriens produkter baseras p\u00e5<\/p>\n<p>smart polymerteknologi &#8211; n\u00e4sta generations bel\u00e4ggningar som har f\u00f6rm\u00e5gan att anpassa sig<\/p>\n<p>till \u00e4ven de mest extrema milj\u00f6f\u00f6rh\u00e5llandena samtidigt som exceptionellt bibeh\u00e5lls<\/p>\n<p>visuella och funktionella egenskaper. Detta \u00e4r den mest avancerade produktlinjen i Ultracoats<\/p>\n<p>historia. Inga kompromisser.<\/p>\n<p>Gravity \u00e4r en avancerad och m\u00e5ngsidig bel\u00e4ggning designad f\u00f6r hjul och metallkomponenter,<\/p>\n<p>som avgaspipor och bromsok. Det visar sig ocks\u00e5 som en skyddande l\u00f6sning f\u00f6r<\/p>\n<p>om\u00e5lade plastdelar. Inf\u00f6rlivandet av tre aktiva ingredienser &#8211; SiO2, SiC,<\/p>\n<p>och grafen \u2013 m\u00f6jligg\u00f6r uppn\u00e5endet av smart polymereffekt, som representerar det senaste<\/p>\n<p>tekniska framsteg inom keramiska bel\u00e4ggningar.<\/p>\n<p>Smarta polymerer har en exceptionell f\u00f6rm\u00e5ga att anpassa sig till extrema v\u00e4derf\u00f6rh\u00e5llanden och<\/p>\n<p>yttre faktorer. Denna anpassningsf\u00f6rm\u00e5ga \u00f6vers\u00e4tts till Gravity-bel\u00e4ggningens motst\u00e5nd mot<\/p>\n<p>fenomen som extremt h\u00f6ga och l\u00e5ga temperaturer, intensiv UV-str\u00e5lning och<\/p>\n<p>exponering f\u00f6r skadliga kemikalier. \u00c4ven under ogynnsamma f\u00f6rh\u00e5llanden beh\u00e5ller Gravity sin<\/p>\n<p>ursprungliga egenskaper i upp till 2 \u00e5r.<\/p>\n<p>H\u00e5llbarheten hos Gravity grafen-keramisk bel\u00e4ggning g\u00e5r hand i hand med dess fantastiska<\/p>\n<p>utseende. B\u00e5de blanka och matta ytor belagda med Gravity f\u00e5r ett intensivt djup. De<\/p>\n<p>exceptionell j\u00e4mnhet till f\u00f6ljd av n\u00e4rvaron av grafenpl\u00e4ttar f\u00f6rb\u00e4ttrar dess<\/p>\n<p>superhydrofob effekt och sj\u00e4lvreng\u00f6rande egenskaper. Med kristallklart djup, allt<\/p>\n<p>elementen kommer att se oklanderliga ut. N\u00e4r vi utvecklade Gravity gl\u00f6mde vi inte bort det praktiska<\/p>\n<p>aspekter &#8211; appliceringen \u00e4r anm\u00e4rkningsv\u00e4rt enkel och mycket tillfredsst\u00e4llande<\/p>\n","protected":false},"excerpt":{"rendered":"<p>Gravity \u00e4r en avancerad grafenkeramisk bel\u00e4ggning f\u00f6r f\u00e4lgar, avgaspipor och plast.<\/p>\n<p>Anv\u00e4ndning av tre aktiva ingredienser (SiO2, SiC och grafen) m\u00f6jligg\u00f6r uppn\u00e5endet av smart<\/p>\n<p>polymereffekt, vilket ger Gravity 2 \u00e5rs h\u00e5llbarhet och motst\u00e5ndskraft mot extrema yttre faktorer.<\/p>\n<p>Gravity ger en effekt av intensivt djup, superhydrofobicitet och sj\u00e4lvreng\u00f6rande egenskaper.<\/p>\n","protected":false},"featured_media":21634,"comment_status":"open","ping_status":"closed","template":"","meta":[],"etheme_brands":[{"term_id":410,"name":"Ultracoat","slug":"ultracoat","term_group":0,"term_taxonomy_id":410,"taxonomy":"brand","description":"","parent":0,"count":79,"filter":"raw"}],"product_brand":[384],"product_cat":[246,267],"product_tag":[],"class_list":{"0":"post-21261","1":"product","2":"type-product","3":"status-publish","4":"has-post-thumbnail","6":"brand-ultracoat","7":"product_brand-ultracoat","8":"product_cat-faelgvax-coating","9":"product_cat-plast-lister","11":"first","12":"instock","13":"sale","14":"taxable","15":"shipping-taxable","16":"purchasable","17":"product-type-simple"},"_links":{"self":[{"href":"https:\/\/streetpower-rekond.se\/newsite\/sv\/wp-json\/wp\/v2\/product\/21261","targetHints":{"allow":["GET"]}}],"collection":[{"href":"https:\/\/streetpower-rekond.se\/newsite\/sv\/wp-json\/wp\/v2\/product"}],"about":[{"href":"https:\/\/streetpower-rekond.se\/newsite\/sv\/wp-json\/wp\/v2\/types\/product"}],"replies":[{"embeddable":true,"href":"https:\/\/streetpower-rekond.se\/newsite\/sv\/wp-json\/wp\/v2\/comments?post=21261"}],"version-history":[{"count":3,"href":"https:\/\/streetpower-rekond.se\/newsite\/sv\/wp-json\/wp\/v2\/product\/21261\/revisions"}],"predecessor-version":[{"id":23221,"href":"https:\/\/streetpower-rekond.se\/newsite\/sv\/wp-json\/wp\/v2\/product\/21261\/revisions\/23221"}],"wp:featuredmedia":[{"embeddable":true,"href":"https:\/\/streetpower-rekond.se\/newsite\/sv\/wp-json\/wp\/v2\/media\/21634"}],"wp:attachment":[{"href":"https:\/\/streetpower-rekond.se\/newsite\/sv\/wp-json\/wp\/v2\/media?parent=21261"}],"wp:term":[{"taxonomy":"brand","embeddable":true,"href":"https:\/\/streetpower-rekond.se\/newsite\/sv\/wp-json\/wp\/v2\/etheme_brands?post=21261"},{"taxonomy":"product_brand","embeddable":true,"href":"https:\/\/streetpower-rekond.se\/newsite\/sv\/wp-json\/wp\/v2\/product_brand?post=21261"},{"taxonomy":"product_cat","embeddable":true,"href":"https:\/\/streetpower-rekond.se\/newsite\/sv\/wp-json\/wp\/v2\/product_cat?post=21261"},{"taxonomy":"product_tag","embeddable":true,"href":"https:\/\/streetpower-rekond.se\/newsite\/sv\/wp-json\/wp\/v2\/product_tag?post=21261"}],"curies":[{"name":"wp","href":"https:\/\/api.w.org\/{rel}","templated":true}]}}