{"id":21226,"date":"2025-01-01T13:10:12","date_gmt":"2025-01-01T13:10:12","guid":{"rendered":"https:\/\/streetpower-rekond.se\/newsite\/product\/ultracoat-spotless-fabric-2-500-ml\/"},"modified":"2025-04-01T09:42:35","modified_gmt":"2025-04-01T09:42:35","slug":"ultracoat-spotless-fabric-2-500-ml","status":"publish","type":"product","link":"https:\/\/streetpower-rekond.se\/newsite\/sv\/product\/ultracoat-spotless-fabric-2-500-ml\/","title":{"rendered":"Ultracoat Spotless Fabric 2. 500 ml"},"content":{"rendered":"<p>Spotless Fabric inneh\u00e5ller inga l\u00f6sningsmedel, s\u00e5 du kan s\u00e4kert anv\u00e4nda den i ditt fordon och hemma. Produkten l\u00e4mnar inte en intensiv syntetisk lukt, vilket g\u00f6r att du kan njuta av att k\u00f6ra en ren bil direkt efter impregnering och torkning.<\/p>\n<p>Det \u00e4r v\u00e4rt att notera att du kan impregnera med det inte bara inredningen av bilen, utan \u00e4ven hem- och tr\u00e4dg\u00e5rdsinredning, samt skor och kl\u00e4der. Kort sagt: alla textila ytor!<\/p>\n<p>Anv\u00e4ndningsmetod:<\/p>\n<p>\u2022 Se till att ytan \u00e4r torr och ren.<\/p>\n<p>\u2022 Applicera produkten j\u00e4mnt med den medf\u00f6ljande triggern.<\/p>\n<p>\u2022 Ytan ska vara synligt fuktad, men inte bl\u00f6t.<\/p>\n<p>\u2022 L\u00e5t torka helt.<\/p>\n","protected":false},"excerpt":{"rendered":"<p>Ultracoat Spotless Fabric 2.0 \u00e4r en s\u00e4ker och effektiv impregnator f\u00f6r bilkl\u00e4dsel, sufflettar och andra ytor kl\u00e4dda med tyg. Den tr\u00e4nger djupt in i kl\u00e4dselns struktur och skyddar den fr\u00e5n vardagssmuts, och tack vare dess hydrofoba egenskaper f\u00f6rhindrar den att fl\u00e4ckar tr\u00e4nger in i tygstrukturen..<\/p>\n","protected":false},"featured_media":21227,"comment_status":"open","ping_status":"closed","template":"","meta":[],"etheme_brands":[{"term_id":410,"name":"Ultracoat","slug":"ultracoat","term_group":0,"term_taxonomy_id":410,"taxonomy":"brand","description":"","parent":0,"count":79,"filter":"raw"}],"product_brand":[384],"product_cat":[247,248],"product_tag":[],"class_list":{"0":"post-21226","1":"product","2":"type-product","3":"status-publish","4":"has-post-thumbnail","6":"brand-ultracoat","7":"product_brand-ultracoat","8":"product_cat-cabbar","9":"product_cat-tygimpregnering","11":"first","12":"instock","13":"sale","14":"taxable","15":"shipping-taxable","16":"purchasable","17":"product-type-simple"},"_links":{"self":[{"href":"https:\/\/streetpower-rekond.se\/newsite\/sv\/wp-json\/wp\/v2\/product\/21226","targetHints":{"allow":["GET"]}}],"collection":[{"href":"https:\/\/streetpower-rekond.se\/newsite\/sv\/wp-json\/wp\/v2\/product"}],"about":[{"href":"https:\/\/streetpower-rekond.se\/newsite\/sv\/wp-json\/wp\/v2\/types\/product"}],"replies":[{"embeddable":true,"href":"https:\/\/streetpower-rekond.se\/newsite\/sv\/wp-json\/wp\/v2\/comments?post=21226"}],"version-history":[{"count":1,"href":"https:\/\/streetpower-rekond.se\/newsite\/sv\/wp-json\/wp\/v2\/product\/21226\/revisions"}],"predecessor-version":[{"id":23085,"href":"https:\/\/streetpower-rekond.se\/newsite\/sv\/wp-json\/wp\/v2\/product\/21226\/revisions\/23085"}],"wp:featuredmedia":[{"embeddable":true,"href":"https:\/\/streetpower-rekond.se\/newsite\/sv\/wp-json\/wp\/v2\/media\/21227"}],"wp:attachment":[{"href":"https:\/\/streetpower-rekond.se\/newsite\/sv\/wp-json\/wp\/v2\/media?parent=21226"}],"wp:term":[{"taxonomy":"brand","embeddable":true,"href":"https:\/\/streetpower-rekond.se\/newsite\/sv\/wp-json\/wp\/v2\/etheme_brands?post=21226"},{"taxonomy":"product_brand","embeddable":true,"href":"https:\/\/streetpower-rekond.se\/newsite\/sv\/wp-json\/wp\/v2\/product_brand?post=21226"},{"taxonomy":"product_cat","embeddable":true,"href":"https:\/\/streetpower-rekond.se\/newsite\/sv\/wp-json\/wp\/v2\/product_cat?post=21226"},{"taxonomy":"product_tag","embeddable":true,"href":"https:\/\/streetpower-rekond.se\/newsite\/sv\/wp-json\/wp\/v2\/product_tag?post=21226"}],"curies":[{"name":"wp","href":"https:\/\/api.w.org\/{rel}","templated":true}]}}