{"id":21192,"date":"2025-01-12T12:52:19","date_gmt":"2025-01-12T12:52:19","guid":{"rendered":"https:\/\/streetpower-rekond.se\/newsite\/?post_type=product&#038;p=21192"},"modified":"2025-01-13T06:40:36","modified_gmt":"2025-01-13T06:40:36","slug":"viking-finishing-pad-140-x-25mm-20pack","status":"publish","type":"product","link":"https:\/\/streetpower-rekond.se\/newsite\/sv\/product\/viking-finishing-pad-140-x-25mm-20pack\/","title":{"rendered":"VIKING FINISHING PAD 140 x 25mm 20Pack"},"content":{"rendered":"<p>Trissan har ett gummilager som hj\u00e4lper att motst\u00e5 mer v\u00e4rme och slitage skapad av dubbelverkande oscillerande polermaskiner, speciellt hos maskiner med stor slagl\u00e4ngd!<\/p>\n<p>Gummilagret ger ocks\u00e5 ett mer konstant tryck p\u00e5 bilens lackyta vid polering, vilket bidrar till ett mer konsekvent resultat.<\/p>\n<p>Grova repor, hologram, vattenfl\u00e4ckar och m\u00e5nga andra lackindefekter kommer att avl\u00e4gsnas enkelt.<\/p>\n","protected":false},"excerpt":{"rendered":"<p>1Extern konisk form med centrum h\u00e5l<br \/>\nL\u00e5ng livsl\u00e4ngd och f\u00f6rb\u00e4ttrad v\u00e4rmeavledning<\/p>\n<p>M\u00e5tt<br \/>\nYtterdiameter: 140 mm<br \/>\nInnerdiameter : 130 mm<br \/>\nH\u00f6jd: 25 mm<br \/>\nF\u00f6r anv\u00e4ndning med oscillerande polermaskiner (DA)<\/p>\n<p>Sk\u00f6tselr\u00e5d polerrondeller<br \/>\nReng\u00f6rs genom att bl\u00e5sa rent med tryckluft eller med en borste<\/p>\n<p>Tillverkade i EU<\/p>\n","protected":false},"featured_media":21193,"comment_status":"open","ping_status":"closed","template":"","meta":[],"etheme_brands":[],"product_brand":[],"product_cat":[353],"product_tag":[],"class_list":{"0":"post-21192","1":"product","2":"type-product","3":"status-publish","4":"has-post-thumbnail","6":"product_cat-polertrissor","8":"first","9":"instock","10":"taxable","11":"shipping-taxable","12":"purchasable","13":"product-type-simple"},"_links":{"self":[{"href":"https:\/\/streetpower-rekond.se\/newsite\/sv\/wp-json\/wp\/v2\/product\/21192","targetHints":{"allow":["GET"]}}],"collection":[{"href":"https:\/\/streetpower-rekond.se\/newsite\/sv\/wp-json\/wp\/v2\/product"}],"about":[{"href":"https:\/\/streetpower-rekond.se\/newsite\/sv\/wp-json\/wp\/v2\/types\/product"}],"replies":[{"embeddable":true,"href":"https:\/\/streetpower-rekond.se\/newsite\/sv\/wp-json\/wp\/v2\/comments?post=21192"}],"version-history":[{"count":0,"href":"https:\/\/streetpower-rekond.se\/newsite\/sv\/wp-json\/wp\/v2\/product\/21192\/revisions"}],"wp:featuredmedia":[{"embeddable":true,"href":"https:\/\/streetpower-rekond.se\/newsite\/sv\/wp-json\/wp\/v2\/media\/21193"}],"wp:attachment":[{"href":"https:\/\/streetpower-rekond.se\/newsite\/sv\/wp-json\/wp\/v2\/media?parent=21192"}],"wp:term":[{"taxonomy":"brand","embeddable":true,"href":"https:\/\/streetpower-rekond.se\/newsite\/sv\/wp-json\/wp\/v2\/etheme_brands?post=21192"},{"taxonomy":"product_brand","embeddable":true,"href":"https:\/\/streetpower-rekond.se\/newsite\/sv\/wp-json\/wp\/v2\/product_brand?post=21192"},{"taxonomy":"product_cat","embeddable":true,"href":"https:\/\/streetpower-rekond.se\/newsite\/sv\/wp-json\/wp\/v2\/product_cat?post=21192"},{"taxonomy":"product_tag","embeddable":true,"href":"https:\/\/streetpower-rekond.se\/newsite\/sv\/wp-json\/wp\/v2\/product_tag?post=21192"}],"curies":[{"name":"wp","href":"https:\/\/api.w.org\/{rel}","templated":true}]}}