{"id":21179,"date":"2025-01-01T12:53:41","date_gmt":"2025-01-01T12:53:41","guid":{"rendered":"https:\/\/streetpower-rekond.se\/newsite\/product\/ultracoat-magnite-50ml\/"},"modified":"2025-04-27T18:17:13","modified_gmt":"2025-04-27T18:17:13","slug":"ultracoat-magnite-50ml","status":"publish","type":"product","link":"https:\/\/streetpower-rekond.se\/newsite\/sv\/product\/ultracoat-magnite-50ml\/","title":{"rendered":"Ultracoat Magnite 50ml"},"content":{"rendered":"<p>Denna keramiska behandling h\u00e4rdar den skyddade ytan och s\u00e4kerst\u00e4ller h\u00f6g halhet vid ber\u00f6ring vilket minskar uppkomst av mikrorepor vid tv\u00e4tt. Den nya tekniken gjorde att vi fick en effektiv barri\u00e4r mot vattenfl\u00e4ckar, som inte bara minskar risken f\u00f6r kalkfl\u00e4ckar, utan framf\u00f6r allt \u00e4r l\u00e4ttare att ta bort dessa senare.<\/p>\n<p>Det \u00e4r en sj\u00e4lvst\u00e4ndig behandling &#8211; den kr\u00e4ver inte applicering av ett extra toppcoat. N\u00e4r vi designade Magnite ville vi betona principen &#8221;Enjoy Detailing&#8221;, varf\u00f6r appliceringen \u00e4r enkel, snabb och behaglig, \u00e4ven under utmanande milj\u00f6f\u00f6rh\u00e5llanden. Om du vill f\u00f6rst\u00e4rka effekten av behandlingen kan du applicera den i tv\u00e5 lager.<\/p>\n<p>Magnite garanterar en spektakul\u00e4r visuell och underh\u00e5llsupplevelse som kommer att tillfredsst\u00e4lla de allra mest kr\u00e4vande anv\u00e4ndarna. Produkten ger glas-ighet och stark glans lika med de b\u00e4sta naturliga vaxerna och f\u00e4rgdjupet som framh\u00e4ver den naturliga sk\u00f6nheten i ditt fordon.<\/p>\n<p>Den utm\u00e4rkta hydrofoba effekten gl\u00e4der inte bara \u00f6gat genom att presentera perfekta vattendroppar p\u00e5 ytan, utan s\u00e4kerst\u00e4ller framf\u00f6r allt en effektiv sj\u00e4lvreng\u00f6rande effekt och underl\u00e4ttar avsev\u00e4rt tv\u00e4ttning och att h\u00e5lla bilen ren.<\/p>\n<p>Magnite-applikationen i kombination med korrekt sk\u00f6tsel garanterar att lacken bibeh\u00e5lls i perfekt skick och gl\u00e4djen vid vardagsbruk av fordonet.<\/p>\n<p><strong>Egenskaper:<\/strong><\/p>\n<p>H\u00e5llbarhet: upp till 4 \u00e5r\/8000 mil<\/p>\n<p>F\u00f6rbrukning: 15 ml \/ 1 bil \/ 1 lager<\/p>\n<p>Kemisk best\u00e4ndighet: 2-13 pH<\/p>\n<p>Kontaktvinkel: &gt;110 grader<\/p>\n<p>Anv\u00e4ndning: lackade ytor, vinylfolie, PPF, plast<\/p>\n<p>Appliceringsmetod:<\/p>\n<p>Tv\u00e4tta fordonet noggrant och utf\u00f6r ytdekontaminering.<\/p>\n<p>Polera ytan f\u00f6r att f\u00e5 f\u00e4rgen till sitt b\u00e4sta skick.<\/p>\n<p>Avfetta ytan med Ultracoat Finest Wipe eller IPA.<\/p>\n<p>F\u00f6rbered behandlingen, applikatorn och n\u00e5gra nya mikrofiberdukar.<\/p>\n<p>Applicera produkten gener\u00f6st p\u00e5 applikatorn.<\/p>\n<p>Sprid ut produkten p\u00e5 ytan med hj\u00e4lp av &#8221;cross-hatch&#8221;-metoden.<\/p>\n<p>V\u00e4nta ca. 30 sekunder, samla upp \u00f6verskottsprodukten med mikrofiber och polera den sedan med den torra sidan f\u00f6r att f\u00e5 en perfekt finish. Du kan applicera n\u00e4sta lager redan 30 minuter efter det f\u00f6rsta.<\/p>\n<p>L\u00e4mna bilen i 24 timmar f\u00f6r att behandlingen f\u00e5r h\u00e4rda komplett.<\/p>\n<p><strong>Tips:<\/strong><\/p>\n<p>Applicera inte behandlingar i direkt solljus.<\/p>\n<p>L\u00e4mpliga f\u00f6rh\u00e5llanden f\u00f6r applicering \u00e4r en temperatur p\u00e5 10-25 \u00b0C och en luftfuktighet p\u00e5 30-70%.<\/p>\n<p>Anv\u00e4nd alltid nya rena mikrofiberdukar av god kvalitet.<\/p>\n<p>Applicera p\u00e5 sm\u00e5 ytor. Vi rekommenderar 50 cm x 50 cm sektioner.<\/p>\n<p>F\u00f6r \u00e4n b\u00e4ttre effekt, applicera ytterligare ett lager 30 minuter efter appliceringen av det f\u00f6rsta lagret.<\/p>\n<p>L\u00e5t behandlade fordon st\u00e5 i 24 timmar tills den \u00e4r helt h\u00e4rdad. Den f\u00f6rsta tv\u00e4tten b\u00f6r ske tidigast 7 dagar efter applicering av bel\u00e4ggningen.<\/p>\n<p>Anv\u00e4nd hela produkten senast 6 m\u00e5nader efter att flaskan \u00f6ppnats.<\/p>\n","protected":false},"excerpt":{"rendered":"<p>Ultracoat Magnite \u00e4r en hybrid keramisk behandling att skydda lackytor. Den \u00e4r baserad p\u00e5 SiO\u2082 och en utvald blandning av polysilazaner och polyhartsteknologi. Den fyller ytans mikroskopiska porer och skapar ett yttre skyddande lager med vilket den binder permanent och f\u00f6rb\u00e4ttrar dess egenskaper avsev\u00e4rt.<\/p>\n<p>Magnite ger ett effektivt lackskydd i upp till 4 \u00e5r\/ 8000 mil. Den har starka UV-filter f\u00f6r att skydda ytan mot nedbrytning och oxidation. Det skyddar lacken mot aggressiva kemikalier (motst\u00e5nd 2-13 pH) och organisk smuts.<\/p>\n","protected":false},"featured_media":21180,"comment_status":"open","ping_status":"closed","template":"","meta":[],"etheme_brands":[{"term_id":410,"name":"Ultracoat","slug":"ultracoat","term_group":0,"term_taxonomy_id":410,"taxonomy":"brand","description":"","parent":0,"count":79,"filter":"raw"}],"product_brand":[384],"product_cat":[210],"product_tag":[],"class_list":{"0":"post-21179","1":"product","2":"type-product","3":"status-publish","4":"has-post-thumbnail","6":"brand-ultracoat","7":"product_brand-ultracoat","8":"product_cat-keramiska-lackskydd","10":"first","11":"instock","12":"sale","13":"taxable","14":"shipping-taxable","15":"purchasable","16":"product-type-simple"},"_links":{"self":[{"href":"https:\/\/streetpower-rekond.se\/newsite\/sv\/wp-json\/wp\/v2\/product\/21179","targetHints":{"allow":["GET"]}}],"collection":[{"href":"https:\/\/streetpower-rekond.se\/newsite\/sv\/wp-json\/wp\/v2\/product"}],"about":[{"href":"https:\/\/streetpower-rekond.se\/newsite\/sv\/wp-json\/wp\/v2\/types\/product"}],"replies":[{"embeddable":true,"href":"https:\/\/streetpower-rekond.se\/newsite\/sv\/wp-json\/wp\/v2\/comments?post=21179"}],"version-history":[{"count":1,"href":"https:\/\/streetpower-rekond.se\/newsite\/sv\/wp-json\/wp\/v2\/product\/21179\/revisions"}],"predecessor-version":[{"id":22961,"href":"https:\/\/streetpower-rekond.se\/newsite\/sv\/wp-json\/wp\/v2\/product\/21179\/revisions\/22961"}],"wp:featuredmedia":[{"embeddable":true,"href":"https:\/\/streetpower-rekond.se\/newsite\/sv\/wp-json\/wp\/v2\/media\/21180"}],"wp:attachment":[{"href":"https:\/\/streetpower-rekond.se\/newsite\/sv\/wp-json\/wp\/v2\/media?parent=21179"}],"wp:term":[{"taxonomy":"brand","embeddable":true,"href":"https:\/\/streetpower-rekond.se\/newsite\/sv\/wp-json\/wp\/v2\/etheme_brands?post=21179"},{"taxonomy":"product_brand","embeddable":true,"href":"https:\/\/streetpower-rekond.se\/newsite\/sv\/wp-json\/wp\/v2\/product_brand?post=21179"},{"taxonomy":"product_cat","embeddable":true,"href":"https:\/\/streetpower-rekond.se\/newsite\/sv\/wp-json\/wp\/v2\/product_cat?post=21179"},{"taxonomy":"product_tag","embeddable":true,"href":"https:\/\/streetpower-rekond.se\/newsite\/sv\/wp-json\/wp\/v2\/product_tag?post=21179"}],"curies":[{"name":"wp","href":"https:\/\/api.w.org\/{rel}","templated":true}]}}