{"id":21100,"date":"2025-01-01T12:14:23","date_gmt":"2025-01-01T12:14:23","guid":{"rendered":"https:\/\/streetpower-rekond.se\/newsite\/product\/microfibre-cloth-5-pack-purpel-40x40cm-310-gsm\/"},"modified":"2025-04-23T06:23:02","modified_gmt":"2025-04-23T06:23:02","slug":"microfibre-cloth-5-pack-purpel-40x40cm-310-gsm","status":"publish","type":"product","link":"https:\/\/streetpower-rekond.se\/newsite\/sv\/product\/microfibre-cloth-5-pack-purpel-40x40cm-310-gsm\/","title":{"rendered":"MICROFIBRE CLOTH 5-PACK PURPEL 40X40CM 310 GSM"},"content":{"rendered":"","protected":false},"excerpt":{"rendered":"<p>Microfiber Cloth imponerar med sitt utm\u00e4rkta pris-prestanda-f\u00f6rh\u00e5llande. Med en s\u00f6ml\u00f6s mikrofiberkant skuren med ultrasonic cut s\u00e4kerst\u00e4ller den skonsam och repfri ytbehandling.<\/p>\n<p>GSM: 310<\/p>\n<p>80% polyester 20% polyami<\/p>\n<p>Kan tv\u00e4ttas i tv\u00e4ttmaskin upp till 60\u00b0C<\/p>\n<p>(rekommenderas med mikrofibertv\u00e4ttmedel) Skaka ur och h\u00e4ng p\u00e5 tork efter tv\u00e4tt<\/p>\n<p>(f\u00f6rsiktig cykel i torktumlaren \u00e4r ocks\u00e5 m\u00f6jligt f\u00f6r mikrofiberdukar)<\/p>\n","protected":false},"featured_media":21101,"comment_status":"open","ping_status":"closed","template":"","meta":[],"etheme_brands":[{"term_id":410,"name":"Ultracoat","slug":"ultracoat","term_group":0,"term_taxonomy_id":410,"taxonomy":"brand","description":"","parent":0,"count":79,"filter":"raw"}],"product_brand":[384],"product_cat":[219],"product_tag":[],"class_list":{"0":"post-21100","1":"product","2":"type-product","3":"status-publish","4":"has-post-thumbnail","6":"brand-ultracoat","7":"product_brand-ultracoat","8":"product_cat-mikrofiberdukar","10":"first","11":"instock","12":"taxable","13":"shipping-taxable","14":"purchasable","15":"product-type-simple"},"_links":{"self":[{"href":"https:\/\/streetpower-rekond.se\/newsite\/sv\/wp-json\/wp\/v2\/product\/21100","targetHints":{"allow":["GET"]}}],"collection":[{"href":"https:\/\/streetpower-rekond.se\/newsite\/sv\/wp-json\/wp\/v2\/product"}],"about":[{"href":"https:\/\/streetpower-rekond.se\/newsite\/sv\/wp-json\/wp\/v2\/types\/product"}],"replies":[{"embeddable":true,"href":"https:\/\/streetpower-rekond.se\/newsite\/sv\/wp-json\/wp\/v2\/comments?post=21100"}],"version-history":[{"count":1,"href":"https:\/\/streetpower-rekond.se\/newsite\/sv\/wp-json\/wp\/v2\/product\/21100\/revisions"}],"predecessor-version":[{"id":23088,"href":"https:\/\/streetpower-rekond.se\/newsite\/sv\/wp-json\/wp\/v2\/product\/21100\/revisions\/23088"}],"wp:featuredmedia":[{"embeddable":true,"href":"https:\/\/streetpower-rekond.se\/newsite\/sv\/wp-json\/wp\/v2\/media\/21101"}],"wp:attachment":[{"href":"https:\/\/streetpower-rekond.se\/newsite\/sv\/wp-json\/wp\/v2\/media?parent=21100"}],"wp:term":[{"taxonomy":"brand","embeddable":true,"href":"https:\/\/streetpower-rekond.se\/newsite\/sv\/wp-json\/wp\/v2\/etheme_brands?post=21100"},{"taxonomy":"product_brand","embeddable":true,"href":"https:\/\/streetpower-rekond.se\/newsite\/sv\/wp-json\/wp\/v2\/product_brand?post=21100"},{"taxonomy":"product_cat","embeddable":true,"href":"https:\/\/streetpower-rekond.se\/newsite\/sv\/wp-json\/wp\/v2\/product_cat?post=21100"},{"taxonomy":"product_tag","embeddable":true,"href":"https:\/\/streetpower-rekond.se\/newsite\/sv\/wp-json\/wp\/v2\/product_tag?post=21100"}],"curies":[{"name":"wp","href":"https:\/\/api.w.org\/{rel}","templated":true}]}}