{"id":21092,"date":"2025-01-01T12:14:10","date_gmt":"2025-01-01T12:14:10","guid":{"rendered":"https:\/\/streetpower-rekond.se\/newsite\/product\/vista-graphene-glass-coat-30ml\/"},"modified":"2025-04-01T09:42:52","modified_gmt":"2025-04-01T09:42:52","slug":"vista-graphene-glass-coat-30ml","status":"publish","type":"product","link":"https:\/\/streetpower-rekond.se\/newsite\/sv\/product\/vista-graphene-glass-coat-30ml\/","title":{"rendered":"Vista &#8211; Graphene Glass Coat 30ml"},"content":{"rendered":"<p>Ultracoat InteliGraph \u00e4r en serie av tekniskt avancerade keramiska bel\u00e4ggningar<\/p>\n<p>designad f\u00f6r de mest kr\u00e4vande anv\u00e4ndarna. Den best\u00e5r av tre aktiva ingredienser: SiO2,<\/p>\n<p>SiC och grafen. Prestanda f\u00f6r InteliGraph-seriens produkter baseras p\u00e5<\/p>\n<p>smart polymerteknologi &#8211; n\u00e4sta generations bel\u00e4ggningar som har f\u00f6rm\u00e5gan att anpassa sig<\/p>\n<p>till \u00e4ven de mest extrema milj\u00f6f\u00f6rh\u00e5llandena samtidigt som exceptionellt bibeh\u00e5lls<\/p>\n<p>visuella och funktionella egenskaper. Detta \u00e4r den mest avancerade produktlinjen i Ultracoats<\/p>\n<p>historia. Inga kompromisser.<\/p>\n<p>Vista \u00e4r den mest avancerade grafen-keramiska bel\u00e4ggningen f\u00f6r glasytor. Inklusionen<\/p>\n<p>av grafenpl\u00e4ttar s\u00e4kerst\u00e4ller att belagda element \u00e4r j\u00e4mnare \u00e4n n\u00e5gonsin tidigare. Detta<\/p>\n<p>resulterar i skapandet av en exceptionellt stark hydrofob effekt som motiverade en ny,<\/p>\n<p>mer passande term f\u00f6r att f\u00e5nga kraften i Vistas prestanda &#8211; allts\u00e5 konceptet med<\/p>\n<p>superhydrofobicitet f\u00f6ddes.<\/p>\n<p>Superhydrofobiciteten hos Vista-bel\u00e4ggningen inneb\u00e4r en mycket h\u00f6g kontaktvinkel f\u00f6r vattendroppar<\/p>\n<p>med underlaget, vilket g\u00f6r k\u00f6rningen i regnet bekv\u00e4mare och s\u00e4krare \u00e4n n\u00e5gonsin. De<\/p>\n<p>osynlig torkareffekt aktiveras vid hastigheter s\u00e5 l\u00e5ga som 45 km\/h (28 mph). Den h\u00f6ga<\/p>\n<p>j\u00e4mnhet resulterar ocks\u00e5 i minskad vidh\u00e4ftning av smuts, s\u00e5som insekter och damm, vilket g\u00f6r dem<\/p>\n<p>l\u00e4ttare att ta bort.<\/p>\n<p>Tack vare n\u00e4rvaron av grafenblodpl\u00e4ttar har exceptionell h\u00e5llbarhet uppn\u00e5tts,<\/p>\n<p>ger en h\u00f6g niv\u00e5 av k\u00f6rkomfort i regn i upp till 2 \u00e5r och ungef\u00e4r<\/p>\n<p>30 000 km efter applicering. Vista beh\u00e5ller sina ursprungliga egenskaper \u00e4ven i det extrema<\/p>\n<p>yttre f\u00f6rh\u00e5llanden, s\u00e5som l\u00e5ngvarig exponering f\u00f6r UV-str\u00e5lning, extrema temperaturer eller<\/p>\n<p>kontakt med skadliga kemikalier med extrema pH-niv\u00e5er (fr\u00e5n 2 till 13), inklusive v\u00e4g<\/p>\n<p>salt.<\/p>\n<p>Applicerings processen f\u00f6r Vista \u00e4r fortfarande otroligt enkel och tillfredsst\u00e4llande, vilket g\u00f6r det m\u00f6jligt f\u00f6r anv\u00e4ndare av<\/p>\n<p>alla kompetensniv\u00e5er f\u00f6r att uppn\u00e5 professionella resultat.<\/p>\n","protected":false},"excerpt":{"rendered":"<p>Vista \u00e4r en grafenkeramisk bel\u00e4ggning som ger superhydrofobicitet f\u00f6r glasytor.<\/p>\n<p>Applikationen m\u00f6jligg\u00f6r bekv\u00e4m k\u00f6rning i regnet med den osynliga torkareffekten fr\u00e5n<\/p>\n<p>bara 45 km\/h.<\/p>\n<p>Bel\u00e4ggningen minskar \u00e4ven vidh\u00e4ftningen av smuts och insektsrester.<\/p>\n<p>Tack vare grafenf\u00f6rst\u00e4rkning, den f\u00f6rv\u00e4ntade h\u00e5llbarheten f\u00f6r Vista-bel\u00e4ggningen \u00e4r 2 \u00e5r och<\/p>\n<p>cirka 30 000 km fr\u00e5n applicering.<\/p>\n<p>.<\/p>\n","protected":false},"featured_media":21095,"comment_status":"open","ping_status":"closed","template":"","meta":[],"etheme_brands":[{"term_id":410,"name":"Ultracoat","slug":"ultracoat","term_group":0,"term_taxonomy_id":410,"taxonomy":"brand","description":"","parent":0,"count":79,"filter":"raw"}],"product_brand":[384],"product_cat":[255],"product_tag":[],"class_list":{"0":"post-21092","1":"product","2":"type-product","3":"status-publish","4":"has-post-thumbnail","6":"brand-ultracoat","7":"product_brand-ultracoat","8":"product_cat-glasbehandling","10":"first","11":"instock","12":"sale","13":"taxable","14":"shipping-taxable","15":"purchasable","16":"product-type-simple"},"_links":{"self":[{"href":"https:\/\/streetpower-rekond.se\/newsite\/sv\/wp-json\/wp\/v2\/product\/21092","targetHints":{"allow":["GET"]}}],"collection":[{"href":"https:\/\/streetpower-rekond.se\/newsite\/sv\/wp-json\/wp\/v2\/product"}],"about":[{"href":"https:\/\/streetpower-rekond.se\/newsite\/sv\/wp-json\/wp\/v2\/types\/product"}],"replies":[{"embeddable":true,"href":"https:\/\/streetpower-rekond.se\/newsite\/sv\/wp-json\/wp\/v2\/comments?post=21092"}],"version-history":[{"count":1,"href":"https:\/\/streetpower-rekond.se\/newsite\/sv\/wp-json\/wp\/v2\/product\/21092\/revisions"}],"predecessor-version":[{"id":23089,"href":"https:\/\/streetpower-rekond.se\/newsite\/sv\/wp-json\/wp\/v2\/product\/21092\/revisions\/23089"}],"wp:featuredmedia":[{"embeddable":true,"href":"https:\/\/streetpower-rekond.se\/newsite\/sv\/wp-json\/wp\/v2\/media\/21095"}],"wp:attachment":[{"href":"https:\/\/streetpower-rekond.se\/newsite\/sv\/wp-json\/wp\/v2\/media?parent=21092"}],"wp:term":[{"taxonomy":"brand","embeddable":true,"href":"https:\/\/streetpower-rekond.se\/newsite\/sv\/wp-json\/wp\/v2\/etheme_brands?post=21092"},{"taxonomy":"product_brand","embeddable":true,"href":"https:\/\/streetpower-rekond.se\/newsite\/sv\/wp-json\/wp\/v2\/product_brand?post=21092"},{"taxonomy":"product_cat","embeddable":true,"href":"https:\/\/streetpower-rekond.se\/newsite\/sv\/wp-json\/wp\/v2\/product_cat?post=21092"},{"taxonomy":"product_tag","embeddable":true,"href":"https:\/\/streetpower-rekond.se\/newsite\/sv\/wp-json\/wp\/v2\/product_tag?post=21092"}],"curies":[{"name":"wp","href":"https:\/\/api.w.org\/{rel}","templated":true}]}}