{"id":21084,"date":"2025-01-01T12:13:58","date_gmt":"2025-01-01T12:13:58","guid":{"rendered":"https:\/\/streetpower-rekond.se\/newsite\/product\/the-liquid-elements-active-glass-foam\/"},"modified":"2025-01-12T15:42:21","modified_gmt":"2025-01-12T15:42:21","slug":"the-liquid-elements-active-glass-foam","status":"publish","type":"product","link":"https:\/\/streetpower-rekond.se\/newsite\/sv\/product\/the-liquid-elements-active-glass-foam\/","title":{"rendered":"The Liquid Elements Active Glass Foam"},"content":{"rendered":"<p>Egenskaper:<\/p>\n<p>G\u00e4ller alla sl\u00e4ta ytor<\/p>\n<p>Bra vidh\u00e4ftning tack vare Activ-skumformeln<\/p>\n<p>Mycket stark reng\u00f6ringsprestanda<\/p>\n<p>Kraftfull mot insekter, r\u00e4nder, v\u00e4gsmuts<\/p>\n<p>Skonsam mot lack, gummi och alla plastdelar<\/p>\n<p>Behaglig citrusdoft<\/p>\n<p>pH hudneutral<\/p>\n<\/p>\n<p>Applicering<\/p>\n<p>Skaka<\/p>\n<p>Spraya p\u00e5 ytan som ska reng\u00f6ras<\/p>\n<p>L\u00e5t agera kort<\/p>\n<p>Torka av med en ren, torr mikrofiberduk<\/p>\n<p>V\u00e4nd trasan till en torr, ren sida och polera<\/p>\n<p>Upprepa f\u00f6r envis smuts<\/p>\n<p><img decoding=\"async\" src=\"https:\/\/streetpower-rekond.se\/newsite\/img\/cms\/Faro%20Symboler\/flamme.gif\" alt=\"\" width=\"90\" height=\"90\" title=\"\"><\/p>\n<p>P101: Om medicinsk r\u00e5dgivning kr\u00e4vs, ha beh\u00e5llare eller etikett till hands.<\/p>\n<p>P102: F\u00f6rvaras utom r\u00e4ckh\u00e5ll f\u00f6r barn.<\/p>\n<p>P103: L\u00e4s etiketten f\u00f6re anv\u00e4ndning.<\/p>\n<p>F\u00f6rsiktighets\u00e5tg\u00e4rder:<\/p>\n<p>P210: F\u00f6rvaras \u00e5tskilt fr\u00e5n v\u00e4rme, heta ytor, gnistor, \u00f6ppen l\u00e5ga och andra typer av ant\u00e4ndningsk\u00e4llor. R\u00f6k inte.<\/p>\n<p>P211: Spraya inte mot \u00f6ppen l\u00e5ga eller annan ant\u00e4ndningsk\u00e4lla.<\/p>\n<p>P251: F\u00e5r inte punktera eller br\u00e4nna, inte ens efter anv\u00e4ndning.<\/p>\n<p>Fysiska faror:<\/p>\n<p>H222: Extremt brandfarlig aerosol.<\/p>\n<p>H229: Beh\u00e5llaren \u00e4r trycksatt: Kan spricka vid upphettning.<\/p>\n<p>F\u00f6rvaringsinstruktioner:<\/p>\n<p>P410+P412: Skydda mot solljus och uts\u00e4tt inte f\u00f6r temperaturer \u00f6ver 50\u00b0C.<\/p>\n","protected":false},"excerpt":{"rendered":"<p>Liquid Elements Active Glass Foam ger en snabb, enkel, r\u00e4nderfri reng\u00f6ring p\u00e5 sl\u00e4ta ytor och glas med sin starka vidh\u00e4ftning och aktiva formel. \u00c4ven med envis smuts som insektsrester, r\u00e4nder och v\u00e4gsmuts. Active Glass Foam \u00e4r ocks\u00e5 skonsamt mot lack, gummi och alla plastdelar. Tack vare sin effektivitet erbjuder Active Glass Foam ett s\u00e4rskilt kostnadseffektivt s\u00e4tt att professionellt reng\u00f6ra dina f\u00f6nster och andra sl\u00e4ta ytor.5<\/p>\n","protected":false},"featured_media":21085,"comment_status":"open","ping_status":"closed","template":"","meta":[],"etheme_brands":[],"product_brand":[],"product_cat":[231],"product_tag":[],"class_list":{"0":"post-21084","1":"product","2":"type-product","3":"status-publish","4":"has-post-thumbnail","6":"product_cat-glasrengoering","8":"first","9":"instock","10":"taxable","11":"shipping-taxable","12":"purchasable","13":"product-type-simple"},"_links":{"self":[{"href":"https:\/\/streetpower-rekond.se\/newsite\/sv\/wp-json\/wp\/v2\/product\/21084","targetHints":{"allow":["GET"]}}],"collection":[{"href":"https:\/\/streetpower-rekond.se\/newsite\/sv\/wp-json\/wp\/v2\/product"}],"about":[{"href":"https:\/\/streetpower-rekond.se\/newsite\/sv\/wp-json\/wp\/v2\/types\/product"}],"replies":[{"embeddable":true,"href":"https:\/\/streetpower-rekond.se\/newsite\/sv\/wp-json\/wp\/v2\/comments?post=21084"}],"version-history":[{"count":0,"href":"https:\/\/streetpower-rekond.se\/newsite\/sv\/wp-json\/wp\/v2\/product\/21084\/revisions"}],"wp:featuredmedia":[{"embeddable":true,"href":"https:\/\/streetpower-rekond.se\/newsite\/sv\/wp-json\/wp\/v2\/media\/21085"}],"wp:attachment":[{"href":"https:\/\/streetpower-rekond.se\/newsite\/sv\/wp-json\/wp\/v2\/media?parent=21084"}],"wp:term":[{"taxonomy":"brand","embeddable":true,"href":"https:\/\/streetpower-rekond.se\/newsite\/sv\/wp-json\/wp\/v2\/etheme_brands?post=21084"},{"taxonomy":"product_brand","embeddable":true,"href":"https:\/\/streetpower-rekond.se\/newsite\/sv\/wp-json\/wp\/v2\/product_brand?post=21084"},{"taxonomy":"product_cat","embeddable":true,"href":"https:\/\/streetpower-rekond.se\/newsite\/sv\/wp-json\/wp\/v2\/product_cat?post=21084"},{"taxonomy":"product_tag","embeddable":true,"href":"https:\/\/streetpower-rekond.se\/newsite\/sv\/wp-json\/wp\/v2\/product_tag?post=21084"}],"curies":[{"name":"wp","href":"https:\/\/api.w.org\/{rel}","templated":true}]}}