{"id":21062,"date":"2025-01-01T12:13:03","date_gmt":"2025-01-01T12:13:03","guid":{"rendered":"https:\/\/streetpower-rekond.se\/newsite\/product\/le-40x40cm-600gsm\/"},"modified":"2025-01-12T03:07:28","modified_gmt":"2025-01-12T03:07:28","slug":"le-40x40cm-600gsm","status":"publish","type":"product","link":"https:\/\/streetpower-rekond.se\/newsite\/sv\/product\/le-40x40cm-600gsm\/","title":{"rendered":"LE 40x40cm 600gsm"},"content":{"rendered":"<div>Fluffigt professionell kvalitet med l\u00e5ng livsl\u00e4ngd<\/div>\n<div>h\u00f6g lugg och f\u00f6r tillf\u00f6rlitlig intag av restprodukter<\/div>\n<div>enast\u00e5ende h\u00f6gblank finish<\/div>\n<div>silikonfri<\/div>\n<div><\/div>\n","protected":false},"excerpt":{"rendered":"<div>Satin kant somt \u00e4r skonsam mot lacken.<\/div>\n<div><\/div>\n","protected":false},"featured_media":21063,"comment_status":"open","ping_status":"closed","template":"","meta":[],"etheme_brands":[],"product_brand":[],"product_cat":[219],"product_tag":[],"class_list":{"0":"post-21062","1":"product","2":"type-product","3":"status-publish","4":"has-post-thumbnail","6":"product_cat-mikrofiberdukar","8":"first","9":"instock","10":"taxable","11":"shipping-taxable","12":"purchasable","13":"product-type-simple"},"_links":{"self":[{"href":"https:\/\/streetpower-rekond.se\/newsite\/sv\/wp-json\/wp\/v2\/product\/21062","targetHints":{"allow":["GET"]}}],"collection":[{"href":"https:\/\/streetpower-rekond.se\/newsite\/sv\/wp-json\/wp\/v2\/product"}],"about":[{"href":"https:\/\/streetpower-rekond.se\/newsite\/sv\/wp-json\/wp\/v2\/types\/product"}],"replies":[{"embeddable":true,"href":"https:\/\/streetpower-rekond.se\/newsite\/sv\/wp-json\/wp\/v2\/comments?post=21062"}],"version-history":[{"count":0,"href":"https:\/\/streetpower-rekond.se\/newsite\/sv\/wp-json\/wp\/v2\/product\/21062\/revisions"}],"wp:featuredmedia":[{"embeddable":true,"href":"https:\/\/streetpower-rekond.se\/newsite\/sv\/wp-json\/wp\/v2\/media\/21063"}],"wp:attachment":[{"href":"https:\/\/streetpower-rekond.se\/newsite\/sv\/wp-json\/wp\/v2\/media?parent=21062"}],"wp:term":[{"taxonomy":"brand","embeddable":true,"href":"https:\/\/streetpower-rekond.se\/newsite\/sv\/wp-json\/wp\/v2\/etheme_brands?post=21062"},{"taxonomy":"product_brand","embeddable":true,"href":"https:\/\/streetpower-rekond.se\/newsite\/sv\/wp-json\/wp\/v2\/product_brand?post=21062"},{"taxonomy":"product_cat","embeddable":true,"href":"https:\/\/streetpower-rekond.se\/newsite\/sv\/wp-json\/wp\/v2\/product_cat?post=21062"},{"taxonomy":"product_tag","embeddable":true,"href":"https:\/\/streetpower-rekond.se\/newsite\/sv\/wp-json\/wp\/v2\/product_tag?post=21062"}],"curies":[{"name":"wp","href":"https:\/\/api.w.org\/{rel}","templated":true}]}}