{"id":21046,"date":"2025-01-01T12:11:20","date_gmt":"2025-01-01T12:11:20","guid":{"rendered":"https:\/\/streetpower-rekond.se\/newsite\/product\/super-wash-green-5l\/"},"modified":"2025-01-11T16:10:21","modified_gmt":"2025-01-11T16:10:21","slug":"super-wash-green-5l","status":"publish","type":"product","link":"https:\/\/streetpower-rekond.se\/newsite\/sv\/product\/super-wash-green-5l\/","title":{"rendered":"Super Wash Green 5L"},"content":{"rendered":"<p><strong>Egenskaper<\/strong><\/p>\n<p>\u2013 Koncentrat, mycket effektivt och ekonomiskt.<\/p>\n<p>\u2013 Alkaliskt reng\u00f6ringsmedel f\u00f6r alla tv\u00e4ttbara ytor.<\/p>\n<p>\u2013 L\u00e4mpligt f\u00f6r anv\u00e4ndning ombord p\u00e5 b\u00e5t\/offshore d\u00e5 produkten kan blandas med saltvatten.<\/p>\n<p><strong>Bruksanvisning<\/strong><\/p>\n<p>L\u00e4mpligt f\u00f6r h\u00f6gtrycks- borst- och automattv\u00e4tt, men kan \u00e4ven<\/p>\n<p>anv\u00e4ndas f\u00f6r manuell reng\u00f6ring. L\u00f6ser upp och transporterar bort<\/p>\n<p>f\u00f6roreningar.<\/p>\n<p>Super Wash Green \u00e4r h\u00f6gkoncentrerat och ska blandas ut med<\/p>\n<p>vatten efter temperatur och grad av smuts.<\/p>\n<p>L\u00e5t inte produkten torka in p\u00e5 ytan.<\/p>\n<p>Dosering<\/p>\n<p>Personbil 1:10 \u2013 1:50<\/p>\n<p>Lastbil\/t\u00e5g\/tunnelbanet\u00e5g 1:5 \u2013 1:25<\/p>\n<p>Anl\u00e4ggningsmaskiner 1:5 \u2013 1:20<\/p>\n<p>Industritv\u00e4tt 1:5 \u2013 1:25<\/p>\n<p>Anv\u00e4nd varmt vatten f\u00f6r b\u00e4sta resultat. Var f\u00f6rsiktig med m\u00e5lade, lackerade och aluminiumytor<\/p>\n","protected":false},"excerpt":{"rendered":"<p>Super Wash Green anv\u00e4nts f\u00f6r reng\u00f6ring av t\u00e5g, tunnelbanet\u00e5g, lastbilar, truckar, kapell, containrar, traktorer, lantbruksmaskiner, gr\u00e4v- och v\u00e4gmaskiner etc. \u00c4ven l\u00e4mpligt f\u00f6r reng\u00f6ring vid brandsanering, samt f\u00f6r reng\u00f6ring och avfettning av maskiner, transportband, metaller och i lantbruk.<\/p>\n","protected":false},"featured_media":21047,"comment_status":"open","ping_status":"closed","template":"","meta":[],"etheme_brands":[],"product_brand":[],"product_cat":[256],"product_tag":[],"class_list":{"0":"post-21046","1":"product","2":"type-product","3":"status-publish","4":"has-post-thumbnail","6":"product_cat-alkalisk-avfettning","8":"first","9":"instock","10":"taxable","11":"shipping-taxable","12":"purchasable","13":"product-type-simple"},"_links":{"self":[{"href":"https:\/\/streetpower-rekond.se\/newsite\/sv\/wp-json\/wp\/v2\/product\/21046","targetHints":{"allow":["GET"]}}],"collection":[{"href":"https:\/\/streetpower-rekond.se\/newsite\/sv\/wp-json\/wp\/v2\/product"}],"about":[{"href":"https:\/\/streetpower-rekond.se\/newsite\/sv\/wp-json\/wp\/v2\/types\/product"}],"replies":[{"embeddable":true,"href":"https:\/\/streetpower-rekond.se\/newsite\/sv\/wp-json\/wp\/v2\/comments?post=21046"}],"version-history":[{"count":0,"href":"https:\/\/streetpower-rekond.se\/newsite\/sv\/wp-json\/wp\/v2\/product\/21046\/revisions"}],"wp:featuredmedia":[{"embeddable":true,"href":"https:\/\/streetpower-rekond.se\/newsite\/sv\/wp-json\/wp\/v2\/media\/21047"}],"wp:attachment":[{"href":"https:\/\/streetpower-rekond.se\/newsite\/sv\/wp-json\/wp\/v2\/media?parent=21046"}],"wp:term":[{"taxonomy":"brand","embeddable":true,"href":"https:\/\/streetpower-rekond.se\/newsite\/sv\/wp-json\/wp\/v2\/etheme_brands?post=21046"},{"taxonomy":"product_brand","embeddable":true,"href":"https:\/\/streetpower-rekond.se\/newsite\/sv\/wp-json\/wp\/v2\/product_brand?post=21046"},{"taxonomy":"product_cat","embeddable":true,"href":"https:\/\/streetpower-rekond.se\/newsite\/sv\/wp-json\/wp\/v2\/product_cat?post=21046"},{"taxonomy":"product_tag","embeddable":true,"href":"https:\/\/streetpower-rekond.se\/newsite\/sv\/wp-json\/wp\/v2\/product_tag?post=21046"}],"curies":[{"name":"wp","href":"https:\/\/api.w.org\/{rel}","templated":true}]}}