{"id":21034,"date":"2025-01-01T12:10:49","date_gmt":"2025-01-01T12:10:49","guid":{"rendered":"https:\/\/streetpower-rekond.se\/newsite\/product\/purple-vinylcare-liquid-500-ml\/"},"modified":"2025-05-06T07:58:42","modified_gmt":"2025-05-06T07:58:42","slug":"purple-vinylcare-liquid-500-ml","status":"publish","type":"product","link":"https:\/\/streetpower-rekond.se\/newsite\/sv\/product\/purple-vinylcare-liquid-500-ml\/","title":{"rendered":"PURPLE Vinylcare liquid 500 ml"},"content":{"rendered":"<p>Mycket aktiva polymerer s\u00e4kerst\u00e4lla en varaktig halvmatt glans<\/p>\n<p>Torkar snabbt utan kladd<br \/>\nL\u00e4mnar ingen fet eller hal film<br \/>\nVattenbaserad produkt, som ger en bra reng\u00f6rande effekt, \u00e4r helt utan silikon.<br \/>\nL\u00e5ng livsl\u00e4ngd p\u00e5 alla ytor, utm\u00e4rkt p\u00e5 l\u00e4ders\u00e4ten och har en frisk doft.<br \/>\nBra reng\u00f6ringseffekt<br \/>\nJobba in produkten med appliceringssvamp och l\u00e5t den torka<\/p>\n<p><span style=\"color: #d0121a;\"><strong>Klassificering av \u00e4mnet eller blandningen<\/strong><\/span> Blandningen \u00e4r inte klassificerad som farlig enligt direktiv 1999\/45\/EG.<\/p>\n","protected":false},"excerpt":{"rendered":"<p>PURPLE har s\u00e4rskilt utformats f\u00f6r att erbjuda optimal v\u00e5rd och skydd av alla ytor som finns i bilinredningar.<\/p>\n","protected":false},"featured_media":21036,"comment_status":"open","ping_status":"closed","template":"","meta":[],"etheme_brands":[],"product_brand":[],"product_cat":[221],"product_tag":[],"class_list":{"0":"post-21034","1":"product","2":"type-product","3":"status-publish","4":"has-post-thumbnail","6":"product_cat-plast-vinyl","8":"first","9":"instock","10":"taxable","11":"shipping-taxable","12":"purchasable","13":"product-type-simple"},"_links":{"self":[{"href":"https:\/\/streetpower-rekond.se\/newsite\/sv\/wp-json\/wp\/v2\/product\/21034","targetHints":{"allow":["GET"]}}],"collection":[{"href":"https:\/\/streetpower-rekond.se\/newsite\/sv\/wp-json\/wp\/v2\/product"}],"about":[{"href":"https:\/\/streetpower-rekond.se\/newsite\/sv\/wp-json\/wp\/v2\/types\/product"}],"replies":[{"embeddable":true,"href":"https:\/\/streetpower-rekond.se\/newsite\/sv\/wp-json\/wp\/v2\/comments?post=21034"}],"version-history":[{"count":0,"href":"https:\/\/streetpower-rekond.se\/newsite\/sv\/wp-json\/wp\/v2\/product\/21034\/revisions"}],"wp:featuredmedia":[{"embeddable":true,"href":"https:\/\/streetpower-rekond.se\/newsite\/sv\/wp-json\/wp\/v2\/media\/21036"}],"wp:attachment":[{"href":"https:\/\/streetpower-rekond.se\/newsite\/sv\/wp-json\/wp\/v2\/media?parent=21034"}],"wp:term":[{"taxonomy":"brand","embeddable":true,"href":"https:\/\/streetpower-rekond.se\/newsite\/sv\/wp-json\/wp\/v2\/etheme_brands?post=21034"},{"taxonomy":"product_brand","embeddable":true,"href":"https:\/\/streetpower-rekond.se\/newsite\/sv\/wp-json\/wp\/v2\/product_brand?post=21034"},{"taxonomy":"product_cat","embeddable":true,"href":"https:\/\/streetpower-rekond.se\/newsite\/sv\/wp-json\/wp\/v2\/product_cat?post=21034"},{"taxonomy":"product_tag","embeddable":true,"href":"https:\/\/streetpower-rekond.se\/newsite\/sv\/wp-json\/wp\/v2\/product_tag?post=21034"}],"curies":[{"name":"wp","href":"https:\/\/api.w.org\/{rel}","templated":true}]}}