{"id":21033,"date":"2025-01-01T12:10:48","date_gmt":"2025-01-01T12:10:48","guid":{"rendered":"https:\/\/streetpower-rekond.se\/newsite\/product\/decon-one-pre-cleaner-iron-remover-1l\/"},"modified":"2025-01-12T15:36:33","modified_gmt":"2025-01-12T15:36:33","slug":"decon-one-pre-cleaner-iron-remover-1l","status":"publish","type":"product","link":"https:\/\/streetpower-rekond.se\/newsite\/sv\/product\/decon-one-pre-cleaner-iron-remover-1l\/","title":{"rendered":"Decon One Pre-Cleaner Iron Remover 1L"},"content":{"rendered":"<p>Kraftfull reng\u00f6ringsformel<\/p>\n<p>Vapen f\u00f6r alla \u00e4ndam\u00e5l f\u00f6r alla omr\u00e5den<\/p>\n<p>Tar bort olja, tj\u00e4ra, j\u00e4rn, lera och all annan smuts<\/p>\n<p>Skonsam mot material<\/p>\n<p>PH neutral<\/p>\n<p>Skaka f\u00f6rst ordentligt<\/p>\n<p>Spraya p\u00e5 ytan<\/p>\n<p>L\u00e5t det sitta i ca 1-2 minuter<\/p>\n<p>Ta bort lossad smuts med en h\u00f6gtryckstv\u00e4tt<\/p>\n<p>Applicera inte p\u00e5 varma ytor<\/p>\n<p>L\u00e5t inte Decon One Pre-Cleaner \u00a0torka in p\u00e5 ytan.<\/p>\n","protected":false},"excerpt":{"rendered":"<p>Decon One \u00e4r det optimala allsidiga vapnet f\u00f6r fordonsunderh\u00e5ll.<\/p>\n","protected":false},"featured_media":21035,"comment_status":"open","ping_status":"closed","template":"","meta":[],"etheme_brands":[],"product_brand":[],"product_cat":[239],"product_tag":[],"class_list":{"0":"post-21033","1":"product","2":"type-product","3":"status-publish","4":"has-post-thumbnail","6":"product_cat-flygrostloesare","8":"first","9":"instock","10":"taxable","11":"shipping-taxable","12":"purchasable","13":"product-type-simple"},"_links":{"self":[{"href":"https:\/\/streetpower-rekond.se\/newsite\/sv\/wp-json\/wp\/v2\/product\/21033","targetHints":{"allow":["GET"]}}],"collection":[{"href":"https:\/\/streetpower-rekond.se\/newsite\/sv\/wp-json\/wp\/v2\/product"}],"about":[{"href":"https:\/\/streetpower-rekond.se\/newsite\/sv\/wp-json\/wp\/v2\/types\/product"}],"replies":[{"embeddable":true,"href":"https:\/\/streetpower-rekond.se\/newsite\/sv\/wp-json\/wp\/v2\/comments?post=21033"}],"version-history":[{"count":0,"href":"https:\/\/streetpower-rekond.se\/newsite\/sv\/wp-json\/wp\/v2\/product\/21033\/revisions"}],"wp:featuredmedia":[{"embeddable":true,"href":"https:\/\/streetpower-rekond.se\/newsite\/sv\/wp-json\/wp\/v2\/media\/21035"}],"wp:attachment":[{"href":"https:\/\/streetpower-rekond.se\/newsite\/sv\/wp-json\/wp\/v2\/media?parent=21033"}],"wp:term":[{"taxonomy":"brand","embeddable":true,"href":"https:\/\/streetpower-rekond.se\/newsite\/sv\/wp-json\/wp\/v2\/etheme_brands?post=21033"},{"taxonomy":"product_brand","embeddable":true,"href":"https:\/\/streetpower-rekond.se\/newsite\/sv\/wp-json\/wp\/v2\/product_brand?post=21033"},{"taxonomy":"product_cat","embeddable":true,"href":"https:\/\/streetpower-rekond.se\/newsite\/sv\/wp-json\/wp\/v2\/product_cat?post=21033"},{"taxonomy":"product_tag","embeddable":true,"href":"https:\/\/streetpower-rekond.se\/newsite\/sv\/wp-json\/wp\/v2\/product_tag?post=21033"}],"curies":[{"name":"wp","href":"https:\/\/api.w.org\/{rel}","templated":true}]}}