{"id":21007,"date":"2025-01-01T12:09:37","date_gmt":"2025-01-01T12:09:37","guid":{"rendered":"https:\/\/streetpower-rekond.se\/newsite\/product\/s30-premium-swirl-remover-250g\/"},"modified":"2025-05-06T14:13:43","modified_gmt":"2025-05-06T14:13:43","slug":"s30-premium-swirl-remover-250g","status":"publish","type":"product","link":"https:\/\/streetpower-rekond.se\/newsite\/sv\/product\/s30-premium-swirl-remover-250g\/","title":{"rendered":"S30+ PREMIUM SWIRL REMOVER 250g"},"content":{"rendered":"<p><span style=\"font-family: Helvetica; font-size: 12px;\">Tack vare den unika formuleringen som \u00e4r baserad p\u00e5 en mikrofin, h\u00f6g renhet av aluminiumoxidpulver, kan l\u00e4tta repo, m\u00e5ttliga defekter och slitage i klarlacken, liksom virvelm\u00e4rken och hologram fr\u00e5n tidigare poleringar, elimineras enkelt och effektivt i bara ett enda steg. V\u00e5r formula som g\u00f6r ytan l\u00e4tt att reng\u00f6ra efter polering ger de b\u00e4sta bearbetningsegenskaperna p\u00e5 konventionella och repbest\u00e4ndiga f\u00e4rgytor. Den lysande spegelliknande glansen i denna premium-compound kommer att \u00f6vertyga dig. S30 + kan i det allra flesta fall anv\u00e4ndas med alla SCHOLL-polertrissor. F\u00f6r b\u00e4sta resultat rekommenderar vi att du anv\u00e4nder den universella orange poleringstrissan eller NEO SpiderPad. Anv\u00e4ndning av den extra mjuka svarta dynan rekommenderas inte! S30 + kan anv\u00e4ndas med s\u00e5v\u00e4l roterande som oscillerande polermaskiner.<\/span><\/p>\n<p><span style=\"font-family: Helvetica; font-size: 12px;\"><span style=\"color: #d0121a;\"><strong>Klassificering av \u00e4mnet eller blandningen:<\/strong><\/span>\u00a0Blandningen \u00e4r inte klassificerad som farlig enligt direktiv 1999\/45\/EG.<\/span><\/p>\n","protected":false},"excerpt":{"rendered":"<p>High Performance Compound S30 + garanterar en perfekt finish p\u00e5 m\u00f6rk f\u00e4rg.<\/p>\n<p>Tack vare den unika formuleringen som \u00e4r baserad p\u00e5 en mikrofin, h\u00f6g renhet av aluminiumoxidpulver, kan l\u00e4tta repor, m\u00e5ttliga defekter och slitage i klarlacken, liksom virvelm\u00e4rken och hologram fr\u00e5n tidigare poleringar, elimineras enkelt och effektivt i bara ett enda steg<\/p>\n","protected":false},"featured_media":21008,"comment_status":"open","ping_status":"closed","template":"","meta":[],"etheme_brands":[{"term_id":403,"name":"Scholl Concept","slug":"scholl-concept","term_group":0,"term_taxonomy_id":403,"taxonomy":"brand","description":"","parent":0,"count":34,"filter":"raw"}],"product_brand":[423],"product_cat":[214],"product_tag":[],"class_list":{"0":"post-21007","1":"product","2":"type-product","3":"status-publish","4":"has-post-thumbnail","6":"brand-scholl-concept","7":"product_brand-scholl-concept","8":"product_cat-polermedel","10":"first","11":"instock","12":"taxable","13":"shipping-taxable","14":"purchasable","15":"product-type-simple"},"_links":{"self":[{"href":"https:\/\/streetpower-rekond.se\/newsite\/sv\/wp-json\/wp\/v2\/product\/21007","targetHints":{"allow":["GET"]}}],"collection":[{"href":"https:\/\/streetpower-rekond.se\/newsite\/sv\/wp-json\/wp\/v2\/product"}],"about":[{"href":"https:\/\/streetpower-rekond.se\/newsite\/sv\/wp-json\/wp\/v2\/types\/product"}],"replies":[{"embeddable":true,"href":"https:\/\/streetpower-rekond.se\/newsite\/sv\/wp-json\/wp\/v2\/comments?post=21007"}],"version-history":[{"count":1,"href":"https:\/\/streetpower-rekond.se\/newsite\/sv\/wp-json\/wp\/v2\/product\/21007\/revisions"}],"predecessor-version":[{"id":23431,"href":"https:\/\/streetpower-rekond.se\/newsite\/sv\/wp-json\/wp\/v2\/product\/21007\/revisions\/23431"}],"wp:featuredmedia":[{"embeddable":true,"href":"https:\/\/streetpower-rekond.se\/newsite\/sv\/wp-json\/wp\/v2\/media\/21008"}],"wp:attachment":[{"href":"https:\/\/streetpower-rekond.se\/newsite\/sv\/wp-json\/wp\/v2\/media?parent=21007"}],"wp:term":[{"taxonomy":"brand","embeddable":true,"href":"https:\/\/streetpower-rekond.se\/newsite\/sv\/wp-json\/wp\/v2\/etheme_brands?post=21007"},{"taxonomy":"product_brand","embeddable":true,"href":"https:\/\/streetpower-rekond.se\/newsite\/sv\/wp-json\/wp\/v2\/product_brand?post=21007"},{"taxonomy":"product_cat","embeddable":true,"href":"https:\/\/streetpower-rekond.se\/newsite\/sv\/wp-json\/wp\/v2\/product_cat?post=21007"},{"taxonomy":"product_tag","embeddable":true,"href":"https:\/\/streetpower-rekond.se\/newsite\/sv\/wp-json\/wp\/v2\/product_tag?post=21007"}],"curies":[{"name":"wp","href":"https:\/\/api.w.org\/{rel}","templated":true}]}}