{"id":20999,"date":"2025-01-01T12:09:00","date_gmt":"2025-01-01T12:09:00","guid":{"rendered":"https:\/\/streetpower-rekond.se\/newsite\/product\/shock2cut-500g\/"},"modified":"2025-05-06T10:30:56","modified_gmt":"2025-05-06T10:30:56","slug":"shock2cut-500g","status":"publish","type":"product","link":"https:\/\/streetpower-rekond.se\/newsite\/sv\/product\/shock2cut-500g\/","title":{"rendered":"Scholl Concepts Shock2Cut 500g"},"content":{"rendered":"<p>Shock2Cut, Scholl concepts extraordin\u00e4ra High Performance Cutting Compound som \u00e4r speciellt utformad f\u00f6r lackbehandling p\u00e5 f\u00e4rska och slitna lacker! Tack vare den enast\u00e5ende och extrema avverkningen samt den \u00f6verl\u00e4gsna h\u00f6gglans-kapaciteten klarar den \u00e4ven de djupaste och sv\u00e5raste lackdefekterna p\u00e5 n\u00e5gra sekunder!<\/p>\n<p>ANV\u00c4NDNING:<br \/>\nShock2Cut High Performance Cutting Compound kan anv\u00e4ndas p\u00e5 roterande och da-oscillerande h\u00f6geffektiva polermaskiner. F\u00f6r b\u00e4sta resultat rekommenderar vi anv\u00e4ndning av v\u00e5r innovativa Sandwich-SpiderPad vit, SpiderPad navy-bl\u00e5 samt Ecofix Pad orange. Shock2Cut &#8211; den mest aggressiva High Gloss Compound vi n\u00e5gonsin har utvecklat!<\/p>\n<h4>Sandwich Spider Pad B\/W<\/h4>\n<p>F\u00f6r grova repor med roterande maskin.<\/p>\n<p><img decoding=\"async\" src=\"https:\/\/streetpower-rekond.se\/newsite\/img\/cms\/Scholl%20Pads\/ArtN_20363_SpiderPad_sw_Size_M.jpg\" alt=\"\" width=\"200\" height=\"135\" title=\"\"><\/p>\n<h3>Navy Blue SpiderPad<\/h3>\n<p>F\u00f6r grova repor med\u00a0oscillerande maskin.<\/p>\n<p><img decoding=\"async\" src=\"https:\/\/streetpower-rekond.se\/newsite\/img\/cms\/Scholl%20Pads\/ArtN_20373_SpiderPad_NavyBlue_Size_M.jpg\" alt=\"\" width=\"200\" height=\"135\" title=\"\"><\/p>\n<h3 class=\"page-heading product-listing\"><span class=\"cat-name\">\u00a0ECOFIX\u00a0<\/span>Pad medium orange<\/h3>\n<p>F\u00f6r medium repor med\u00a0oscillerande maskin.<\/p>\n<p><img fetchpriority=\"high\" decoding=\"async\" src=\"https:\/\/streetpower-rekond.se\/newsite\/img\/cms\/Scholl%20Pads\/PadOrange.jpg\" alt=\"\" width=\"200\" height=\"283\" title=\"\"><\/p>\n<p><span style=\"color: #d0121a;\"><strong>Klassificering av \u00e4mnet eller blandningen F\u00f6rordning (EG) nr 1272\/2008<\/strong><\/span><\/p>\n<p>Blandningen \u00e4r inte klassificerad som farlig i meningen av f\u00f6rordningen (EG) nr 1272\/2008.<\/p>\n","protected":false},"excerpt":{"rendered":"<p>Shock Cut, High Performance Cutting Compound f\u00f6r att avl\u00e4gsna de djupaste och mest allvarliga lackdefekterna.<\/p>\n","protected":false},"featured_media":23419,"comment_status":"open","ping_status":"closed","template":"","meta":[],"etheme_brands":[{"term_id":403,"name":"Scholl Concept","slug":"scholl-concept","term_group":0,"term_taxonomy_id":403,"taxonomy":"brand","description":"","parent":0,"count":34,"filter":"raw"}],"product_brand":[423],"product_cat":[214],"product_tag":[],"class_list":{"0":"post-20999","1":"product","2":"type-product","3":"status-publish","4":"has-post-thumbnail","6":"brand-scholl-concept","7":"product_brand-scholl-concept","8":"product_cat-polermedel","10":"first","11":"instock","12":"taxable","13":"shipping-taxable","14":"purchasable","15":"product-type-simple"},"_links":{"self":[{"href":"https:\/\/streetpower-rekond.se\/newsite\/sv\/wp-json\/wp\/v2\/product\/20999","targetHints":{"allow":["GET"]}}],"collection":[{"href":"https:\/\/streetpower-rekond.se\/newsite\/sv\/wp-json\/wp\/v2\/product"}],"about":[{"href":"https:\/\/streetpower-rekond.se\/newsite\/sv\/wp-json\/wp\/v2\/types\/product"}],"replies":[{"embeddable":true,"href":"https:\/\/streetpower-rekond.se\/newsite\/sv\/wp-json\/wp\/v2\/comments?post=20999"}],"version-history":[{"count":2,"href":"https:\/\/streetpower-rekond.se\/newsite\/sv\/wp-json\/wp\/v2\/product\/20999\/revisions"}],"predecessor-version":[{"id":23420,"href":"https:\/\/streetpower-rekond.se\/newsite\/sv\/wp-json\/wp\/v2\/product\/20999\/revisions\/23420"}],"wp:featuredmedia":[{"embeddable":true,"href":"https:\/\/streetpower-rekond.se\/newsite\/sv\/wp-json\/wp\/v2\/media\/23419"}],"wp:attachment":[{"href":"https:\/\/streetpower-rekond.se\/newsite\/sv\/wp-json\/wp\/v2\/media?parent=20999"}],"wp:term":[{"taxonomy":"brand","embeddable":true,"href":"https:\/\/streetpower-rekond.se\/newsite\/sv\/wp-json\/wp\/v2\/etheme_brands?post=20999"},{"taxonomy":"product_brand","embeddable":true,"href":"https:\/\/streetpower-rekond.se\/newsite\/sv\/wp-json\/wp\/v2\/product_brand?post=20999"},{"taxonomy":"product_cat","embeddable":true,"href":"https:\/\/streetpower-rekond.se\/newsite\/sv\/wp-json\/wp\/v2\/product_cat?post=20999"},{"taxonomy":"product_tag","embeddable":true,"href":"https:\/\/streetpower-rekond.se\/newsite\/sv\/wp-json\/wp\/v2\/product_tag?post=20999"}],"curies":[{"name":"wp","href":"https:\/\/api.w.org\/{rel}","templated":true}]}}