{"id":20979,"date":"2025-01-01T12:06:40","date_gmt":"2025-01-01T12:06:40","guid":{"rendered":"https:\/\/streetpower-rekond.se\/newsite\/product\/mini-pet-hair-detailer\/"},"modified":"2025-01-19T07:28:43","modified_gmt":"2025-01-19T07:28:43","slug":"mini-pet-hair-detailer","status":"publish","type":"product","link":"https:\/\/streetpower-rekond.se\/newsite\/sv\/product\/mini-pet-hair-detailer\/","title":{"rendered":"Mini Pet Hair Detailer"},"content":{"rendered":"<p>Sk\u00f6tselr\u00e5d:<\/p>\n<p>F\u00f6r att bibeh\u00e5lla optimal reng\u00f6ringseffekt, sk\u00f6lj d\u00e5 och d\u00e5 av bladen med l\u00e4tt tv\u00e5l och vatten under och efter anv\u00e4ndning.<\/p>\n","protected":false},"excerpt":{"rendered":"<p>Lyft och ta bort \u00e4ven det mest djupt inb\u00e4ddade djurh\u00e5r fr\u00e5n mattor, tyger och kl\u00e4der.<\/p>\n","protected":false},"featured_media":22069,"comment_status":"open","ping_status":"closed","template":"","meta":[],"etheme_brands":[],"product_brand":[],"product_cat":[253],"product_tag":[],"class_list":{"0":"post-20979","1":"product","2":"type-product","3":"status-publish","4":"has-post-thumbnail","6":"product_cat-rengoring","8":"first","9":"instock","10":"taxable","11":"shipping-taxable","12":"purchasable","13":"product-type-simple"},"_links":{"self":[{"href":"https:\/\/streetpower-rekond.se\/newsite\/sv\/wp-json\/wp\/v2\/product\/20979","targetHints":{"allow":["GET"]}}],"collection":[{"href":"https:\/\/streetpower-rekond.se\/newsite\/sv\/wp-json\/wp\/v2\/product"}],"about":[{"href":"https:\/\/streetpower-rekond.se\/newsite\/sv\/wp-json\/wp\/v2\/types\/product"}],"replies":[{"embeddable":true,"href":"https:\/\/streetpower-rekond.se\/newsite\/sv\/wp-json\/wp\/v2\/comments?post=20979"}],"version-history":[{"count":0,"href":"https:\/\/streetpower-rekond.se\/newsite\/sv\/wp-json\/wp\/v2\/product\/20979\/revisions"}],"wp:featuredmedia":[{"embeddable":true,"href":"https:\/\/streetpower-rekond.se\/newsite\/sv\/wp-json\/wp\/v2\/media\/22069"}],"wp:attachment":[{"href":"https:\/\/streetpower-rekond.se\/newsite\/sv\/wp-json\/wp\/v2\/media?parent=20979"}],"wp:term":[{"taxonomy":"brand","embeddable":true,"href":"https:\/\/streetpower-rekond.se\/newsite\/sv\/wp-json\/wp\/v2\/etheme_brands?post=20979"},{"taxonomy":"product_brand","embeddable":true,"href":"https:\/\/streetpower-rekond.se\/newsite\/sv\/wp-json\/wp\/v2\/product_brand?post=20979"},{"taxonomy":"product_cat","embeddable":true,"href":"https:\/\/streetpower-rekond.se\/newsite\/sv\/wp-json\/wp\/v2\/product_cat?post=20979"},{"taxonomy":"product_tag","embeddable":true,"href":"https:\/\/streetpower-rekond.se\/newsite\/sv\/wp-json\/wp\/v2\/product_tag?post=20979"}],"curies":[{"name":"wp","href":"https:\/\/api.w.org\/{rel}","templated":true}]}}